{"id":184947,"date":"2026-03-29T18:36:37","date_gmt":"2026-03-29T18:36:37","guid":{"rendered":"https:\/\/modesthanim.com\/product\/kisa-kurk-kaban-siyah-2\/"},"modified":"2026-03-29T19:06:44","modified_gmt":"2026-03-29T19:06:44","slug":"kisa-kurk-kaban-siyah-2","status":"publish","type":"product","link":"https:\/\/mod.wisdar.net\/tr\/urun\/kisa-kurk-kaban-siyah-2\/","title":{"rendered":"K\u0131sa K\u00fcrk Kaban Siyah"},"content":{"rendered":"<p>Premium k\u00fcrk kuma\u015ftan, astarl\u0131, uzun kollu, k\u0131sa kaban<\/p>\n<p>\u00dcr\u00fcn \u0130\u00e7eri\u011fi: % 100 Polyester<\/p>\n","protected":false},"excerpt":{"rendered":"<p>Premium k\u00fcrk kuma\u015ftan, astarl\u0131, uzun kollu, k\u0131sa kaban \u00dcr\u00fcn \u0130\u00e7eri\u011fi: % 100 Polyester<\/p>\n","protected":false},"featured_media":184929,"comment_status":"open","ping_status":"closed","template":"","meta":[],"product_brand":[],"product_cat":[2047],"product_tag":[],"class_list":{"0":"post-184947","1":"product","2":"type-product","3":"status-publish","4":"has-post-thumbnail","6":"product_cat-paltolar","7":"pa_brand-fahhar","8":"pa_color-siyah","9":"pa_size-1-36-38","10":"pa_size-2-40-42","12":"first","13":"instock","14":"sale","15":"shipping-taxable","16":"purchasable","17":"product-type-variable"},"_links":{"self":[{"href":"https:\/\/mod.wisdar.net\/tr\/wp-json\/wp\/v2\/product\/184947","targetHints":{"allow":["GET"]}}],"collection":[{"href":"https:\/\/mod.wisdar.net\/tr\/wp-json\/wp\/v2\/product"}],"about":[{"href":"https:\/\/mod.wisdar.net\/tr\/wp-json\/wp\/v2\/types\/product"}],"replies":[{"embeddable":true,"href":"https:\/\/mod.wisdar.net\/tr\/wp-json\/wp\/v2\/comments?post=184947"}],"wp:featuredmedia":[{"embeddable":true,"href":"https:\/\/mod.wisdar.net\/tr\/wp-json\/wp\/v2\/media\/184929"}],"wp:attachment":[{"href":"https:\/\/mod.wisdar.net\/tr\/wp-json\/wp\/v2\/media?parent=184947"}],"wp:term":[{"taxonomy":"product_brand","embeddable":true,"href":"https:\/\/mod.wisdar.net\/tr\/wp-json\/wp\/v2\/product_brand?post=184947"},{"taxonomy":"product_cat","embeddable":true,"href":"https:\/\/mod.wisdar.net\/tr\/wp-json\/wp\/v2\/product_cat?post=184947"},{"taxonomy":"product_tag","embeddable":true,"href":"https:\/\/mod.wisdar.net\/tr\/wp-json\/wp\/v2\/product_tag?post=184947"}],"curies":[{"name":"wp","href":"https:\/\/api.w.org\/{rel}","templated":true}]}}