{"id":184982,"date":"2026-03-29T18:38:12","date_gmt":"2026-03-29T18:38:12","guid":{"rendered":"https:\/\/modesthanim.com\/product\/ness-croco-oval-canta-siyah\/"},"modified":"2026-03-29T19:07:18","modified_gmt":"2026-03-29T19:07:18","slug":"ness-croco-oval-canta-siyah","status":"publish","type":"product","link":"https:\/\/mod.wisdar.net\/tr\/urun\/ness-croco-oval-canta-siyah\/","title":{"rendered":"Ness Croco Oval \u00c7anta Siyah"},"content":{"rendered":"<p>Mini, \u00e7ift sapl\u0131, \u00e7\u0131kar\u0131labilir deri ask\u0131l\u0131, \u00e7apraz kullan\u0131m (bandolera) i\u015flevli, m\u0131knat\u0131s kapamal\u0131, croco derinden tote \u00e7anta<\/p>\n","protected":false},"excerpt":{"rendered":"<p>Mini, \u00e7ift sapl\u0131, \u00e7\u0131kar\u0131labilir deri ask\u0131l\u0131, \u00e7apraz kullan\u0131m (bandolera) i\u015flevli, m\u0131knat\u0131s kapamal\u0131, croco derinden tote \u00e7anta<\/p>\n","protected":false},"featured_media":184971,"comment_status":"open","ping_status":"closed","template":"","meta":[],"product_brand":[],"product_cat":[6960,6957],"product_tag":[],"class_list":{"0":"post-184982","1":"product","2":"type-product","3":"status-publish","4":"has-post-thumbnail","6":"product_cat-cantalar","7":"product_cat-cantalar-el-cantalari","8":"pa_brand-fahhar","9":"pa_color-siyah","10":"pa_size-standart","12":"first","13":"instock","14":"sale","15":"shipping-taxable","16":"purchasable","17":"product-type-variable"},"_links":{"self":[{"href":"https:\/\/mod.wisdar.net\/tr\/wp-json\/wp\/v2\/product\/184982","targetHints":{"allow":["GET"]}}],"collection":[{"href":"https:\/\/mod.wisdar.net\/tr\/wp-json\/wp\/v2\/product"}],"about":[{"href":"https:\/\/mod.wisdar.net\/tr\/wp-json\/wp\/v2\/types\/product"}],"replies":[{"embeddable":true,"href":"https:\/\/mod.wisdar.net\/tr\/wp-json\/wp\/v2\/comments?post=184982"}],"wp:featuredmedia":[{"embeddable":true,"href":"https:\/\/mod.wisdar.net\/tr\/wp-json\/wp\/v2\/media\/184971"}],"wp:attachment":[{"href":"https:\/\/mod.wisdar.net\/tr\/wp-json\/wp\/v2\/media?parent=184982"}],"wp:term":[{"taxonomy":"product_brand","embeddable":true,"href":"https:\/\/mod.wisdar.net\/tr\/wp-json\/wp\/v2\/product_brand?post=184982"},{"taxonomy":"product_cat","embeddable":true,"href":"https:\/\/mod.wisdar.net\/tr\/wp-json\/wp\/v2\/product_cat?post=184982"},{"taxonomy":"product_tag","embeddable":true,"href":"https:\/\/mod.wisdar.net\/tr\/wp-json\/wp\/v2\/product_tag?post=184982"}],"curies":[{"name":"wp","href":"https:\/\/api.w.org\/{rel}","templated":true}]}}