{"id":185016,"date":"2026-03-29T18:39:35","date_gmt":"2026-03-29T18:39:35","guid":{"rendered":"https:\/\/modesthanim.com\/product\/vany-genis-city-canta-bordo\/"},"modified":"2026-03-29T19:07:17","modified_gmt":"2026-03-29T19:07:17","slug":"vany-genis-city-canta-bordo","status":"publish","type":"product","link":"https:\/\/mod.wisdar.net\/tr\/urun\/vany-genis-city-canta-bordo\/","title":{"rendered":"Vany Geni\u015f City \u00c7anta Bordo"},"content":{"rendered":"<p>Oval hatl\u0131, \u00e7atlak efektli deriden \u00fcretilmi\u015f, kenarlar\u0131 ince kemer detayl\u0131, fermuar kapamal\u0131, geni\u015f omuz \u00e7antas\u0131.<\/p>\n","protected":false},"excerpt":{"rendered":"<p>Oval hatl\u0131, \u00e7atlak efektli deriden \u00fcretilmi\u015f, kenarlar\u0131 ince kemer detayl\u0131, fermuar kapamal\u0131, geni\u015f omuz \u00e7antas\u0131.<\/p>\n","protected":false},"featured_media":185011,"comment_status":"open","ping_status":"closed","template":"","meta":[],"product_brand":[],"product_cat":[6960,6957],"product_tag":[],"class_list":{"0":"post-185016","1":"product","2":"type-product","3":"status-publish","4":"has-post-thumbnail","6":"product_cat-cantalar","7":"product_cat-cantalar-el-cantalari","8":"pa_brand-fahhar","9":"pa_color-bordo","10":"pa_size-standart","12":"first","13":"instock","14":"sale","15":"shipping-taxable","16":"purchasable","17":"product-type-variable"},"_links":{"self":[{"href":"https:\/\/mod.wisdar.net\/tr\/wp-json\/wp\/v2\/product\/185016","targetHints":{"allow":["GET"]}}],"collection":[{"href":"https:\/\/mod.wisdar.net\/tr\/wp-json\/wp\/v2\/product"}],"about":[{"href":"https:\/\/mod.wisdar.net\/tr\/wp-json\/wp\/v2\/types\/product"}],"replies":[{"embeddable":true,"href":"https:\/\/mod.wisdar.net\/tr\/wp-json\/wp\/v2\/comments?post=185016"}],"wp:featuredmedia":[{"embeddable":true,"href":"https:\/\/mod.wisdar.net\/tr\/wp-json\/wp\/v2\/media\/185011"}],"wp:attachment":[{"href":"https:\/\/mod.wisdar.net\/tr\/wp-json\/wp\/v2\/media?parent=185016"}],"wp:term":[{"taxonomy":"product_brand","embeddable":true,"href":"https:\/\/mod.wisdar.net\/tr\/wp-json\/wp\/v2\/product_brand?post=185016"},{"taxonomy":"product_cat","embeddable":true,"href":"https:\/\/mod.wisdar.net\/tr\/wp-json\/wp\/v2\/product_cat?post=185016"},{"taxonomy":"product_tag","embeddable":true,"href":"https:\/\/mod.wisdar.net\/tr\/wp-json\/wp\/v2\/product_tag?post=185016"}],"curies":[{"name":"wp","href":"https:\/\/api.w.org\/{rel}","templated":true}]}}