{"id":185038,"date":"2026-03-29T18:40:23","date_gmt":"2026-03-29T18:40:23","guid":{"rendered":"https:\/\/modesthanim.com\/product\/vany-genis-city-canta-kahverengi\/"},"modified":"2026-03-29T19:08:23","modified_gmt":"2026-03-29T19:08:23","slug":"vany-genis-city-canta-kahverengi","status":"publish","type":"product","link":"https:\/\/mod.wisdar.net\/tr\/urun\/vany-genis-city-canta-kahverengi\/","title":{"rendered":"Vany Geni\u015f City \u00c7anta Kahverengi"},"content":{"rendered":"<p>Oval hatl\u0131, \u00e7atlak efektli deriden, kenarlar\u0131 ince kemer detayl\u0131, fermuar kapamal\u0131, geni\u015f omuz \u00e7antas\u0131.<\/p>\n","protected":false},"excerpt":{"rendered":"<p>Oval hatl\u0131, \u00e7atlak efektli deriden, kenarlar\u0131 ince kemer detayl\u0131, fermuar kapamal\u0131, geni\u015f omuz \u00e7antas\u0131.<\/p>\n","protected":false},"featured_media":185033,"comment_status":"open","ping_status":"closed","template":"","meta":[],"product_brand":[],"product_cat":[6960,6957],"product_tag":[7285,7087,7035,6980],"class_list":{"0":"post-185038","1":"product","2":"type-product","3":"status-publish","4":"has-post-thumbnail","6":"product_cat-cantalar","7":"product_cat-cantalar-el-cantalari","8":"product_tag-deri-canta","9":"product_tag-kahverengi-canta","10":"product_tag-moda-canta","11":"product_tag-omuz-cantasi","12":"pa_brand-fahhar","13":"pa_color-kahverengi","14":"pa_size-standart","16":"first","17":"instock","18":"sale","19":"shipping-taxable","20":"purchasable","21":"product-type-variable"},"_links":{"self":[{"href":"https:\/\/mod.wisdar.net\/tr\/wp-json\/wp\/v2\/product\/185038","targetHints":{"allow":["GET"]}}],"collection":[{"href":"https:\/\/mod.wisdar.net\/tr\/wp-json\/wp\/v2\/product"}],"about":[{"href":"https:\/\/mod.wisdar.net\/tr\/wp-json\/wp\/v2\/types\/product"}],"replies":[{"embeddable":true,"href":"https:\/\/mod.wisdar.net\/tr\/wp-json\/wp\/v2\/comments?post=185038"}],"wp:featuredmedia":[{"embeddable":true,"href":"https:\/\/mod.wisdar.net\/tr\/wp-json\/wp\/v2\/media\/185033"}],"wp:attachment":[{"href":"https:\/\/mod.wisdar.net\/tr\/wp-json\/wp\/v2\/media?parent=185038"}],"wp:term":[{"taxonomy":"product_brand","embeddable":true,"href":"https:\/\/mod.wisdar.net\/tr\/wp-json\/wp\/v2\/product_brand?post=185038"},{"taxonomy":"product_cat","embeddable":true,"href":"https:\/\/mod.wisdar.net\/tr\/wp-json\/wp\/v2\/product_cat?post=185038"},{"taxonomy":"product_tag","embeddable":true,"href":"https:\/\/mod.wisdar.net\/tr\/wp-json\/wp\/v2\/product_tag?post=185038"}],"curies":[{"name":"wp","href":"https:\/\/api.w.org\/{rel}","templated":true}]}}