{"id":185087,"date":"2026-03-29T18:41:27","date_gmt":"2026-03-29T18:41:27","guid":{"rendered":"https:\/\/modesthanim.com\/product\/ruzgarlikli-elbise-orman-yesili\/"},"modified":"2026-03-29T19:09:09","modified_gmt":"2026-03-29T19:09:09","slug":"ruzgarlikli-elbise-orman-yesili","status":"publish","type":"product","link":"https:\/\/mod.wisdar.net\/tr\/urun\/ruzgarlikli-elbise-orman-yesili\/","title":{"rendered":"R\u00fczgarl\u0131kl\u0131 Elbise Orman Ye\u015fili"},"content":{"rendered":"<p>%85 Rayon ve %15 Poliamid kar\u0131\u015f\u0131ml\u0131 kuma\u015ftan \u00fcretilmi\u015ftir. Bu \u00fcr\u00fcnde kullan\u0131lan Rayon iplik, genellikle kay\u0131n, okalipt\u00fcs ve bambu a\u011fa\u00e7lar\u0131ndan elde edilir. Do\u011fal sel\u00fclozdan elde edilen yumu\u015fak dokusu ve zarif d\u00f6k\u00fcml\u00fcl\u00fc\u011f\u00fcyle dikkat \u00e7eker. Kuma\u015fa ipeksi bir his ve nefes alabilirlik kazand\u0131r\u0131r. Kuma\u015f kar\u0131\u015f\u0131m\u0131na %20 oran\u0131nda ekletti\u011fimiz Poliamid ise kuma\u015fa ekstra dayan\u0131kl\u0131l\u0131k, daha az buru\u015fma ve hafif bir parlakl\u0131k kazand\u0131rmaktad\u0131r.<br \/>\n\u00dcr\u00fcn \u00f6l\u00e7\u00fcleri a\u015fa\u011f\u0131da mevcttur, sevdi\u011finiz bir elbisenin \u00f6l\u00e7\u00fcleriyle kar\u015f\u0131la\u015ft\u0131rarak en do\u011fru tercihi yapabilirsiniz.<br \/>\nBoy: 134 cm (\u00dcr\u00fcn boyu \u00fcretimler aras\u0131 1-5 cm de\u011fi\u015febilir.)<\/p>\n<p>Kal\u0131p Bilgisi:<br \/>\nG\u00f6\u011f\u00fcs Basen Pazu<br \/>\n36 Beden: 128 cm 130 cm 46 cm<br \/>\n38 Beden: 132 cm 134 cm 48 cm<br \/>\n40 Beden: 136 cm 138 cm 50 cm<br \/>\n42 Beden: 140 cm 142 cm 52 cm<\/p>\n<p>Manken \u00d6l\u00e7\u00fcleri:<br \/>\nBoy: 176 cm<br \/>\nG\u00f6\u011f\u00fcs: 80 cm<br \/>\nBel: 60 cm<br \/>\nBasen: 90 cm<br \/>\nMankenin \u00dczerindeki Beden: 36<\/p>\n","protected":false},"excerpt":{"rendered":"<p>%85 Rayon ve %15 Poliamid kar\u0131\u015f\u0131ml\u0131 kuma\u015ftan \u00fcretilmi\u015ftir. Bu \u00fcr\u00fcnde kullan\u0131lan Rayon iplik, genellikle kay\u0131n, okalipt\u00fcs ve bambu a\u011fa\u00e7lar\u0131ndan elde edilir. Do\u011fal sel\u00fclozdan elde edilen yumu\u015fak dokusu ve zarif d\u00f6k\u00fcml\u00fcl\u00fc\u011f\u00fcyle dikkat \u00e7eker. Kuma\u015fa ipeksi bir his ve nefes alabilirlik kazand\u0131r\u0131r. Kuma\u015f kar\u0131\u015f\u0131m\u0131na %20 oran\u0131nda ekletti\u011fimiz Poliamid ise kuma\u015fa ekstra dayan\u0131kl\u0131l\u0131k, daha az buru\u015fma ve hafif [&hellip;]<\/p>\n","protected":false},"featured_media":185077,"comment_status":"open","ping_status":"closed","template":"","meta":[],"product_brand":[],"product_cat":[6249,1933],"product_tag":[3340,6717,12059,6716,12060,6208],"class_list":{"0":"post-185087","1":"product","2":"type-product","3":"status-publish","4":"has-post-thumbnail","6":"product_cat-elbiseler","7":"product_cat-gunluk-ve-gunduz-elbiseleri","8":"product_tag-breathable-fabric","9":"product_tag-elegant-drape","10":"product_tag-forest-green-dress","11":"product_tag-rayon-blend","12":"product_tag-slit-dress","13":"product_tag-sustainable-fashion","14":"pa_brand-he-qa","15":"pa_color-orman-yesili","16":"pa_size-4701","17":"pa_size-4706","18":"pa_size-4711","19":"pa_size-4713","21":"first","22":"instock","23":"sale","24":"shipping-taxable","25":"purchasable","26":"product-type-variable"},"_links":{"self":[{"href":"https:\/\/mod.wisdar.net\/tr\/wp-json\/wp\/v2\/product\/185087","targetHints":{"allow":["GET"]}}],"collection":[{"href":"https:\/\/mod.wisdar.net\/tr\/wp-json\/wp\/v2\/product"}],"about":[{"href":"https:\/\/mod.wisdar.net\/tr\/wp-json\/wp\/v2\/types\/product"}],"replies":[{"embeddable":true,"href":"https:\/\/mod.wisdar.net\/tr\/wp-json\/wp\/v2\/comments?post=185087"}],"wp:featuredmedia":[{"embeddable":true,"href":"https:\/\/mod.wisdar.net\/tr\/wp-json\/wp\/v2\/media\/185077"}],"wp:attachment":[{"href":"https:\/\/mod.wisdar.net\/tr\/wp-json\/wp\/v2\/media?parent=185087"}],"wp:term":[{"taxonomy":"product_brand","embeddable":true,"href":"https:\/\/mod.wisdar.net\/tr\/wp-json\/wp\/v2\/product_brand?post=185087"},{"taxonomy":"product_cat","embeddable":true,"href":"https:\/\/mod.wisdar.net\/tr\/wp-json\/wp\/v2\/product_cat?post=185087"},{"taxonomy":"product_tag","embeddable":true,"href":"https:\/\/mod.wisdar.net\/tr\/wp-json\/wp\/v2\/product_tag?post=185087"}],"curies":[{"name":"wp","href":"https:\/\/api.w.org\/{rel}","templated":true}]}}