{"id":185094,"date":"2026-03-29T18:41:36","date_gmt":"2026-03-29T18:41:36","guid":{"rendered":"https:\/\/modesthanim.com\/product\/onluklu-koyu-kahverengi-elbise\/"},"modified":"2026-03-29T19:07:58","modified_gmt":"2026-03-29T19:07:58","slug":"onluklu-koyu-kahverengi-elbise","status":"publish","type":"product","link":"https:\/\/mod.wisdar.net\/tr\/urun\/onluklu-koyu-kahverengi-elbise\/","title":{"rendered":"\u00d6nl\u00fckl\u00fc Koyu Kahverengi Elbise"},"content":{"rendered":"<p>%85 rayon ve %15 poliamid kuma\u015f kar\u0131\u015f\u0131m\u0131ndan \u00fcretilmi\u015ftir. Bu \u00fcr\u00fcnde kullan\u0131lan rayon ipli\u011fi genellikle kay\u0131n, okalipt\u00fcs veya bambu a\u011fa\u00e7lar\u0131ndan elde edilir. Do\u011fal sel\u00fcloz bazl\u0131 olan rayon, yumu\u015fak dokusu ve zarif d\u00f6k\u00fcm\u00fc ile bilinir, kuma\u015fa ipeksi bir his ve nefes alabilirlik kazand\u0131r\u0131r. Kar\u0131\u015f\u0131ma eklenen %20 naylon, kuma\u015f\u0131n dayan\u0131kl\u0131l\u0131\u011f\u0131n\u0131 art\u0131r\u0131r, buru\u015fmay\u0131 azalt\u0131r ve hafif bir parlakl\u0131k sa\u011flar.<\/p>\n<p>\u00dcr\u00fcn \u00f6l\u00e7\u00fcleri a\u015fa\u011f\u0131da verilmi\u015ftir. En do\u011fru se\u00e7imi yapmak i\u00e7in, zaten sevdi\u011finiz bir elbisenin \u00f6l\u00e7\u00fcleriyle kar\u015f\u0131la\u015ft\u0131rabilirsiniz.<br \/>\nUzunluk: 134 cm (\u00dcr\u00fcn uzunlu\u011fu, \u00fcretim partileri aras\u0131nda 1-5 cm farkl\u0131l\u0131k g\u00f6sterebilir.)<\/p>\n<p>Beden Tablosu:<br \/>\nG\u00f6\u011f\u00fcs<br \/>\nKal\u00e7a<br \/>\nPaz\u0131<\/p>\n<p>Beden 36:<br \/>\n128 cm<br \/>\n130 cm<br \/>\n46 cm<\/p>\n<p>Beden 38:<br \/>\n132 cm<br \/>\n134 cm<br \/>\n48 cm<\/p>\n<p>Beden 40:<br \/>\n136 cm<br \/>\n138 cm<br \/>\n50 cm<\/p>\n<p>Beden 42:<br \/>\n140 cm<br \/>\n142 cm<br \/>\n52 cm<\/p>\n<p>Modelin \u00d6l\u00e7\u00fcleri:<br \/>\nBoy: 176 cm<br \/>\nG\u00f6\u011f\u00fcs: 80 cm<br \/>\nBel: 60 cm<br \/>\nKal\u00e7a: 90 cm<br \/>\nModelin Giydi\u011fi Beden: 36<\/p>\n","protected":false},"excerpt":{"rendered":"<p>%85 rayon ve %15 poliamid kuma\u015f kar\u0131\u015f\u0131m\u0131ndan \u00fcretilmi\u015ftir. Bu \u00fcr\u00fcnde kullan\u0131lan rayon ipli\u011fi genellikle kay\u0131n, okalipt\u00fcs veya bambu a\u011fa\u00e7lar\u0131ndan elde edilir. Do\u011fal sel\u00fcloz bazl\u0131 olan rayon, yumu\u015fak dokusu ve zarif d\u00f6k\u00fcm\u00fc ile bilinir, kuma\u015fa ipeksi bir his ve nefes alabilirlik kazand\u0131r\u0131r. Kar\u0131\u015f\u0131ma eklenen %20 naylon, kuma\u015f\u0131n dayan\u0131kl\u0131l\u0131\u011f\u0131n\u0131 art\u0131r\u0131r, buru\u015fmay\u0131 azalt\u0131r ve hafif bir parlakl\u0131k sa\u011flar. [&hellip;]<\/p>\n","protected":false},"featured_media":185079,"comment_status":"open","ping_status":"closed","template":"","meta":[],"product_brand":[],"product_cat":[6249,1933],"product_tag":[],"class_list":{"0":"post-185094","1":"product","2":"type-product","3":"status-publish","4":"has-post-thumbnail","6":"product_cat-elbiseler","7":"product_cat-gunluk-ve-gunduz-elbiseleri","8":"pa_brand-he-qa","9":"pa_color-aci-kahve-1","10":"pa_size-4701","11":"pa_size-4706","12":"pa_size-4711","13":"pa_size-4713","15":"first","16":"instock","17":"sale","18":"shipping-taxable","19":"purchasable","20":"product-type-variable"},"_links":{"self":[{"href":"https:\/\/mod.wisdar.net\/tr\/wp-json\/wp\/v2\/product\/185094","targetHints":{"allow":["GET"]}}],"collection":[{"href":"https:\/\/mod.wisdar.net\/tr\/wp-json\/wp\/v2\/product"}],"about":[{"href":"https:\/\/mod.wisdar.net\/tr\/wp-json\/wp\/v2\/types\/product"}],"replies":[{"embeddable":true,"href":"https:\/\/mod.wisdar.net\/tr\/wp-json\/wp\/v2\/comments?post=185094"}],"wp:featuredmedia":[{"embeddable":true,"href":"https:\/\/mod.wisdar.net\/tr\/wp-json\/wp\/v2\/media\/185079"}],"wp:attachment":[{"href":"https:\/\/mod.wisdar.net\/tr\/wp-json\/wp\/v2\/media?parent=185094"}],"wp:term":[{"taxonomy":"product_brand","embeddable":true,"href":"https:\/\/mod.wisdar.net\/tr\/wp-json\/wp\/v2\/product_brand?post=185094"},{"taxonomy":"product_cat","embeddable":true,"href":"https:\/\/mod.wisdar.net\/tr\/wp-json\/wp\/v2\/product_cat?post=185094"},{"taxonomy":"product_tag","embeddable":true,"href":"https:\/\/mod.wisdar.net\/tr\/wp-json\/wp\/v2\/product_tag?post=185094"}],"curies":[{"name":"wp","href":"https:\/\/api.w.org\/{rel}","templated":true}]}}