{"id":185233,"date":"2026-03-29T18:47:17","date_gmt":"2026-03-29T18:47:17","guid":{"rendered":"https:\/\/modesthanim.com\/product\/yuksek-yaka-tracksuit-kum-aci-kahve\/"},"modified":"2026-04-12T03:21:52","modified_gmt":"2026-04-12T03:21:52","slug":"yuksek-yaka-tracksuit-kum-aci-kahve","status":"publish","type":"product","link":"https:\/\/mod.wisdar.net\/tr\/urun\/yuksek-yaka-tracksuit-kum-aci-kahve\/","title":{"rendered":"Y\u00fcksek Yaka Tracksuit Kum Ac\u0131 Kahve"},"content":{"rendered":"<p>%79 poliamid ve %21 elastan kar\u0131\u015f\u0131m\u0131ndan \u00fcretilen bu y\u00fcksek yakal\u0131 tracksuit seti, nefes alabilen ve dayan\u0131kl\u0131 kuma\u015f yap\u0131s\u0131 sayesinde uzun \u00f6m\u00fcrl\u00fc kullan\u0131m sa\u011flar. Elastan i\u00e7eri\u011fi hareket \u00f6zg\u00fcrl\u00fc\u011f\u00fc sunarken, bol kesimi ve y\u00fcksek yaka tasar\u0131m\u0131 hem sportif hem de g\u00fcnl\u00fck \u015f\u0131kl\u0131\u011f\u0131 bir arada sunar. G\u00fcndelik ve rahat kombinasyonlar i\u00e7in ideal bir se\u00e7imdir.<br \/>\nUyum Bilgisi: Rahat bir bol kesimdir; kendi bedeninizi se\u00e7ebilirsiniz.<br \/>\nBak\u0131m Talimatlar\u0131: En fazla 30\u00b0C&#8217;de hassas y\u0131kay\u0131n. \u00c7ama\u015f\u0131r suyu kullanmay\u0131n. D\u00fc\u015f\u00fck \u0131s\u0131da \u00fct\u00fcleyin veya kuru temizleme yap\u0131n.<br \/>\n\u00dcst \u00d6l\u00e7\u00fcler: Uzunluk: 73 cm (\u00dcr\u00fcn uzunlu\u011fu \u00fcretim partileri aras\u0131nda 1-5 cm de\u011fi\u015fiklik g\u00f6sterebilir.)<\/p>\n<p>Beden Tablosu:<br \/>\nG\u00f6\u011f\u00fcs Kol Pazu<br \/>\nBeden 36: 144 cm 49 cm 52 cm<br \/>\nBeden 38: 148 cm 49 cm 53 cm<br \/>\nBeden 40: 152 cm 50 cm 54 cm<br \/>\nBeden 42: 156 cm 50 cm 55 cm<\/p>\n<p>Pantolon \u00d6l\u00e7\u00fcleri: Uzunluk: 112 cm (\u00dcr\u00fcn uzunlu\u011fu \u00fcretim partileri aras\u0131nda 1-3 cm de\u011fi\u015fiklik g\u00f6sterebilir.)<\/p>\n<p>Beden Tablosu:<br \/>\nBel Kal\u00e7a<br \/>\nBeden 36: 68 cm 110 cm<br \/>\nBeden 38: 72 cm 114 cm<br \/>\nBeden 40: 76 cm 118 cm<br \/>\nBeden 42: 80 cm 122 cm<\/p>\n<p>Modelin \u00d6l\u00e7\u00fcleri: Boy: 176 cm G\u00f6\u011f\u00fcs: 80 cm Bel: 60 cm Kal\u00e7a: 90 cm Modelin Giyimi: Beden 36<\/p>\n","protected":false},"excerpt":{"rendered":"<p>%79 poliamid ve %21 elastan kar\u0131\u015f\u0131m\u0131ndan \u00fcretilen bu y\u00fcksek yakal\u0131 tracksuit seti, nefes alabilen ve dayan\u0131kl\u0131 kuma\u015f yap\u0131s\u0131 sayesinde uzun \u00f6m\u00fcrl\u00fc kullan\u0131m sa\u011flar. Elastan i\u00e7eri\u011fi hareket \u00f6zg\u00fcrl\u00fc\u011f\u00fc sunarken, bol kesimi ve y\u00fcksek yaka tasar\u0131m\u0131 hem sportif hem de g\u00fcnl\u00fck \u015f\u0131kl\u0131\u011f\u0131 bir arada sunar. G\u00fcndelik ve rahat kombinasyonlar i\u00e7in ideal bir se\u00e7imdir. Uyum Bilgisi: Rahat bir [&hellip;]<\/p>\n","protected":false},"featured_media":185226,"comment_status":"open","ping_status":"closed","template":"","meta":[],"product_brand":[],"product_cat":[1900],"product_tag":[],"class_list":{"0":"post-185233","1":"product","2":"type-product","3":"status-publish","4":"has-post-thumbnail","6":"product_cat-koordinatlar-setler","7":"pa_brand-he-qa","8":"pa_color-aci-kahve-1","9":"pa_size-4701","10":"pa_size-4706","11":"pa_size-4711","12":"pa_size-4713","14":"first","15":"outofstock","16":"shipping-taxable","17":"product-type-variable"},"_links":{"self":[{"href":"https:\/\/mod.wisdar.net\/tr\/wp-json\/wp\/v2\/product\/185233","targetHints":{"allow":["GET"]}}],"collection":[{"href":"https:\/\/mod.wisdar.net\/tr\/wp-json\/wp\/v2\/product"}],"about":[{"href":"https:\/\/mod.wisdar.net\/tr\/wp-json\/wp\/v2\/types\/product"}],"replies":[{"embeddable":true,"href":"https:\/\/mod.wisdar.net\/tr\/wp-json\/wp\/v2\/comments?post=185233"}],"wp:featuredmedia":[{"embeddable":true,"href":"https:\/\/mod.wisdar.net\/tr\/wp-json\/wp\/v2\/media\/185226"}],"wp:attachment":[{"href":"https:\/\/mod.wisdar.net\/tr\/wp-json\/wp\/v2\/media?parent=185233"}],"wp:term":[{"taxonomy":"product_brand","embeddable":true,"href":"https:\/\/mod.wisdar.net\/tr\/wp-json\/wp\/v2\/product_brand?post=185233"},{"taxonomy":"product_cat","embeddable":true,"href":"https:\/\/mod.wisdar.net\/tr\/wp-json\/wp\/v2\/product_cat?post=185233"},{"taxonomy":"product_tag","embeddable":true,"href":"https:\/\/mod.wisdar.net\/tr\/wp-json\/wp\/v2\/product_tag?post=185233"}],"curies":[{"name":"wp","href":"https:\/\/api.w.org\/{rel}","templated":true}]}}