{"id":185246,"date":"2026-03-29T18:47:50","date_gmt":"2026-03-29T18:47:50","guid":{"rendered":"https:\/\/modesthanim.com\/product\/bitter-kahve-rengi-dikis-detayli-gomlek\/"},"modified":"2026-04-15T22:37:17","modified_gmt":"2026-04-15T22:37:17","slug":"bitter-kahve-rengi-dikis-detayli-gomlek","status":"publish","type":"product","link":"https:\/\/mod.wisdar.net\/tr\/urun\/bitter-kahve-rengi-dikis-detayli-gomlek\/","title":{"rendered":"Bitter Kahve Rengi Diki\u015f Detayl\u0131 G\u00f6mlek"},"content":{"rendered":"<p>%89 Tencel ve %11 PES kar\u0131\u015f\u0131m\u0131ndan \u00fcretilen bu diki\u015f detayl\u0131 g\u00f6mlek, Tencel sayesinde yumu\u015fak, p\u00fcr\u00fczs\u00fcz ve nefes alabilen bir doku sunar. Do\u011fal nem y\u00f6netimi \u00f6zellikleriyle g\u00fcn boyu konfor sa\u011flar ve cilt dostu bir his b\u0131rak\u0131r. %11 polyester (PES) i\u00e7eri\u011fi g\u00f6mle\u011fe dayan\u0131kl\u0131l\u0131k, buru\u015fmazl\u0131k ve \u015fekil tutma \u00f6zellikleri kazand\u0131r\u0131r. Diki\u015f detay\u0131 tasar\u0131ma modern ve \u015f\u0131k bir dokunu\u015f ekleyerek g\u00fcnl\u00fck veya i\u015f kombinasyonlar\u0131nda kolayca tercih edilmesini sa\u011flar.<\/p>\n<p>Uyum bilgisi: Standart kesimdir; kendi bedeninizi se\u00e7ebilirsiniz.<br \/>\nBak\u0131m talimatlar\u0131: En fazla 30\u00b0C&#8217;de hassas y\u0131kama. \u00c7ama\u015f\u0131r suyu kullanmay\u0131n. D\u00fc\u015f\u00fck \u0131s\u0131da \u00fct\u00fcleyin veya kuru temizleme yap\u0131n.<br \/>\nUzunluk: 80 cm (\u00dcr\u00fcn uzunlu\u011fu \u00fcretim partileri aras\u0131nda 1-5 cm farkl\u0131l\u0131k g\u00f6sterebilir.)<\/p>\n<p>Beden Tablosu:<br \/>\nG\u00f6\u011f\u00fcs Kol Pazu<br \/>\nS Beden: 144 cm 53 cm 44 cm<br \/>\nM Beden: 148 cm 53 cm 45 cm<br \/>\nL Beden: 152 cm 53 cm 46 cm<\/p>\n<p>Modelin \u00d6l\u00e7\u00fcleri: Boy: 176 cm G\u00f6\u011f\u00fcs: 80 cm Bel: 60 cm Kal\u00e7a: 90 cm Modelin Giydi\u011fi Beden: S<\/p>\n","protected":false},"excerpt":{"rendered":"<p>%89 Tencel ve %11 PES kar\u0131\u015f\u0131m\u0131ndan \u00fcretilen bu diki\u015f detayl\u0131 g\u00f6mlek, Tencel sayesinde yumu\u015fak, p\u00fcr\u00fczs\u00fcz ve nefes alabilen bir doku sunar. Do\u011fal nem y\u00f6netimi \u00f6zellikleriyle g\u00fcn boyu konfor sa\u011flar ve cilt dostu bir his b\u0131rak\u0131r. %11 polyester (PES) i\u00e7eri\u011fi g\u00f6mle\u011fe dayan\u0131kl\u0131l\u0131k, buru\u015fmazl\u0131k ve \u015fekil tutma \u00f6zellikleri kazand\u0131r\u0131r. Diki\u015f detay\u0131 tasar\u0131ma modern ve \u015f\u0131k bir dokunu\u015f [&hellip;]<\/p>\n","protected":false},"featured_media":185238,"comment_status":"open","ping_status":"closed","template":"","meta":[],"product_brand":[],"product_cat":[1909],"product_tag":[],"class_list":{"0":"post-185246","1":"product","2":"type-product","3":"status-publish","4":"has-post-thumbnail","6":"product_cat-bluzlar-ve-gomlekler","7":"pa_brand-he-qa","8":"pa_color-aci-kahve-1","9":"pa_size-l","10":"pa_size-m","11":"pa_size-s","13":"first","14":"instock","15":"sale","16":"shipping-taxable","17":"purchasable","18":"product-type-variable"},"_links":{"self":[{"href":"https:\/\/mod.wisdar.net\/tr\/wp-json\/wp\/v2\/product\/185246","targetHints":{"allow":["GET"]}}],"collection":[{"href":"https:\/\/mod.wisdar.net\/tr\/wp-json\/wp\/v2\/product"}],"about":[{"href":"https:\/\/mod.wisdar.net\/tr\/wp-json\/wp\/v2\/types\/product"}],"replies":[{"embeddable":true,"href":"https:\/\/mod.wisdar.net\/tr\/wp-json\/wp\/v2\/comments?post=185246"}],"wp:featuredmedia":[{"embeddable":true,"href":"https:\/\/mod.wisdar.net\/tr\/wp-json\/wp\/v2\/media\/185238"}],"wp:attachment":[{"href":"https:\/\/mod.wisdar.net\/tr\/wp-json\/wp\/v2\/media?parent=185246"}],"wp:term":[{"taxonomy":"product_brand","embeddable":true,"href":"https:\/\/mod.wisdar.net\/tr\/wp-json\/wp\/v2\/product_brand?post=185246"},{"taxonomy":"product_cat","embeddable":true,"href":"https:\/\/mod.wisdar.net\/tr\/wp-json\/wp\/v2\/product_cat?post=185246"},{"taxonomy":"product_tag","embeddable":true,"href":"https:\/\/mod.wisdar.net\/tr\/wp-json\/wp\/v2\/product_tag?post=185246"}],"curies":[{"name":"wp","href":"https:\/\/api.w.org\/{rel}","templated":true}]}}