{"id":185293,"date":"2026-03-29T18:50:40","date_gmt":"2026-03-29T18:50:40","guid":{"rendered":"https:\/\/modesthanim.com\/product\/pintuck-detayli-bej-midi-pantolon\/"},"modified":"2026-04-04T23:14:16","modified_gmt":"2026-04-04T23:14:16","slug":"pintuck-detayli-bej-midi-pantolon","status":"publish","type":"product","link":"https:\/\/mod.wisdar.net\/tr\/urun\/pintuck-detayli-bej-midi-pantolon\/","title":{"rendered":"Pintuck Detayl\u0131 Bej Midi Pantolon"},"content":{"rendered":"<p>\u00c7ift kuma\u015ftan \u00fcretilen pantolonlar\u0131m\u0131z, gard\u0131robunuzun vazge\u00e7ilmez par\u00e7alar\u0131 olacak zamans\u0131z tasar\u0131mlard\u0131r. \u00c7ift kuma\u015flar %100 polyester olsa da, nefes alabilen yap\u0131lar\u0131, buru\u015fmaz dokular\u0131 ve \u00fct\u00fc gerektirmeyen biti\u015fleri ile g\u00fcnl\u00fck kullan\u0131mda maksimum konfor sa\u011flarlar. Geleneksel polyester alg\u0131s\u0131n\u0131n aksine, modern teknoloji ile \u00fcretilen \u00e7ift kuma\u015flar hafif, dayan\u0131kl\u0131 ve uzun \u00f6m\u00fcrl\u00fcd\u00fcr. \u00d6zellikle pantolon ve eteklerde tercih edilirler \u00e7\u00fcnk\u00fc g\u00fcn boyu formunu korurken hareket \u00f6zg\u00fcrl\u00fc\u011f\u00fc sa\u011flarlar.<\/p>\n<p>Kabar\u0131k detayl\u0131 midi pantolonlar ger\u00e7ek bedene uyum sa\u011flar. Normal bedeninizi se\u00e7menizi \u00f6neririz. A\u015fa\u011f\u0131da \u00f6l\u00e7\u00fc detaylar\u0131 verilmi\u015ftir, m\u00fckemmel uyumu sa\u011flamak i\u00e7in sevdi\u011finiz bir pantolonun \u00f6l\u00e7\u00fcleri ile kar\u015f\u0131la\u015ft\u0131rabilirsiniz.<\/p>\n<p>Uzunluk: 95,5 cm (\u00dcr\u00fcn uzunlu\u011fu \u00fcretim partileri aras\u0131nda 1-3 cm farkl\u0131l\u0131k g\u00f6sterebilir.)<\/p>\n<p>Beden Tablosu:<br \/>\nBel<br \/>\nKal\u00e7a<\/p>\n<p>Beden 36:<br \/>\n72 cm<br \/>\n100 cm<\/p>\n<p>Beden 38:<br \/>\n76 cm<br \/>\n104 cm<\/p>\n<p>Beden 40:<br \/>\n80 cm<br \/>\n108 cm<\/p>\n<p>Beden 42:<br \/>\n84 cm<br \/>\n112 cm<\/p>\n<p>Modelin \u00d6l\u00e7\u00fcleri: Boy: 176 cm G\u00f6\u011f\u00fcs: 80 cm Bel: 60 cm Kal\u00e7a: 90 cm Modelin Giydi\u011fi Beden: 36<\/p>\n","protected":false},"excerpt":{"rendered":"<p>\u00c7ift kuma\u015ftan \u00fcretilen pantolonlar\u0131m\u0131z, gard\u0131robunuzun vazge\u00e7ilmez par\u00e7alar\u0131 olacak zamans\u0131z tasar\u0131mlard\u0131r. \u00c7ift kuma\u015flar %100 polyester olsa da, nefes alabilen yap\u0131lar\u0131, buru\u015fmaz dokular\u0131 ve \u00fct\u00fc gerektirmeyen biti\u015fleri ile g\u00fcnl\u00fck kullan\u0131mda maksimum konfor sa\u011flarlar. Geleneksel polyester alg\u0131s\u0131n\u0131n aksine, modern teknoloji ile \u00fcretilen \u00e7ift kuma\u015flar hafif, dayan\u0131kl\u0131 ve uzun \u00f6m\u00fcrl\u00fcd\u00fcr. \u00d6zellikle pantolon ve eteklerde tercih edilirler \u00e7\u00fcnk\u00fc g\u00fcn boyu [&hellip;]<\/p>\n","protected":false},"featured_media":185285,"comment_status":"open","ping_status":"closed","template":"","meta":[],"product_brand":[],"product_cat":[1882],"product_tag":[],"class_list":{"0":"post-185293","1":"product","2":"type-product","3":"status-publish","4":"has-post-thumbnail","6":"product_cat-alt-giyim","7":"pa_brand-he-qa","8":"pa_color-beige","9":"pa_size-4701","10":"pa_size-4706","11":"pa_size-4711","12":"pa_size-4713","14":"first","15":"instock","16":"shipping-taxable","17":"purchasable","18":"product-type-variable"},"_links":{"self":[{"href":"https:\/\/mod.wisdar.net\/tr\/wp-json\/wp\/v2\/product\/185293","targetHints":{"allow":["GET"]}}],"collection":[{"href":"https:\/\/mod.wisdar.net\/tr\/wp-json\/wp\/v2\/product"}],"about":[{"href":"https:\/\/mod.wisdar.net\/tr\/wp-json\/wp\/v2\/types\/product"}],"replies":[{"embeddable":true,"href":"https:\/\/mod.wisdar.net\/tr\/wp-json\/wp\/v2\/comments?post=185293"}],"wp:featuredmedia":[{"embeddable":true,"href":"https:\/\/mod.wisdar.net\/tr\/wp-json\/wp\/v2\/media\/185285"}],"wp:attachment":[{"href":"https:\/\/mod.wisdar.net\/tr\/wp-json\/wp\/v2\/media?parent=185293"}],"wp:term":[{"taxonomy":"product_brand","embeddable":true,"href":"https:\/\/mod.wisdar.net\/tr\/wp-json\/wp\/v2\/product_brand?post=185293"},{"taxonomy":"product_cat","embeddable":true,"href":"https:\/\/mod.wisdar.net\/tr\/wp-json\/wp\/v2\/product_cat?post=185293"},{"taxonomy":"product_tag","embeddable":true,"href":"https:\/\/mod.wisdar.net\/tr\/wp-json\/wp\/v2\/product_tag?post=185293"}],"curies":[{"name":"wp","href":"https:\/\/api.w.org\/{rel}","templated":true}]}}