{"id":185327,"date":"2026-03-29T18:51:47","date_gmt":"2026-03-29T18:51:47","guid":{"rendered":"https:\/\/modesthanim.com\/product\/dik-yaka-esofman-takimi-siyah\/"},"modified":"2026-04-15T22:45:25","modified_gmt":"2026-04-15T22:45:25","slug":"dik-yaka-esofman-takimi-siyah","status":"publish","type":"product","link":"https:\/\/mod.wisdar.net\/tr\/urun\/dik-yaka-esofman-takimi-siyah\/","title":{"rendered":"Dik Yaka E\u015fofman Tak\u0131m\u0131 Siyah"},"content":{"rendered":"<p>%79 polyamide %21 elastan kar\u0131\u015f\u0131m\u0131ndan \u00fcretilen bu dik yaka e\u015fofman tak\u0131m\u0131, kuma\u015f\u0131n nefes alabilir ve dayan\u0131kl\u0131 yap\u0131s\u0131 sayesinde uzun s\u00fcreli kullan\u0131m sa\u011flar. Elastan i\u00e7eri\u011fi tak\u0131ma hareket \u00f6zg\u00fcrl\u00fc\u011f\u00fc kazand\u0131r\u0131rken, bol kesimi ve dik yaka tasar\u0131m\u0131yla hem spor hem de g\u00fcnl\u00fck \u015f\u0131kl\u0131\u011f\u0131 bir arada sunar. G\u00fcnl\u00fck ve rahat kombinlerde ideal bir tercih olu\u015fturur.<\/p>\n<p>Kal\u0131p bilgisi: Rahat bol kal\u0131pt\u0131r; kendi bedeninizi tercih edebilirsiniz.<\/p>\n<p>Bak\u0131m \u00f6nerisi: Maksimum 30\u00b0C\u2019de hassas y\u0131kama. A\u011fart\u0131c\u0131 kullanmay\u0131n\u0131z. D\u00fc\u015f\u00fck \u0131s\u0131da \u00fct\u00fcleyiniz veya kuru temizleme yap\u0131n\u0131z.<\/p>\n<p>\u00dcst \u00d6l\u00e7\u00fc:<br \/>\nBoy: 73 cm (\u00dcr\u00fcn boyu \u00fcretimler aras\u0131 1-5 cm de\u011fi\u015febilir.)<\/p>\n<p>Kal\u0131p Bilgisi:<br \/>\nG\u00f6\u011f\u00fcs Kol Boyu Pazu<br \/>\n36 Beden: 144 cm 49 cm 52 cm<br \/>\n38 Beden: 148 cm 49 cm 53 cm<br \/>\n40 Beden: 152 cm 50 cm 54 cm<br \/>\n42 Beden: 156 cm 50 cm 55 cm<\/p>\n<p>Pantolon \u00d6l\u00e7\u00fc:<br \/>\nBoy: 112 cm (\u00dcr\u00fcn boyu \u00fcretimler aras\u0131 1-3 cm de\u011fi\u015febilir.)<\/p>\n<p>Kal\u0131p Bilgisi:<br \/>\nBel Basen<br \/>\n36 Beden: 68 cm 110 cm<br \/>\n38 Beden: 72 cm 114 cm<br \/>\n40 Beden: 76 cm 118 cm<br \/>\n42 Beden: 80 cm 122 cm<\/p>\n<p>Manken \u00d6l\u00e7\u00fcleri:<br \/>\nBoy: 176 cm<br \/>\nG\u00f6\u011f\u00fcs: 80 cm<br \/>\nBel: 60 cm<br \/>\nBasen: 90 cm<br \/>\nMankenin \u00dczerindeki Beden: 36<\/p>\n","protected":false},"excerpt":{"rendered":"<p>%79 polyamide %21 elastan kar\u0131\u015f\u0131m\u0131ndan \u00fcretilen bu dik yaka e\u015fofman tak\u0131m\u0131, kuma\u015f\u0131n nefes alabilir ve dayan\u0131kl\u0131 yap\u0131s\u0131 sayesinde uzun s\u00fcreli kullan\u0131m sa\u011flar. Elastan i\u00e7eri\u011fi tak\u0131ma hareket \u00f6zg\u00fcrl\u00fc\u011f\u00fc kazand\u0131r\u0131rken, bol kesimi ve dik yaka tasar\u0131m\u0131yla hem spor hem de g\u00fcnl\u00fck \u015f\u0131kl\u0131\u011f\u0131 bir arada sunar. G\u00fcnl\u00fck ve rahat kombinlerde ideal bir tercih olu\u015fturur. Kal\u0131p bilgisi: Rahat bol [&hellip;]<\/p>\n","protected":false},"featured_media":185320,"comment_status":"open","ping_status":"closed","template":"","meta":[],"product_brand":[],"product_cat":[1900],"product_tag":[7446,6751,7074,7420],"class_list":{"0":"post-185327","1":"product","2":"type-product","3":"status-publish","4":"has-post-thumbnail","6":"product_cat-koordinatlar-setler","7":"product_tag-atletik-giyim","8":"product_tag-rahat","9":"product_tag-siyah","10":"product_tag-sportif","11":"pa_brand-he-qa","12":"pa_color-siyah","13":"pa_size-4701","14":"pa_size-4706","15":"pa_size-4711","16":"pa_size-4713","18":"first","19":"instock","20":"sale","21":"shipping-taxable","22":"purchasable","23":"product-type-variable"},"_links":{"self":[{"href":"https:\/\/mod.wisdar.net\/tr\/wp-json\/wp\/v2\/product\/185327","targetHints":{"allow":["GET"]}}],"collection":[{"href":"https:\/\/mod.wisdar.net\/tr\/wp-json\/wp\/v2\/product"}],"about":[{"href":"https:\/\/mod.wisdar.net\/tr\/wp-json\/wp\/v2\/types\/product"}],"replies":[{"embeddable":true,"href":"https:\/\/mod.wisdar.net\/tr\/wp-json\/wp\/v2\/comments?post=185327"}],"wp:featuredmedia":[{"embeddable":true,"href":"https:\/\/mod.wisdar.net\/tr\/wp-json\/wp\/v2\/media\/185320"}],"wp:attachment":[{"href":"https:\/\/mod.wisdar.net\/tr\/wp-json\/wp\/v2\/media?parent=185327"}],"wp:term":[{"taxonomy":"product_brand","embeddable":true,"href":"https:\/\/mod.wisdar.net\/tr\/wp-json\/wp\/v2\/product_brand?post=185327"},{"taxonomy":"product_cat","embeddable":true,"href":"https:\/\/mod.wisdar.net\/tr\/wp-json\/wp\/v2\/product_cat?post=185327"},{"taxonomy":"product_tag","embeddable":true,"href":"https:\/\/mod.wisdar.net\/tr\/wp-json\/wp\/v2\/product_tag?post=185327"}],"curies":[{"name":"wp","href":"https:\/\/api.w.org\/{rel}","templated":true}]}}