{"id":185359,"date":"2026-03-29T18:53:20","date_gmt":"2026-03-29T18:53:20","guid":{"rendered":"https:\/\/modesthanim.com\/product\/yuksek-bel-pilili-bomb-denim-pantolon-lacivert\/"},"modified":"2026-03-29T18:56:32","modified_gmt":"2026-03-29T18:56:32","slug":"yuksek-bel-pilili-bomb-denim-pantolon-lacivert","status":"publish","type":"product","link":"https:\/\/mod.wisdar.net\/tr\/urun\/yuksek-bel-pilili-bomb-denim-pantolon-lacivert\/","title":{"rendered":"Y\u00fcksek Bel Pilili Bomb Denim Pantolon Lacivert"},"content":{"rendered":"<p>Denim dokuma kuma\u015ftan, cepli, balon kesim, pili detayl\u0131, y\u00fcksek belli pantolon.<\/p>\n<p>36 Beden: Uzunluk :100 cm, Bel:34 cm, Basen: 47 cm.<\/p>\n<p>38 Beden: Uzunluk :100 cm, Bel:36 cm, Basen: 49 cm.<\/p>\n<p>40 Beden: Uzunluk :102 cm, Bel:39 cm, Basen: 53 cm.<\/p>\n<p>\u00dcr\u00fcn \u0130\u00e7eri\u011fi: % 98 Pamuk<br \/>\n                     % 2 Elastan<\/p>\n","protected":false},"excerpt":{"rendered":"<p>Denim dokuma kuma\u015ftan, cepli, balon kesim, pili detayl\u0131, y\u00fcksek belli pantolon. 36 Beden: Uzunluk :100 cm, Bel:34 cm, Basen: 47 cm. 38 Beden: Uzunluk :100 cm, Bel:36 cm, Basen: 49 cm. 40 Beden: Uzunluk :102 cm, Bel:39 cm, Basen: 53 cm. \u00dcr\u00fcn \u0130\u00e7eri\u011fi: % 98 Pamuk % 2 Elastan<\/p>\n","protected":false},"featured_media":185355,"comment_status":"open","ping_status":"closed","template":"","meta":[],"product_brand":[],"product_cat":[1882],"product_tag":[6744,7238,6747,7489],"class_list":{"0":"post-185359","1":"product","2":"type-product","3":"status-publish","4":"has-post-thumbnail","6":"product_cat-alt-giyim","7":"product_tag-kadin-modasi","8":"product_tag-lacivert","9":"product_tag-pile-detayli","10":"product_tag-yuksek-bel-2","11":"pa_brand-fahhar","12":"pa_color-lacivert","13":"pa_size-4701","14":"pa_size-4706","15":"pa_size-4711","17":"first","18":"instock","19":"sale","20":"shipping-taxable","21":"purchasable","22":"product-type-variable"},"_links":{"self":[{"href":"https:\/\/mod.wisdar.net\/tr\/wp-json\/wp\/v2\/product\/185359","targetHints":{"allow":["GET"]}}],"collection":[{"href":"https:\/\/mod.wisdar.net\/tr\/wp-json\/wp\/v2\/product"}],"about":[{"href":"https:\/\/mod.wisdar.net\/tr\/wp-json\/wp\/v2\/types\/product"}],"replies":[{"embeddable":true,"href":"https:\/\/mod.wisdar.net\/tr\/wp-json\/wp\/v2\/comments?post=185359"}],"wp:featuredmedia":[{"embeddable":true,"href":"https:\/\/mod.wisdar.net\/tr\/wp-json\/wp\/v2\/media\/185355"}],"wp:attachment":[{"href":"https:\/\/mod.wisdar.net\/tr\/wp-json\/wp\/v2\/media?parent=185359"}],"wp:term":[{"taxonomy":"product_brand","embeddable":true,"href":"https:\/\/mod.wisdar.net\/tr\/wp-json\/wp\/v2\/product_brand?post=185359"},{"taxonomy":"product_cat","embeddable":true,"href":"https:\/\/mod.wisdar.net\/tr\/wp-json\/wp\/v2\/product_cat?post=185359"},{"taxonomy":"product_tag","embeddable":true,"href":"https:\/\/mod.wisdar.net\/tr\/wp-json\/wp\/v2\/product_tag?post=185359"}],"curies":[{"name":"wp","href":"https:\/\/api.w.org\/{rel}","templated":true}]}}