{"id":185407,"date":"2026-03-29T18:54:11","date_gmt":"2026-03-29T18:54:11","guid":{"rendered":"https:\/\/modesthanim.com\/product\/kenari-acilimli-denim-pantolon-lacivert\/"},"modified":"2026-04-11T04:42:25","modified_gmt":"2026-04-11T04:42:25","slug":"kenari-acilimli-denim-pantolon-lacivert","status":"publish","type":"product","link":"https:\/\/mod.wisdar.net\/tr\/urun\/kenari-acilimli-denim-pantolon-lacivert\/","title":{"rendered":"Kenar\u0131 A\u00e7\u0131l\u0131ml\u0131 Denim Pantolon Lacivert"},"content":{"rendered":"<p>Denim dokuma kuma\u015ftan, kemer k\u00f6pr\u00fcl\u00fc, y\u00fcksek bel, cepli, yandan y\u0131rtma\u00e7 a\u00e7\u0131l\u0131m detayl\u0131, \u00f6n\u00fc fermuar ve d\u00fc\u011fme iliklemeli pantolon.<\/p>\n<p>36 Beden: Uzunluk :109 cm, Bel:35 cm, Basen: 48 cm.<\/p>\n<p>38 Beden: Uzunluk :111 cm, Bel:39 cm, Basen: 51 cm.<\/p>\n<p>40 Beden: Uzunluk :112 cm, Bel:41 cm, Basen: 53 cm.<\/p>\n<p>\u00dcr\u00fcn \u0130\u00e7eri\u011fi : % 100 Pamuk<\/p>\n","protected":false},"excerpt":{"rendered":"<p>Denim dokuma kuma\u015ftan, kemer k\u00f6pr\u00fcl\u00fc, y\u00fcksek bel, cepli, yandan y\u0131rtma\u00e7 a\u00e7\u0131l\u0131m detayl\u0131, \u00f6n\u00fc fermuar ve d\u00fc\u011fme iliklemeli pantolon. 36 Beden: Uzunluk :109 cm, Bel:35 cm, Basen: 48 cm. 38 Beden: Uzunluk :111 cm, Bel:39 cm, Basen: 51 cm. 40 Beden: Uzunluk :112 cm, Bel:41 cm, Basen: 53 cm. \u00dcr\u00fcn \u0130\u00e7eri\u011fi : % 100 Pamuk<\/p>\n","protected":false},"featured_media":185393,"comment_status":"open","ping_status":"closed","template":"","meta":[],"product_brand":[],"product_cat":[1882],"product_tag":[],"class_list":{"0":"post-185407","1":"product","2":"type-product","3":"status-publish","4":"has-post-thumbnail","6":"product_cat-alt-giyim","7":"pa_brand-fahhar","8":"pa_color-lacivert","9":"pa_size-4701","10":"pa_size-4706","11":"pa_size-4711","13":"first","14":"instock","15":"sale","16":"shipping-taxable","17":"purchasable","18":"product-type-variable"},"_links":{"self":[{"href":"https:\/\/mod.wisdar.net\/tr\/wp-json\/wp\/v2\/product\/185407","targetHints":{"allow":["GET"]}}],"collection":[{"href":"https:\/\/mod.wisdar.net\/tr\/wp-json\/wp\/v2\/product"}],"about":[{"href":"https:\/\/mod.wisdar.net\/tr\/wp-json\/wp\/v2\/types\/product"}],"replies":[{"embeddable":true,"href":"https:\/\/mod.wisdar.net\/tr\/wp-json\/wp\/v2\/comments?post=185407"}],"wp:featuredmedia":[{"embeddable":true,"href":"https:\/\/mod.wisdar.net\/tr\/wp-json\/wp\/v2\/media\/185393"}],"wp:attachment":[{"href":"https:\/\/mod.wisdar.net\/tr\/wp-json\/wp\/v2\/media?parent=185407"}],"wp:term":[{"taxonomy":"product_brand","embeddable":true,"href":"https:\/\/mod.wisdar.net\/tr\/wp-json\/wp\/v2\/product_brand?post=185407"},{"taxonomy":"product_cat","embeddable":true,"href":"https:\/\/mod.wisdar.net\/tr\/wp-json\/wp\/v2\/product_cat?post=185407"},{"taxonomy":"product_tag","embeddable":true,"href":"https:\/\/mod.wisdar.net\/tr\/wp-json\/wp\/v2\/product_tag?post=185407"}],"curies":[{"name":"wp","href":"https:\/\/api.w.org\/{rel}","templated":true}]}}