{"id":185436,"date":"2026-03-29T18:54:40","date_gmt":"2026-03-29T18:54:40","guid":{"rendered":"https:\/\/modesthanim.com\/product\/yuksek-belli-straight-denim-pantolon-lacivert\/"},"modified":"2026-04-15T21:54:44","modified_gmt":"2026-04-15T21:54:44","slug":"yuksek-belli-straight-denim-pantolon-lacivert","status":"publish","type":"product","link":"https:\/\/mod.wisdar.net\/tr\/urun\/yuksek-belli-straight-denim-pantolon-lacivert\/","title":{"rendered":"Y\u00fcksek Belli Straight Denim Pantolon Lacivert"},"content":{"rendered":"<p>Denim dokuma kuma\u015ftan, y\u00fcksek belli, be\u015f cepli jean. Ekstra uzun, geni\u015f pa\u00e7a. Fermuarl\u0131 ve metal d\u00fc\u011fmeli \u00f6n kapama.<\/p>\n<p>36 Beden: Uzunluk: 108 cm, Bel: 35 cm, Basen: 45 cm.<br \/>\n38 Beden: Uzunluk: 108 cm, Bel: 37 cm, Basen: 47 cm.<br \/>\n40 Beden: Uzunluk: 111 cm, Bel: 39 cm, Basen: 52 cm.<br \/>\n42 Beden: Uzunluk: 112 cm, Bel: 42 cm, Basen: 55 cm.<\/p>\n<p>\u00dcr\u00fcn \u0130\u00e7eri\u011fi: %98 Pamuk, %2 Elastan<\/p>\n","protected":false},"excerpt":{"rendered":"<p>Denim dokuma kuma\u015ftan, y\u00fcksek belli, be\u015f cepli jean. Ekstra uzun, geni\u015f pa\u00e7a. Fermuarl\u0131 ve metal d\u00fc\u011fmeli \u00f6n kapama. 36 Beden: Uzunluk: 108 cm, Bel: 35 cm, Basen: 45 cm. 38 Beden: Uzunluk: 108 cm, Bel: 37 cm, Basen: 47 cm. 40 Beden: Uzunluk: 111 cm, Bel: 39 cm, Basen: 52 cm. 42 Beden: Uzunluk: 112 [&hellip;]<\/p>\n","protected":false},"featured_media":185429,"comment_status":"open","ping_status":"closed","template":"","meta":[],"product_brand":[],"product_cat":[1882],"product_tag":[],"class_list":{"0":"post-185436","1":"product","2":"type-product","3":"status-publish","4":"has-post-thumbnail","6":"product_cat-alt-giyim","7":"pa_brand-fahhar","8":"pa_color-lacivert","9":"pa_size-4701","10":"pa_size-4706","11":"pa_size-4711","12":"pa_size-4713","14":"first","15":"instock","16":"sale","17":"shipping-taxable","18":"purchasable","19":"product-type-variable"},"_links":{"self":[{"href":"https:\/\/mod.wisdar.net\/tr\/wp-json\/wp\/v2\/product\/185436","targetHints":{"allow":["GET"]}}],"collection":[{"href":"https:\/\/mod.wisdar.net\/tr\/wp-json\/wp\/v2\/product"}],"about":[{"href":"https:\/\/mod.wisdar.net\/tr\/wp-json\/wp\/v2\/types\/product"}],"replies":[{"embeddable":true,"href":"https:\/\/mod.wisdar.net\/tr\/wp-json\/wp\/v2\/comments?post=185436"}],"wp:featuredmedia":[{"embeddable":true,"href":"https:\/\/mod.wisdar.net\/tr\/wp-json\/wp\/v2\/media\/185429"}],"wp:attachment":[{"href":"https:\/\/mod.wisdar.net\/tr\/wp-json\/wp\/v2\/media?parent=185436"}],"wp:term":[{"taxonomy":"product_brand","embeddable":true,"href":"https:\/\/mod.wisdar.net\/tr\/wp-json\/wp\/v2\/product_brand?post=185436"},{"taxonomy":"product_cat","embeddable":true,"href":"https:\/\/mod.wisdar.net\/tr\/wp-json\/wp\/v2\/product_cat?post=185436"},{"taxonomy":"product_tag","embeddable":true,"href":"https:\/\/mod.wisdar.net\/tr\/wp-json\/wp\/v2\/product_tag?post=185436"}],"curies":[{"name":"wp","href":"https:\/\/api.w.org\/{rel}","templated":true}]}}