{"id":185484,"date":"2026-03-29T18:56:35","date_gmt":"2026-03-29T18:56:35","guid":{"rendered":"https:\/\/modesthanim.com\/product\/isiltili-baggy-straight-fit-denim-pantolon-lacivert\/"},"modified":"2026-03-29T18:57:55","modified_gmt":"2026-03-29T18:57:55","slug":"isiltili-baggy-straight-fit-denim-pantolon-lacivert","status":"publish","type":"product","link":"https:\/\/mod.wisdar.net\/tr\/urun\/isiltili-baggy-straight-fit-denim-pantolon-lacivert\/","title":{"rendered":"I\u015f\u0131lt\u0131l\u0131 Baggy Straight Fit Denim Pantolon Lacivert"},"content":{"rendered":"<p>Denim dokuma kuma\u015ftan, \u0131\u015f\u0131lt\u0131l\u0131, y\u00fcksek bel, kemer k\u00f6pr\u00fcl\u00fc, be\u015f cepli, fermuarl\u0131 ve \u00fcst\u00fc d\u00fc\u011fmeli baggy straight fit jean.<\/p>\n<p>36 Beden: Uzunluk :110 cm, Bel:34 cm, Basen: 44 cm.<\/p>\n<p>38 Beden: Uzunluk :110 cm, Bel:36 cm, Basen: 45 cm.<\/p>\n<p>40 Beden: Uzunluk :110 cm, Bel:38 cm, Basen: 47 cm.<\/p>\n<p>42 Beden: Uzunluk :111 cm, Bel: 43 cm, Basen: 49 cm.<\/p>\n<p>\u00dcr\u00fcn \u0130\u00e7eri\u011fi: % 98 Pamuk<br \/>\n                     % 2 Elastan<\/p>\n","protected":false},"excerpt":{"rendered":"<p>Denim dokuma kuma\u015ftan, \u0131\u015f\u0131lt\u0131l\u0131, y\u00fcksek bel, kemer k\u00f6pr\u00fcl\u00fc, be\u015f cepli, fermuarl\u0131 ve \u00fcst\u00fc d\u00fc\u011fmeli baggy straight fit jean. 36 Beden: Uzunluk :110 cm, Bel:34 cm, Basen: 44 cm. 38 Beden: Uzunluk :110 cm, Bel:36 cm, Basen: 45 cm. 40 Beden: Uzunluk :110 cm, Bel:38 cm, Basen: 47 cm. 42 Beden: Uzunluk :111 cm, Bel: 43 [&hellip;]<\/p>\n","protected":false},"featured_media":185473,"comment_status":"open","ping_status":"closed","template":"","meta":[],"product_brand":[],"product_cat":[1882],"product_tag":[7238,7489],"class_list":{"0":"post-185484","1":"product","2":"type-product","3":"status-publish","4":"has-post-thumbnail","6":"product_cat-alt-giyim","7":"product_tag-lacivert","8":"product_tag-yuksek-bel-2","9":"pa_brand-fahhar","10":"pa_color-lacivert","11":"pa_size-4701","12":"pa_size-4706","13":"pa_size-4711","14":"pa_size-4713","16":"first","17":"instock","18":"sale","19":"shipping-taxable","20":"purchasable","21":"product-type-variable"},"_links":{"self":[{"href":"https:\/\/mod.wisdar.net\/tr\/wp-json\/wp\/v2\/product\/185484","targetHints":{"allow":["GET"]}}],"collection":[{"href":"https:\/\/mod.wisdar.net\/tr\/wp-json\/wp\/v2\/product"}],"about":[{"href":"https:\/\/mod.wisdar.net\/tr\/wp-json\/wp\/v2\/types\/product"}],"replies":[{"embeddable":true,"href":"https:\/\/mod.wisdar.net\/tr\/wp-json\/wp\/v2\/comments?post=185484"}],"wp:featuredmedia":[{"embeddable":true,"href":"https:\/\/mod.wisdar.net\/tr\/wp-json\/wp\/v2\/media\/185473"}],"wp:attachment":[{"href":"https:\/\/mod.wisdar.net\/tr\/wp-json\/wp\/v2\/media?parent=185484"}],"wp:term":[{"taxonomy":"product_brand","embeddable":true,"href":"https:\/\/mod.wisdar.net\/tr\/wp-json\/wp\/v2\/product_brand?post=185484"},{"taxonomy":"product_cat","embeddable":true,"href":"https:\/\/mod.wisdar.net\/tr\/wp-json\/wp\/v2\/product_cat?post=185484"},{"taxonomy":"product_tag","embeddable":true,"href":"https:\/\/mod.wisdar.net\/tr\/wp-json\/wp\/v2\/product_tag?post=185484"}],"curies":[{"name":"wp","href":"https:\/\/api.w.org\/{rel}","templated":true}]}}