{"id":185540,"date":"2026-03-29T21:39:27","date_gmt":"2026-03-29T21:39:27","guid":{"rendered":"https:\/\/modesthanim.com\/product\/cicekli-uzun-kollu-jean-elbise-kiz-bebek\/"},"modified":"2026-03-29T21:39:59","modified_gmt":"2026-03-29T21:39:59","slug":"cicekli-uzun-kollu-jean-elbise-kiz-bebek","status":"publish","type":"product","link":"https:\/\/mod.wisdar.net\/tr\/urun\/cicekli-uzun-kollu-jean-elbise-kiz-bebek\/","title":{"rendered":"\u00c7i\u00e7ekli Uzun Kollu Jean Elbise K\u0131z Bebek"},"content":{"rendered":"<p>K\u0131z bebek \u00e7i\u00e7ekli uzun kollu jean elbise, dayan\u0131kl\u0131 jean kuma\u015f\u0131 ve sevimli \u00e7i\u00e7ek deseniyle hem \u015f\u0131k hem de rahat bir kullan\u0131m sunar. Uzun kollu tasar\u0131m\u0131 sayesinde serin havalarda ekstra konfor sa\u011flar. G\u00fcnl\u00fck kullan\u0131m ve \u00f6zel g\u00fcnler i\u00e7in ideal bir par\u00e7ad\u0131r.<\/p>\n","protected":false},"excerpt":{"rendered":"<p>K\u0131z bebek \u00e7i\u00e7ekli uzun kollu jean elbise, dayan\u0131kl\u0131 jean kuma\u015f\u0131 ve sevimli \u00e7i\u00e7ek deseniyle hem \u015f\u0131k hem de rahat bir kullan\u0131m sunar. Uzun kollu tasar\u0131m\u0131 sayesinde serin havalarda ekstra konfor sa\u011flar. G\u00fcnl\u00fck kullan\u0131m ve \u00f6zel g\u00fcnler i\u00e7in ideal bir par\u00e7ad\u0131r.<\/p>\n","protected":false},"featured_media":185534,"comment_status":"open","ping_status":"closed","template":"","meta":[],"product_brand":[],"product_cat":[8718,8715,8694],"product_tag":[6752,7669,6748],"class_list":{"0":"post-185540","1":"product","2":"type-product","3":"status-publish","4":"has-post-thumbnail","6":"product_cat-elbiseler-etekler","7":"product_cat-kiz-cocuklari-2-14-yas","8":"product_cat-cocuklar","9":"product_tag-cicekli-elbise","10":"product_tag-kot-elbise","11":"product_tag-uzun-kollu-elbise","12":"pa_brand-defacto","13":"pa_color-ekru","14":"pa_size-12-18-ay-86cm","15":"pa_size-18-24-ay-92cm","16":"pa_size-2-3-yas-98cm","17":"pa_size-3-4-yas-104-cm","18":"pa_size-4-5-yas-110cm","19":"pa_size-5-6-yas-116cm","21":"first","22":"instock","23":"sale","24":"shipping-taxable","25":"purchasable","26":"product-type-variable"},"_links":{"self":[{"href":"https:\/\/mod.wisdar.net\/tr\/wp-json\/wp\/v2\/product\/185540","targetHints":{"allow":["GET"]}}],"collection":[{"href":"https:\/\/mod.wisdar.net\/tr\/wp-json\/wp\/v2\/product"}],"about":[{"href":"https:\/\/mod.wisdar.net\/tr\/wp-json\/wp\/v2\/types\/product"}],"replies":[{"embeddable":true,"href":"https:\/\/mod.wisdar.net\/tr\/wp-json\/wp\/v2\/comments?post=185540"}],"wp:featuredmedia":[{"embeddable":true,"href":"https:\/\/mod.wisdar.net\/tr\/wp-json\/wp\/v2\/media\/185534"}],"wp:attachment":[{"href":"https:\/\/mod.wisdar.net\/tr\/wp-json\/wp\/v2\/media?parent=185540"}],"wp:term":[{"taxonomy":"product_brand","embeddable":true,"href":"https:\/\/mod.wisdar.net\/tr\/wp-json\/wp\/v2\/product_brand?post=185540"},{"taxonomy":"product_cat","embeddable":true,"href":"https:\/\/mod.wisdar.net\/tr\/wp-json\/wp\/v2\/product_cat?post=185540"},{"taxonomy":"product_tag","embeddable":true,"href":"https:\/\/mod.wisdar.net\/tr\/wp-json\/wp\/v2\/product_tag?post=185540"}],"curies":[{"name":"wp","href":"https:\/\/api.w.org\/{rel}","templated":true}]}}