{"id":185645,"date":"2026-03-30T12:51:15","date_gmt":"2026-03-30T12:51:15","guid":{"rendered":"https:\/\/modesthanim.com\/product\/marvel-avengers-tisort-sort-2li-takim-erkek-cocuk\/"},"modified":"2026-03-30T12:51:46","modified_gmt":"2026-03-30T12:51:46","slug":"marvel-avengers-tisort-sort-2li-takim-erkek-cocuk","status":"publish","type":"product","link":"https:\/\/mod.wisdar.net\/tr\/urun\/marvel-avengers-tisort-sort-2li-takim-erkek-cocuk\/","title":{"rendered":"Marvel Avengers Ti\u015f\u00f6rt \u015eort 2&#8217;li Tak\u0131m Erkek \u00c7ocuk"},"content":{"rendered":"<p>Marvel Avengers bask\u0131l\u0131 ti\u015f\u00f6rt ve \u015forttan olu\u015fan 2\u2019li erkek \u00e7ocuk tak\u0131m, renkli ve e\u011flenceli bir stil sunar. Hafif ve yumu\u015fak kuma\u015f\u0131yla g\u00fcn boyu rahat kullan\u0131m sa\u011flar.<\/p>\n<p>\u2014 Technical Details \u2014<br \/>\nLisans Bilgisi: Marvel Avengers<br \/>\nTak\u0131m \u0130\u00e7eri\u011fi: 2&#8217;li<br \/>\nCinsiyet: Erkek \u00c7ocuk<br \/>\nRenk: Bej<br \/>\nKuma\u015f: Sweatshirt Kuma\u015f\u0131<br \/>\nKal\u0131p: Regular F\u0131t<br \/>\nMarka: Defacto<br \/>\nMen\u015fei: TR<br \/>\n\u00dcr\u00fcn Grubu: Erkek \u00c7ocuk \u2013 Gen\u00e7 Erkek Tak\u0131m \u2013 Set<\/p>\n","protected":false},"excerpt":{"rendered":"<p>Marvel Avengers bask\u0131l\u0131 ti\u015f\u00f6rt ve \u015forttan olu\u015fan 2\u2019li erkek \u00e7ocuk tak\u0131m, renkli ve e\u011flenceli bir stil sunar. Hafif ve yumu\u015fak kuma\u015f\u0131yla g\u00fcn boyu rahat kullan\u0131m sa\u011flar. \u2014 Technical Details \u2014 Lisans Bilgisi: Marvel Avengers Tak\u0131m \u0130\u00e7eri\u011fi: 2&#8217;li Cinsiyet: Erkek \u00c7ocuk Renk: Bej Kuma\u015f: Sweatshirt Kuma\u015f\u0131 Kal\u0131p: Regular F\u0131t Marka: Defacto Men\u015fei: TR \u00dcr\u00fcn Grubu: Erkek [&hellip;]<\/p>\n","protected":false},"featured_media":185638,"comment_status":"open","ping_status":"closed","template":"","meta":[],"product_brand":[],"product_cat":[8745,8739,8694],"product_tag":[6753],"class_list":{"0":"post-185645","1":"product","2":"type-product","3":"status-publish","4":"has-post-thumbnail","6":"product_cat-erkek-cocuk-takimlari","7":"product_cat-erkek-cocuklar-2-14-yas","8":"product_cat-cocuklar","9":"product_tag-bej","10":"pa_brand-defacto","11":"pa_color-bej","12":"pa_size-11-12-yas-152cm","13":"pa_size-13-14-yas-164cm","14":"pa_size-5-6-yas-116cm","15":"pa_size-7-8-yas-128cm","16":"pa_size-8-9-yas-134cm","17":"pa_size-9-10-yas-140cm","19":"first","20":"instock","21":"sale","22":"shipping-taxable","23":"purchasable","24":"product-type-variable"},"_links":{"self":[{"href":"https:\/\/mod.wisdar.net\/tr\/wp-json\/wp\/v2\/product\/185645","targetHints":{"allow":["GET"]}}],"collection":[{"href":"https:\/\/mod.wisdar.net\/tr\/wp-json\/wp\/v2\/product"}],"about":[{"href":"https:\/\/mod.wisdar.net\/tr\/wp-json\/wp\/v2\/types\/product"}],"replies":[{"embeddable":true,"href":"https:\/\/mod.wisdar.net\/tr\/wp-json\/wp\/v2\/comments?post=185645"}],"wp:featuredmedia":[{"embeddable":true,"href":"https:\/\/mod.wisdar.net\/tr\/wp-json\/wp\/v2\/media\/185638"}],"wp:attachment":[{"href":"https:\/\/mod.wisdar.net\/tr\/wp-json\/wp\/v2\/media?parent=185645"}],"wp:term":[{"taxonomy":"product_brand","embeddable":true,"href":"https:\/\/mod.wisdar.net\/tr\/wp-json\/wp\/v2\/product_brand?post=185645"},{"taxonomy":"product_cat","embeddable":true,"href":"https:\/\/mod.wisdar.net\/tr\/wp-json\/wp\/v2\/product_cat?post=185645"},{"taxonomy":"product_tag","embeddable":true,"href":"https:\/\/mod.wisdar.net\/tr\/wp-json\/wp\/v2\/product_tag?post=185645"}],"curies":[{"name":"wp","href":"https:\/\/api.w.org\/{rel}","templated":true}]}}