{"id":185689,"date":"2026-03-30T12:52:40","date_gmt":"2026-03-30T12:52:40","guid":{"rendered":"https:\/\/modesthanim.com\/product\/cicekli-muslin-2li-takim-kiz-bebek\/"},"modified":"2026-03-30T12:53:07","modified_gmt":"2026-03-30T12:53:07","slug":"cicekli-muslin-2li-takim-kiz-bebek","status":"publish","type":"product","link":"https:\/\/mod.wisdar.net\/tr\/urun\/cicekli-muslin-2li-takim-kiz-bebek\/","title":{"rendered":"\u00c7i\u00e7ekli M\u00fcslin 2&#8217;li Tak\u0131m K\u0131z Bebek"},"content":{"rendered":"<p>Nazik dokusuyla \u00f6ne \u00e7\u0131kan \u00e7i\u00e7ekli m\u00fcslin 2\u2019li tak\u0131m, k\u0131z bebekler i\u00e7in hem \u015f\u0131k hem de konforlu bir se\u00e7enektir. Hafif ve nefes alabilen m\u00fcslin kuma\u015f\u0131 sayesinde g\u00fcn boyu ferahl\u0131k sunarken, sevimli desenleriyle g\u00fcnl\u00fck kullan\u0131ma zarif bir dokunu\u015f katar.<\/p>\n<p>\u2014 Technical Details \u2014<br \/>\nCinsiyet: K\u0131z Bebek<br \/>\nKuma\u015f: M\u00fcslin<br \/>\nTak\u0131m \u0130\u00e7eri\u011fi: 2&#8217;li<br \/>\nRenk: Ekru<br \/>\nKal\u0131p: Regular F\u0131t<br \/>\nDesen: Floral<br \/>\nMen\u015fei: TR<br \/>\n\u00dcr\u00fcn Grubu: K\u0131z Bebek Tak\u0131m \u2013 Set<\/p>\n","protected":false},"excerpt":{"rendered":"<p>Nazik dokusuyla \u00f6ne \u00e7\u0131kan \u00e7i\u00e7ekli m\u00fcslin 2\u2019li tak\u0131m, k\u0131z bebekler i\u00e7in hem \u015f\u0131k hem de konforlu bir se\u00e7enektir. Hafif ve nefes alabilen m\u00fcslin kuma\u015f\u0131 sayesinde g\u00fcn boyu ferahl\u0131k sunarken, sevimli desenleriyle g\u00fcnl\u00fck kullan\u0131ma zarif bir dokunu\u015f katar. \u2014 Technical Details \u2014 Cinsiyet: K\u0131z Bebek Kuma\u015f: M\u00fcslin Tak\u0131m \u0130\u00e7eri\u011fi: 2&#8217;li Renk: Ekru Kal\u0131p: Regular F\u0131t Desen: [&hellip;]<\/p>\n","protected":false},"featured_media":185685,"comment_status":"open","ping_status":"closed","template":"","meta":[],"product_brand":[],"product_cat":[8703,8694,8697],"product_tag":[7508,6757,7576],"class_list":{"0":"post-185689","1":"product","2":"type-product","3":"status-publish","4":"has-post-thumbnail","6":"product_cat-bebek-setleri","7":"product_cat-cocuklar","8":"product_cat-yenidogan-0-12-ay","9":"product_tag-cicekli","10":"product_tag-ekru","11":"product_tag-muslin","12":"pa_brand-defacto","13":"pa_color-ekru","14":"pa_size-12-18-ay-86cm","15":"pa_size-18-24-ay-92cm","16":"pa_size-2-3-yas-98cm","17":"pa_size-3-4-yas-104-cm","18":"pa_size-4-5-yas-110cm","19":"pa_size-5-6-yas-116cm","20":"pa_size-9-12-ay-80cm","22":"first","23":"instock","24":"sale","25":"shipping-taxable","26":"purchasable","27":"product-type-variable"},"_links":{"self":[{"href":"https:\/\/mod.wisdar.net\/tr\/wp-json\/wp\/v2\/product\/185689","targetHints":{"allow":["GET"]}}],"collection":[{"href":"https:\/\/mod.wisdar.net\/tr\/wp-json\/wp\/v2\/product"}],"about":[{"href":"https:\/\/mod.wisdar.net\/tr\/wp-json\/wp\/v2\/types\/product"}],"replies":[{"embeddable":true,"href":"https:\/\/mod.wisdar.net\/tr\/wp-json\/wp\/v2\/comments?post=185689"}],"wp:featuredmedia":[{"embeddable":true,"href":"https:\/\/mod.wisdar.net\/tr\/wp-json\/wp\/v2\/media\/185685"}],"wp:attachment":[{"href":"https:\/\/mod.wisdar.net\/tr\/wp-json\/wp\/v2\/media?parent=185689"}],"wp:term":[{"taxonomy":"product_brand","embeddable":true,"href":"https:\/\/mod.wisdar.net\/tr\/wp-json\/wp\/v2\/product_brand?post=185689"},{"taxonomy":"product_cat","embeddable":true,"href":"https:\/\/mod.wisdar.net\/tr\/wp-json\/wp\/v2\/product_cat?post=185689"},{"taxonomy":"product_tag","embeddable":true,"href":"https:\/\/mod.wisdar.net\/tr\/wp-json\/wp\/v2\/product_tag?post=185689"}],"curies":[{"name":"wp","href":"https:\/\/api.w.org\/{rel}","templated":true}]}}