{"id":185730,"date":"2026-03-30T12:55:40","date_gmt":"2026-03-30T12:55:40","guid":{"rendered":"https:\/\/modesthanim.com\/product\/cizgili-penye-tisort-kiz-bebek\/"},"modified":"2026-03-30T12:56:06","modified_gmt":"2026-03-30T12:56:06","slug":"cizgili-penye-tisort-kiz-bebek","status":"publish","type":"product","link":"https:\/\/mod.wisdar.net\/tr\/urun\/cizgili-penye-tisort-kiz-bebek\/","title":{"rendered":"\u00c7izgili Penye Ti\u015f\u00f6rt K\u0131z Bebek"},"content":{"rendered":"<p>Yumu\u015fak ve esnek penye kuma\u015f\u0131yla tasarlanan \u00e7izgili ti\u015f\u00f6rt, k\u0131z bebekler i\u00e7in konforlu ve \u015f\u0131k bir se\u00e7enektir. Hafif yap\u0131s\u0131 sayesinde hassas ciltlere uyum sa\u011flarken, sevimli \u00e7izgili deseniyle g\u00fcnl\u00fck kombinleri tamamlar.<\/p>\n<p>\u2014 Technical Details \u2014<br \/>\nRenk: Lacivert<br \/>\nCinsiyet: K\u0131z Bebek<br \/>\nKol Boyu: K\u0131sa Kollu<br \/>\nMen\u015fei: TR<br \/>\n\u00dcr\u00fcn Grubu: K\u0131z Bebek Ti\u015f\u00f6rt<\/p>\n","protected":false},"excerpt":{"rendered":"<p>Yumu\u015fak ve esnek penye kuma\u015f\u0131yla tasarlanan \u00e7izgili ti\u015f\u00f6rt, k\u0131z bebekler i\u00e7in konforlu ve \u015f\u0131k bir se\u00e7enektir. Hafif yap\u0131s\u0131 sayesinde hassas ciltlere uyum sa\u011flarken, sevimli \u00e7izgili deseniyle g\u00fcnl\u00fck kombinleri tamamlar. \u2014 Technical Details \u2014 Renk: Lacivert Cinsiyet: K\u0131z Bebek Kol Boyu: K\u0131sa Kollu Men\u015fei: TR \u00dcr\u00fcn Grubu: K\u0131z Bebek Ti\u015f\u00f6rt<\/p>\n","protected":false},"featured_media":185727,"comment_status":"open","ping_status":"closed","template":"","meta":[],"product_brand":[],"product_cat":[8715,8694,8724,8697,8700],"product_tag":[12074,12072,12073,12075],"class_list":{"0":"post-185730","1":"product","2":"type-product","3":"status-publish","4":"has-post-thumbnail","6":"product_cat-kiz-cocuklari-2-14-yas","7":"product_cat-cocuklar","8":"product_cat-tisortler-bluzlar","9":"product_cat-yenidogan-0-12-ay","10":"product_cat-yenidogan-giyim","11":"product_tag-baby-girl-striped-jersey-t-shirt","12":"product_tag-navy-blue-baby-girl-striped-jersey-t-shirt","13":"product_tag-navy-blue-striped-jersey-t-shirt-baby-girl","14":"product_tag-striped-jersey-t-shirt-baby-girl","15":"pa_brand-defacto","16":"pa_color-lacivert","17":"pa_size-12-18-ay-86cm","18":"pa_size-18-24-ay-92cm","19":"pa_size-2-3-yas-98cm","20":"pa_size-3-4-yas-104-cm","21":"pa_size-4-5-yas-110cm","22":"pa_size-5-6-yas-116cm","23":"pa_size-9-12-ay-80cm","25":"first","26":"instock","27":"sale","28":"shipping-taxable","29":"purchasable","30":"product-type-variable"},"_links":{"self":[{"href":"https:\/\/mod.wisdar.net\/tr\/wp-json\/wp\/v2\/product\/185730","targetHints":{"allow":["GET"]}}],"collection":[{"href":"https:\/\/mod.wisdar.net\/tr\/wp-json\/wp\/v2\/product"}],"about":[{"href":"https:\/\/mod.wisdar.net\/tr\/wp-json\/wp\/v2\/types\/product"}],"replies":[{"embeddable":true,"href":"https:\/\/mod.wisdar.net\/tr\/wp-json\/wp\/v2\/comments?post=185730"}],"wp:featuredmedia":[{"embeddable":true,"href":"https:\/\/mod.wisdar.net\/tr\/wp-json\/wp\/v2\/media\/185727"}],"wp:attachment":[{"href":"https:\/\/mod.wisdar.net\/tr\/wp-json\/wp\/v2\/media?parent=185730"}],"wp:term":[{"taxonomy":"product_brand","embeddable":true,"href":"https:\/\/mod.wisdar.net\/tr\/wp-json\/wp\/v2\/product_brand?post=185730"},{"taxonomy":"product_cat","embeddable":true,"href":"https:\/\/mod.wisdar.net\/tr\/wp-json\/wp\/v2\/product_cat?post=185730"},{"taxonomy":"product_tag","embeddable":true,"href":"https:\/\/mod.wisdar.net\/tr\/wp-json\/wp\/v2\/product_tag?post=185730"}],"curies":[{"name":"wp","href":"https:\/\/api.w.org\/{rel}","templated":true}]}}