{"id":185789,"date":"2026-03-30T12:58:01","date_gmt":"2026-03-30T12:58:01","guid":{"rendered":"https:\/\/modesthanim.com\/product\/wide-leg-krinkil-puantiyeli-pantolon-kiz-bebek\/"},"modified":"2026-03-30T12:58:32","modified_gmt":"2026-03-30T12:58:32","slug":"wide-leg-krinkil-puantiyeli-pantolon-kiz-bebek","status":"publish","type":"product","link":"https:\/\/mod.wisdar.net\/tr\/urun\/wide-leg-krinkil-puantiyeli-pantolon-kiz-bebek\/","title":{"rendered":"W\u0131de Leg Krink\u0131l Puantiyeli Pantolon K\u0131z Bebek"},"content":{"rendered":"<p>\u015e\u0131k puantiyeli deseni ve ak\u0131\u015fkan wide leg kesimiyle \u00f6ne \u00e7\u0131kan krink\u0131l pantolon, k\u0131z bebekler i\u00e7in hem sevimli hem de rahat bir se\u00e7enektir. Hafif ve nefes alabilen kuma\u015f\u0131 sayesinde g\u00fcn boyu konfor sa\u011flarken, tatl\u0131 tasar\u0131m\u0131yla kombinlere zarif bir dokunu\u015f katar.<\/p>\n<p>\u2014 Technical Details \u2014<br \/>\nMarka: Defacto<br \/>\nMen\u015fei: TR<br \/>\n\u00dcr\u00fcn Grubu: K\u0131z Bebek Pantolon<br \/>\nRenk: Ekru<br \/>\nKuma\u015f: Krink\u0131l Kuma\u015f<br \/>\nCinsiyet: K\u0131z Bebek<br \/>\nBel Detay\u0131: Normal Bel<br \/>\n\u00dcr\u00fcn Tipi: Pantolon<br \/>\nKal\u0131p: W\u0131de Leg<\/p>\n","protected":false},"excerpt":{"rendered":"<p>\u015e\u0131k puantiyeli deseni ve ak\u0131\u015fkan wide leg kesimiyle \u00f6ne \u00e7\u0131kan krink\u0131l pantolon, k\u0131z bebekler i\u00e7in hem sevimli hem de rahat bir se\u00e7enektir. Hafif ve nefes alabilen kuma\u015f\u0131 sayesinde g\u00fcn boyu konfor sa\u011flarken, tatl\u0131 tasar\u0131m\u0131yla kombinlere zarif bir dokunu\u015f katar. \u2014 Technical Details \u2014 Marka: Defacto Men\u015fei: TR \u00dcr\u00fcn Grubu: K\u0131z Bebek Pantolon Renk: Ekru Kuma\u015f: [&hellip;]<\/p>\n","protected":false},"featured_media":185786,"comment_status":"open","ping_status":"closed","template":"","meta":[],"product_brand":[],"product_cat":[8715,8694,8727,8697,8700],"product_tag":[6761,6757],"class_list":{"0":"post-185789","1":"product","2":"type-product","3":"status-publish","4":"has-post-thumbnail","6":"product_cat-kiz-cocuklari-2-14-yas","7":"product_cat-cocuklar","8":"product_cat-pantolon","9":"product_cat-yenidogan-0-12-ay","10":"product_cat-yenidogan-giyim","11":"product_tag-bol-paca","12":"product_tag-ekru","13":"pa_brand-defacto","14":"pa_color-ekru","15":"pa_size-12-18-ay-86cm","16":"pa_size-18-24-ay-92cm","17":"pa_size-2-3-yas-98cm","18":"pa_size-3-4-yas-104-cm","19":"pa_size-4-5-yas-110cm","20":"pa_size-5-6-yas-116cm","21":"pa_size-9-12-ay-80cm","23":"first","24":"instock","25":"sale","26":"shipping-taxable","27":"purchasable","28":"product-type-variable"},"_links":{"self":[{"href":"https:\/\/mod.wisdar.net\/tr\/wp-json\/wp\/v2\/product\/185789","targetHints":{"allow":["GET"]}}],"collection":[{"href":"https:\/\/mod.wisdar.net\/tr\/wp-json\/wp\/v2\/product"}],"about":[{"href":"https:\/\/mod.wisdar.net\/tr\/wp-json\/wp\/v2\/types\/product"}],"replies":[{"embeddable":true,"href":"https:\/\/mod.wisdar.net\/tr\/wp-json\/wp\/v2\/comments?post=185789"}],"wp:featuredmedia":[{"embeddable":true,"href":"https:\/\/mod.wisdar.net\/tr\/wp-json\/wp\/v2\/media\/185786"}],"wp:attachment":[{"href":"https:\/\/mod.wisdar.net\/tr\/wp-json\/wp\/v2\/media?parent=185789"}],"wp:term":[{"taxonomy":"product_brand","embeddable":true,"href":"https:\/\/mod.wisdar.net\/tr\/wp-json\/wp\/v2\/product_brand?post=185789"},{"taxonomy":"product_cat","embeddable":true,"href":"https:\/\/mod.wisdar.net\/tr\/wp-json\/wp\/v2\/product_cat?post=185789"},{"taxonomy":"product_tag","embeddable":true,"href":"https:\/\/mod.wisdar.net\/tr\/wp-json\/wp\/v2\/product_tag?post=185789"}],"curies":[{"name":"wp","href":"https:\/\/api.w.org\/{rel}","templated":true}]}}