{"id":185805,"date":"2026-03-30T12:58:10","date_gmt":"2026-03-30T12:58:10","guid":{"rendered":"https:\/\/modesthanim.com\/product\/tisort-tayt-2li-takim-kiz-bebek\/"},"modified":"2026-03-30T12:58:44","modified_gmt":"2026-03-30T12:58:44","slug":"tisort-tayt-2li-takim-kiz-bebek","status":"publish","type":"product","link":"https:\/\/mod.wisdar.net\/tr\/urun\/tisort-tayt-2li-takim-kiz-bebek\/","title":{"rendered":"Ti\u015f\u00f6rt Tayt 2&#8217;li Tak\u0131m K\u0131z Bebek"},"content":{"rendered":"<p>K\u0131z bebek 2\u2019li tak\u0131m, yumu\u015fak ve rahat kuma\u015f\u0131yla g\u00fcn boyu konfor sa\u011flar. Ti\u015f\u00f6rt ve tayt set, miniklerin tarz\u0131n\u0131 tamamlayarak hem g\u00fcnl\u00fck kullan\u0131m hem de oyun zaman\u0131 i\u00e7in idealdir.<\/p>\n<p>\u2014 Technical Details \u2014<br \/>\nKal\u0131p: Regular F\u0131t<br \/>\nTak\u0131m \u0130\u00e7eri\u011fi: 2&#8217;li<br \/>\nKuma\u015f: Sweatshirt Kuma\u015f\u0131<br \/>\nCinsiyet: K\u0131z Bebek<br \/>\nDesen: \u00c7i\u00e7ekli<br \/>\nRenk: Mor \/ A\u00e7\u0131k Lila<br \/>\nMarka: Defacto<br \/>\nMen\u015fei: TR<br \/>\n\u00dcr\u00fcn Grubu: K\u0131z Bebek Tak\u0131m \u2013 Set<\/p>\n","protected":false},"excerpt":{"rendered":"<p>K\u0131z bebek 2\u2019li tak\u0131m, yumu\u015fak ve rahat kuma\u015f\u0131yla g\u00fcn boyu konfor sa\u011flar. Ti\u015f\u00f6rt ve tayt set, miniklerin tarz\u0131n\u0131 tamamlayarak hem g\u00fcnl\u00fck kullan\u0131m hem de oyun zaman\u0131 i\u00e7in idealdir. \u2014 Technical Details \u2014 Kal\u0131p: Regular F\u0131t Tak\u0131m \u0130\u00e7eri\u011fi: 2&#8217;li Kuma\u015f: Sweatshirt Kuma\u015f\u0131 Cinsiyet: K\u0131z Bebek Desen: \u00c7i\u00e7ekli Renk: Mor \/ A\u00e7\u0131k Lila Marka: Defacto Men\u015fei: TR [&hellip;]<\/p>\n","protected":false},"featured_media":185797,"comment_status":"open","ping_status":"closed","template":"","meta":[],"product_brand":[],"product_cat":[8703,8721,8715,8694,8697],"product_tag":[12079,12076,12077,12080],"class_list":{"0":"post-185805","1":"product","2":"type-product","3":"status-publish","4":"has-post-thumbnail","6":"product_cat-bebek-setleri","7":"product_cat-kiz-cocuk-takimlari","8":"product_cat-kiz-cocuklari-2-14-yas","9":"product_cat-cocuklar","10":"product_cat-yenidogan-0-12-ay","11":"product_tag-baby-girl-t-shirt-leggings-2-piece-set","12":"product_tag-purple-baby-girl-t-shirt-leggings-2-piece-set","13":"product_tag-purple-t-shirt-leggings-2-piece-set-baby-girl","14":"product_tag-t-shirt-leggings-2-piece-set-baby-girl","15":"pa_brand-defacto","16":"pa_color-acik-lila","17":"pa_size-12-18-ay-86cm","18":"pa_size-18-24-ay-92cm","19":"pa_size-2-3-yas-98cm","20":"pa_size-3-4-yas-104-cm","21":"pa_size-4-5-yas-110cm","22":"pa_size-5-6-yas-116cm","23":"pa_size-9-12-ay-80cm","25":"first","26":"instock","27":"sale","28":"shipping-taxable","29":"purchasable","30":"product-type-variable"},"_links":{"self":[{"href":"https:\/\/mod.wisdar.net\/tr\/wp-json\/wp\/v2\/product\/185805","targetHints":{"allow":["GET"]}}],"collection":[{"href":"https:\/\/mod.wisdar.net\/tr\/wp-json\/wp\/v2\/product"}],"about":[{"href":"https:\/\/mod.wisdar.net\/tr\/wp-json\/wp\/v2\/types\/product"}],"replies":[{"embeddable":true,"href":"https:\/\/mod.wisdar.net\/tr\/wp-json\/wp\/v2\/comments?post=185805"}],"wp:featuredmedia":[{"embeddable":true,"href":"https:\/\/mod.wisdar.net\/tr\/wp-json\/wp\/v2\/media\/185797"}],"wp:attachment":[{"href":"https:\/\/mod.wisdar.net\/tr\/wp-json\/wp\/v2\/media?parent=185805"}],"wp:term":[{"taxonomy":"product_brand","embeddable":true,"href":"https:\/\/mod.wisdar.net\/tr\/wp-json\/wp\/v2\/product_brand?post=185805"},{"taxonomy":"product_cat","embeddable":true,"href":"https:\/\/mod.wisdar.net\/tr\/wp-json\/wp\/v2\/product_cat?post=185805"},{"taxonomy":"product_tag","embeddable":true,"href":"https:\/\/mod.wisdar.net\/tr\/wp-json\/wp\/v2\/product_tag?post=185805"}],"curies":[{"name":"wp","href":"https:\/\/api.w.org\/{rel}","templated":true}]}}