{"id":185853,"date":"2026-03-30T13:01:05","date_gmt":"2026-03-30T13:01:05","guid":{"rendered":"https:\/\/modesthanim.com\/product\/flamli-poplin-elbise-kiz-bebek\/"},"modified":"2026-03-30T13:01:29","modified_gmt":"2026-03-30T13:01:29","slug":"flamli-poplin-elbise-kiz-bebek","status":"publish","type":"product","link":"https:\/\/mod.wisdar.net\/tr\/urun\/flamli-poplin-elbise-kiz-bebek\/","title":{"rendered":"Flaml\u0131 Poplin Elbise K\u0131z Bebek"},"content":{"rendered":"<p>K\u0131z bebek flaml\u0131 poplin elbise, flaml\u0131 detaylar\u0131 ve sevimli tasar\u0131m\u0131 sayesinde g\u00fcnl\u00fck kullan\u0131mda veya \u00f6zel g\u00fcnlerde \u015f\u0131kl\u0131k sunar.<\/p>\n","protected":false},"excerpt":{"rendered":"<p>K\u0131z bebek flaml\u0131 poplin elbise, flaml\u0131 detaylar\u0131 ve sevimli tasar\u0131m\u0131 sayesinde g\u00fcnl\u00fck kullan\u0131mda veya \u00f6zel g\u00fcnlerde \u015f\u0131kl\u0131k sunar.<\/p>\n","protected":false},"featured_media":185850,"comment_status":"open","ping_status":"closed","template":"","meta":[],"product_brand":[],"product_cat":[8712,8718,8715,8694,8697],"product_tag":[12083,12084,12081,12082],"class_list":{"0":"post-185853","1":"product","2":"type-product","3":"status-publish","4":"has-post-thumbnail","6":"product_cat-bebek-elbiseleri","7":"product_cat-elbiseler-etekler","8":"product_cat-kiz-cocuklari-2-14-yas","9":"product_cat-cocuklar","10":"product_cat-yenidogan-0-12-ay","11":"product_tag-baby-girl-pleated-poplin-dress-girl","12":"product_tag-pleated-poplin-dress-baby-girl","13":"product_tag-red-baby-girl-pleated-poplin-dress","14":"product_tag-red-pleated-poplin-dress-baby-girl","15":"pa_brand-defacto","16":"pa_color-kirmizi","17":"pa_size-12-18-ay-86cm","18":"pa_size-18-24-ay-92cm","19":"pa_size-2-3-yas-98cm","20":"pa_size-3-4-yas-104-cm","21":"pa_size-4-5-yas-110cm","22":"pa_size-5-6-yas-116cm","23":"pa_size-9-12-ay-80cm","25":"first","26":"instock","27":"sale","28":"shipping-taxable","29":"purchasable","30":"product-type-variable"},"_links":{"self":[{"href":"https:\/\/mod.wisdar.net\/tr\/wp-json\/wp\/v2\/product\/185853","targetHints":{"allow":["GET"]}}],"collection":[{"href":"https:\/\/mod.wisdar.net\/tr\/wp-json\/wp\/v2\/product"}],"about":[{"href":"https:\/\/mod.wisdar.net\/tr\/wp-json\/wp\/v2\/types\/product"}],"replies":[{"embeddable":true,"href":"https:\/\/mod.wisdar.net\/tr\/wp-json\/wp\/v2\/comments?post=185853"}],"wp:featuredmedia":[{"embeddable":true,"href":"https:\/\/mod.wisdar.net\/tr\/wp-json\/wp\/v2\/media\/185850"}],"wp:attachment":[{"href":"https:\/\/mod.wisdar.net\/tr\/wp-json\/wp\/v2\/media?parent=185853"}],"wp:term":[{"taxonomy":"product_brand","embeddable":true,"href":"https:\/\/mod.wisdar.net\/tr\/wp-json\/wp\/v2\/product_brand?post=185853"},{"taxonomy":"product_cat","embeddable":true,"href":"https:\/\/mod.wisdar.net\/tr\/wp-json\/wp\/v2\/product_cat?post=185853"},{"taxonomy":"product_tag","embeddable":true,"href":"https:\/\/mod.wisdar.net\/tr\/wp-json\/wp\/v2\/product_tag?post=185853"}],"curies":[{"name":"wp","href":"https:\/\/api.w.org\/{rel}","templated":true}]}}