{"id":185895,"date":"2026-03-30T13:02:11","date_gmt":"2026-03-30T13:02:11","guid":{"rendered":"https:\/\/modesthanim.com\/product\/disney-lilo-stitch-2li-takim-kiz-bebek\/"},"modified":"2026-03-30T13:02:37","modified_gmt":"2026-03-30T13:02:37","slug":"disney-lilo-stitch-2li-takim-kiz-bebek","status":"publish","type":"product","link":"https:\/\/mod.wisdar.net\/tr\/urun\/disney-lilo-stitch-2li-takim-kiz-bebek\/","title":{"rendered":"D\u0131sney L\u0131lo &amp; St\u0131tch 2&#8217;li Tak\u0131m K\u0131z Bebek"},"content":{"rendered":"<p>Arad\u0131\u011f\u0131n Pembe K\u0131z Bebek D\u0131sney L\u0131lo &amp; St\u0131tch 2&#8217;li Tak\u0131m K\u0131z Bebek en uygun fiyatla DeFacto&#8217;da! Yeni sezon Pembe K\u0131z Bebek D\u0131sney L\u0131lo &amp; St\u0131tch 2&#8217;li Tak\u0131m K\u0131z Bebek i\u00e7in hemen DeFacto&#8217;ya t\u0131kla!<\/p>\n<p>\u2014 Technical Details \u2014<br \/>\nCinsiyet: K\u0131z Bebek<br \/>\nLisans Bilgisi: D\u0131sney L\u0131lo &amp; St\u0131tch<br \/>\nKal\u0131p: Regular F\u0131t<br \/>\nTak\u0131m \u0130\u00e7eri\u011fi: 2&#8217;li<br \/>\nMarka: Defacto<br \/>\nMen\u015fei: TR<br \/>\n\u00dcr\u00fcn Grubu: K\u0131z Bebek Tak\u0131m \u2013 Set<\/p>\n","protected":false},"excerpt":{"rendered":"<p>Arad\u0131\u011f\u0131n Pembe K\u0131z Bebek D\u0131sney L\u0131lo &amp; St\u0131tch 2&#8217;li Tak\u0131m K\u0131z Bebek en uygun fiyatla DeFacto&#8217;da! Yeni sezon Pembe K\u0131z Bebek D\u0131sney L\u0131lo &amp; St\u0131tch 2&#8217;li Tak\u0131m K\u0131z Bebek i\u00e7in hemen DeFacto&#8217;ya t\u0131kla! \u2014 Technical Details \u2014 Cinsiyet: K\u0131z Bebek Lisans Bilgisi: D\u0131sney L\u0131lo &amp; St\u0131tch Kal\u0131p: Regular F\u0131t Tak\u0131m \u0130\u00e7eri\u011fi: 2&#8217;li Marka: Defacto Men\u015fei: [&hellip;]<\/p>\n","protected":false},"featured_media":185891,"comment_status":"open","ping_status":"closed","template":"","meta":[],"product_brand":[],"product_cat":[8703,8721,8715,8694,8697],"product_tag":[12087,12088,12085,12086],"class_list":{"0":"post-185895","1":"product","2":"type-product","3":"status-publish","4":"has-post-thumbnail","6":"product_cat-bebek-setleri","7":"product_cat-kiz-cocuk-takimlari","8":"product_cat-kiz-cocuklari-2-14-yas","9":"product_cat-cocuklar","10":"product_cat-yenidogan-0-12-ay","11":"product_tag-baby-girl-disney-lilo-stitch-2-piece-set","12":"product_tag-disney-lilo-stitch-2-piece-set-for-baby-girls","13":"product_tag-pink-baby-girl-disney-lilo-stitch-2-piece-set","14":"product_tag-pink-disney-lilo-stitch-2-piece-set-for-baby-girls","15":"pa_brand-defacto","16":"pa_color-pembe","17":"pa_size-12-18-ay-86cm","18":"pa_size-18-24-ay-92cm","19":"pa_size-2-3-yas-98cm","20":"pa_size-3-4-yas-104-cm","21":"pa_size-4-5-yas-110cm","22":"pa_size-5-6-yas-116cm","23":"pa_size-9-12-ay-80cm","25":"first","26":"instock","27":"sale","28":"shipping-taxable","29":"purchasable","30":"product-type-variable"},"_links":{"self":[{"href":"https:\/\/mod.wisdar.net\/tr\/wp-json\/wp\/v2\/product\/185895","targetHints":{"allow":["GET"]}}],"collection":[{"href":"https:\/\/mod.wisdar.net\/tr\/wp-json\/wp\/v2\/product"}],"about":[{"href":"https:\/\/mod.wisdar.net\/tr\/wp-json\/wp\/v2\/types\/product"}],"replies":[{"embeddable":true,"href":"https:\/\/mod.wisdar.net\/tr\/wp-json\/wp\/v2\/comments?post=185895"}],"wp:featuredmedia":[{"embeddable":true,"href":"https:\/\/mod.wisdar.net\/tr\/wp-json\/wp\/v2\/media\/185891"}],"wp:attachment":[{"href":"https:\/\/mod.wisdar.net\/tr\/wp-json\/wp\/v2\/media?parent=185895"}],"wp:term":[{"taxonomy":"product_brand","embeddable":true,"href":"https:\/\/mod.wisdar.net\/tr\/wp-json\/wp\/v2\/product_brand?post=185895"},{"taxonomy":"product_cat","embeddable":true,"href":"https:\/\/mod.wisdar.net\/tr\/wp-json\/wp\/v2\/product_cat?post=185895"},{"taxonomy":"product_tag","embeddable":true,"href":"https:\/\/mod.wisdar.net\/tr\/wp-json\/wp\/v2\/product_tag?post=185895"}],"curies":[{"name":"wp","href":"https:\/\/api.w.org\/{rel}","templated":true}]}}