{"id":185936,"date":"2026-03-30T13:03:24","date_gmt":"2026-03-30T13:03:24","guid":{"rendered":"https:\/\/modesthanim.com\/product\/miffy-tisort-alt-2li-takim-kiz-bebek\/"},"modified":"2026-03-30T13:03:50","modified_gmt":"2026-03-30T13:03:50","slug":"miffy-tisort-alt-2li-takim-kiz-bebek","status":"publish","type":"product","link":"https:\/\/mod.wisdar.net\/tr\/urun\/miffy-tisort-alt-2li-takim-kiz-bebek\/","title":{"rendered":"Miffy Ti\u015f\u00f6rt Alt 2&#8217;li Tak\u0131m K\u0131z Bebek"},"content":{"rendered":"<p>Sevimli Miffy bask\u0131l\u0131 ti\u015f\u00f6rt ve rahat alttan olu\u015fan 2\u2019li k\u0131z bebek tak\u0131m\u0131, g\u00fcn boyu konfor sa\u011flar. Yumu\u015fak ve esnek kuma\u015f\u0131yla rahat hareket imk\u00e2n\u0131 sunarken, \u015firin tasar\u0131m\u0131yla bebeklerin tarz\u0131n\u0131 tamamlar.<\/p>\n<p>\u2014 Technical Details \u2014<br \/>\nKuma\u015f: Sweatshirt Kuma\u015f\u0131<br \/>\nKal\u0131p: Regular F\u0131t<br \/>\nCinsiyet: K\u0131z Bebek<br \/>\nRenk: Pembe<br \/>\nTak\u0131m \u0130\u00e7eri\u011fi: 2&#8217;li<\/p>\n","protected":false},"excerpt":{"rendered":"<p>Sevimli Miffy bask\u0131l\u0131 ti\u015f\u00f6rt ve rahat alttan olu\u015fan 2\u2019li k\u0131z bebek tak\u0131m\u0131, g\u00fcn boyu konfor sa\u011flar. Yumu\u015fak ve esnek kuma\u015f\u0131yla rahat hareket imk\u00e2n\u0131 sunarken, \u015firin tasar\u0131m\u0131yla bebeklerin tarz\u0131n\u0131 tamamlar. \u2014 Technical Details \u2014 Kuma\u015f: Sweatshirt Kuma\u015f\u0131 Kal\u0131p: Regular F\u0131t Cinsiyet: K\u0131z Bebek Renk: Pembe Tak\u0131m \u0130\u00e7eri\u011fi: 2&#8217;li<\/p>\n","protected":false},"featured_media":185932,"comment_status":"open","ping_status":"closed","template":"","meta":[],"product_brand":[],"product_cat":[8703,8721,8715,8694,8697],"product_tag":[12091,12092,12089,12090],"class_list":{"0":"post-185936","1":"product","2":"type-product","3":"status-publish","4":"has-post-thumbnail","6":"product_cat-bebek-setleri","7":"product_cat-kiz-cocuk-takimlari","8":"product_cat-kiz-cocuklari-2-14-yas","9":"product_cat-cocuklar","10":"product_cat-yenidogan-0-12-ay","11":"product_tag-baby-girl-miffy-t-shirt-bottom-2-piece-set","12":"product_tag-miffy-t-shirt-bottom-2-piece-set","13":"product_tag-pink-baby-girl-miffy-t-shirt-bottom-2-piece-set","14":"product_tag-pink-miffy-t-shirt-bottom-2-piece-set","15":"pa_brand-defacto","16":"pa_color-acik-pembe","17":"pa_size-12-18-ay-86cm","18":"pa_size-18-24-ay-92cm","19":"pa_size-2-3-yas-98cm","20":"pa_size-3-4-yas-104-cm","21":"pa_size-4-5-yas-110cm","22":"pa_size-5-6-yas-116cm","24":"first","25":"instock","26":"sale","27":"shipping-taxable","28":"purchasable","29":"product-type-variable"},"_links":{"self":[{"href":"https:\/\/mod.wisdar.net\/tr\/wp-json\/wp\/v2\/product\/185936","targetHints":{"allow":["GET"]}}],"collection":[{"href":"https:\/\/mod.wisdar.net\/tr\/wp-json\/wp\/v2\/product"}],"about":[{"href":"https:\/\/mod.wisdar.net\/tr\/wp-json\/wp\/v2\/types\/product"}],"replies":[{"embeddable":true,"href":"https:\/\/mod.wisdar.net\/tr\/wp-json\/wp\/v2\/comments?post=185936"}],"wp:featuredmedia":[{"embeddable":true,"href":"https:\/\/mod.wisdar.net\/tr\/wp-json\/wp\/v2\/media\/185932"}],"wp:attachment":[{"href":"https:\/\/mod.wisdar.net\/tr\/wp-json\/wp\/v2\/media?parent=185936"}],"wp:term":[{"taxonomy":"product_brand","embeddable":true,"href":"https:\/\/mod.wisdar.net\/tr\/wp-json\/wp\/v2\/product_brand?post=185936"},{"taxonomy":"product_cat","embeddable":true,"href":"https:\/\/mod.wisdar.net\/tr\/wp-json\/wp\/v2\/product_cat?post=185936"},{"taxonomy":"product_tag","embeddable":true,"href":"https:\/\/mod.wisdar.net\/tr\/wp-json\/wp\/v2\/product_tag?post=185936"}],"curies":[{"name":"wp","href":"https:\/\/api.w.org\/{rel}","templated":true}]}}