{"id":185979,"date":"2026-03-30T13:05:22","date_gmt":"2026-03-30T13:05:22","guid":{"rendered":"https:\/\/modesthanim.com\/product\/meyve-baskili-2li-takim-kiz-bebek\/"},"modified":"2026-03-30T13:05:50","modified_gmt":"2026-03-30T13:05:50","slug":"meyve-baskili-2li-takim-kiz-bebek","status":"publish","type":"product","link":"https:\/\/mod.wisdar.net\/tr\/urun\/meyve-baskili-2li-takim-kiz-bebek\/","title":{"rendered":"Meyve Bask\u0131l\u0131 2&#8217;li Tak\u0131m K\u0131z Bebek"},"content":{"rendered":"<p>Yumu\u015fak ve rahat kuma\u015f\u0131yla konforlu bir kullan\u0131m sunar. Renkli ve sevimli meyve desenleriyle \u015firin bir g\u00f6r\u00fcn\u00fcm kazand\u0131r\u0131r. G\u00fcnl\u00fck giyimde konforlu bir se\u00e7enektir.<\/p>\n<p>\u2014 Technical Details \u2014<br \/>\nCinsiyet: K\u0131z Bebek<br \/>\nKal\u0131p: Regular F\u0131t<br \/>\nTak\u0131m \u0130\u00e7eri\u011fi: 2&#8217;li<br \/>\nRenk: Ekru<br \/>\nMen\u015fei: TR<br \/>\n\u00dcr\u00fcn Grubu: K\u0131z Bebek Tak\u0131m \u2013 Set<\/p>\n","protected":false},"excerpt":{"rendered":"<p>Yumu\u015fak ve rahat kuma\u015f\u0131yla konforlu bir kullan\u0131m sunar. Renkli ve sevimli meyve desenleriyle \u015firin bir g\u00f6r\u00fcn\u00fcm kazand\u0131r\u0131r. G\u00fcnl\u00fck giyimde konforlu bir se\u00e7enektir. \u2014 Technical Details \u2014 Cinsiyet: K\u0131z Bebek Kal\u0131p: Regular F\u0131t Tak\u0131m \u0130\u00e7eri\u011fi: 2&#8217;li Renk: Ekru Men\u015fei: TR \u00dcr\u00fcn Grubu: K\u0131z Bebek Tak\u0131m \u2013 Set<\/p>\n","protected":false},"featured_media":185975,"comment_status":"open","ping_status":"closed","template":"","meta":[],"product_brand":[],"product_cat":[8721,8715,8694,8730,8697,8700],"product_tag":[12095,12093,12094,12096],"class_list":{"0":"post-185979","1":"product","2":"type-product","3":"status-publish","4":"has-post-thumbnail","6":"product_cat-kiz-cocuk-takimlari","7":"product_cat-kiz-cocuklari-2-14-yas","8":"product_cat-cocuklar","9":"product_cat-pijama","10":"product_cat-yenidogan-0-12-ay","11":"product_cat-yenidogan-giyim","12":"product_tag-baby-girl-fruit-print-2-piece-set","13":"product_tag-ecru-baby-girl-fruit-print-2-piece-set","14":"product_tag-ecru-fruit-print-2-piece-set-baby-girl","15":"product_tag-fruit-print-2-piece-set-baby-girl","16":"pa_brand-defacto","17":"pa_color-ekru","18":"pa_size-12-18-ay-86cm","19":"pa_size-18-24-ay-92cm","20":"pa_size-2-3-yas-98cm","21":"pa_size-3-4-yas-104-cm","22":"pa_size-4-5-yas-110cm","23":"pa_size-5-6-yas-116cm","24":"pa_size-6-9-ay-74cm","25":"pa_size-9-12-ay-80cm","27":"first","28":"instock","29":"sale","30":"shipping-taxable","31":"purchasable","32":"product-type-variable"},"_links":{"self":[{"href":"https:\/\/mod.wisdar.net\/tr\/wp-json\/wp\/v2\/product\/185979","targetHints":{"allow":["GET"]}}],"collection":[{"href":"https:\/\/mod.wisdar.net\/tr\/wp-json\/wp\/v2\/product"}],"about":[{"href":"https:\/\/mod.wisdar.net\/tr\/wp-json\/wp\/v2\/types\/product"}],"replies":[{"embeddable":true,"href":"https:\/\/mod.wisdar.net\/tr\/wp-json\/wp\/v2\/comments?post=185979"}],"wp:featuredmedia":[{"embeddable":true,"href":"https:\/\/mod.wisdar.net\/tr\/wp-json\/wp\/v2\/media\/185975"}],"wp:attachment":[{"href":"https:\/\/mod.wisdar.net\/tr\/wp-json\/wp\/v2\/media?parent=185979"}],"wp:term":[{"taxonomy":"product_brand","embeddable":true,"href":"https:\/\/mod.wisdar.net\/tr\/wp-json\/wp\/v2\/product_brand?post=185979"},{"taxonomy":"product_cat","embeddable":true,"href":"https:\/\/mod.wisdar.net\/tr\/wp-json\/wp\/v2\/product_cat?post=185979"},{"taxonomy":"product_tag","embeddable":true,"href":"https:\/\/mod.wisdar.net\/tr\/wp-json\/wp\/v2\/product_tag?post=185979"}],"curies":[{"name":"wp","href":"https:\/\/api.w.org\/{rel}","templated":true}]}}