{"id":186024,"date":"2026-03-30T13:08:01","date_gmt":"2026-03-30T13:08:01","guid":{"rendered":"https:\/\/modesthanim.com\/product\/cicekli-tisort-kareli-pantolon-2li-takim-kiz-bebek\/"},"modified":"2026-03-30T13:08:28","modified_gmt":"2026-03-30T13:08:28","slug":"cicekli-tisort-kareli-pantolon-2li-takim-kiz-bebek","status":"publish","type":"product","link":"https:\/\/mod.wisdar.net\/tr\/urun\/cicekli-tisort-kareli-pantolon-2li-takim-kiz-bebek\/","title":{"rendered":"\u00c7i\u00e7ekli Ti\u015f\u00f6rt Kareli Pantolon 2&#8217;li Tak\u0131m K\u0131z Bebek"},"content":{"rendered":"<p>Sevimli \u00e7i\u00e7ekli ti\u015f\u00f6rt ve \u015f\u0131k kareli pantolondan olu\u015fan 2\u2019li k\u0131z bebek tak\u0131m\u0131, yumu\u015fak ve rahat kuma\u015f\u0131yla g\u00fcn boyu konfor sa\u011flar. Tak\u0131m\u0131n uyumlu tasar\u0131m\u0131 sayesinde minikler hem rahat hem de tarz sahibi g\u00f6r\u00fcnebilir.<\/p>\n<p>\u2014 Technical Details \u2014<br \/>\nDesen: \u00c7i\u00e7ekli<br \/>\nKal\u0131p: Regular F\u0131t<br \/>\nCinsiyet: K\u0131z Bebek<br \/>\nTak\u0131m \u0130\u00e7eri\u011fi: 2&#8217;li<br \/>\nMen\u015fei: TR<br \/>\n\u00dcr\u00fcn Grubu: K\u0131z Bebek Tak\u0131m \u2013 Set<\/p>\n","protected":false},"excerpt":{"rendered":"<p>Sevimli \u00e7i\u00e7ekli ti\u015f\u00f6rt ve \u015f\u0131k kareli pantolondan olu\u015fan 2\u2019li k\u0131z bebek tak\u0131m\u0131, yumu\u015fak ve rahat kuma\u015f\u0131yla g\u00fcn boyu konfor sa\u011flar. Tak\u0131m\u0131n uyumlu tasar\u0131m\u0131 sayesinde minikler hem rahat hem de tarz sahibi g\u00f6r\u00fcnebilir. \u2014 Technical Details \u2014 Desen: \u00c7i\u00e7ekli Kal\u0131p: Regular F\u0131t Cinsiyet: K\u0131z Bebek Tak\u0131m \u0130\u00e7eri\u011fi: 2&#8217;li Men\u015fei: TR \u00dcr\u00fcn Grubu: K\u0131z Bebek Tak\u0131m \u2013 [&hellip;]<\/p>\n","protected":false},"featured_media":186020,"comment_status":"open","ping_status":"closed","template":"","meta":[],"product_brand":[],"product_cat":[8703,8721,8715,8694,8730,8697],"product_tag":[7508],"class_list":{"0":"post-186024","1":"product","2":"type-product","3":"status-publish","4":"has-post-thumbnail","6":"product_cat-bebek-setleri","7":"product_cat-kiz-cocuk-takimlari","8":"product_cat-kiz-cocuklari-2-14-yas","9":"product_cat-cocuklar","10":"product_cat-pijama","11":"product_cat-yenidogan-0-12-ay","12":"product_tag-cicekli","13":"pa_brand-defacto","14":"pa_color-acik-yesil-2","15":"pa_size-12-18-ay-86cm","16":"pa_size-18-24-ay-92cm","17":"pa_size-2-3-yas-98cm","18":"pa_size-3-4-yas-104-cm","19":"pa_size-4-5-yas-110cm","20":"pa_size-5-6-yas-116cm","21":"pa_size-9-12-ay-80cm","23":"first","24":"instock","25":"sale","26":"shipping-taxable","27":"purchasable","28":"product-type-variable"},"_links":{"self":[{"href":"https:\/\/mod.wisdar.net\/tr\/wp-json\/wp\/v2\/product\/186024","targetHints":{"allow":["GET"]}}],"collection":[{"href":"https:\/\/mod.wisdar.net\/tr\/wp-json\/wp\/v2\/product"}],"about":[{"href":"https:\/\/mod.wisdar.net\/tr\/wp-json\/wp\/v2\/types\/product"}],"replies":[{"embeddable":true,"href":"https:\/\/mod.wisdar.net\/tr\/wp-json\/wp\/v2\/comments?post=186024"}],"wp:featuredmedia":[{"embeddable":true,"href":"https:\/\/mod.wisdar.net\/tr\/wp-json\/wp\/v2\/media\/186020"}],"wp:attachment":[{"href":"https:\/\/mod.wisdar.net\/tr\/wp-json\/wp\/v2\/media?parent=186024"}],"wp:term":[{"taxonomy":"product_brand","embeddable":true,"href":"https:\/\/mod.wisdar.net\/tr\/wp-json\/wp\/v2\/product_brand?post=186024"},{"taxonomy":"product_cat","embeddable":true,"href":"https:\/\/mod.wisdar.net\/tr\/wp-json\/wp\/v2\/product_cat?post=186024"},{"taxonomy":"product_tag","embeddable":true,"href":"https:\/\/mod.wisdar.net\/tr\/wp-json\/wp\/v2\/product_tag?post=186024"}],"curies":[{"name":"wp","href":"https:\/\/api.w.org\/{rel}","templated":true}]}}