{"id":186085,"date":"2026-03-30T13:09:16","date_gmt":"2026-03-30T13:09:16","guid":{"rendered":"https:\/\/modesthanim.com\/product\/meyve-baskili-2li-takim-kiz-bebek-2\/"},"modified":"2026-03-30T13:09:52","modified_gmt":"2026-03-30T13:09:52","slug":"meyve-baskili-2li-takim-kiz-bebek-2","status":"publish","type":"product","link":"https:\/\/mod.wisdar.net\/tr\/urun\/meyve-baskili-2li-takim-kiz-bebek-2\/","title":{"rendered":"Meyve Bask\u0131l\u0131 2&#8217;li Tak\u0131m K\u0131z Bebek"},"content":{"rendered":"<p>Hafif ve yumu\u015fak kuma\u015f\u0131yla rahat bir kullan\u0131m sa\u011flar. Canl\u0131 meyve desenleriyle ne\u015feli ve sevimli bir g\u00f6r\u00fcn\u00fcm kazand\u0131r\u0131r.<\/p>\n<p>\u2014 Technical Details \u2014<br \/>\nKal\u0131p: Regular F\u0131t<br \/>\nCinsiyet: K\u0131z Bebek<br \/>\nTak\u0131m \u0130\u00e7eri\u011fi: 2&#8217;li<br \/>\nMen\u015fei: TR<br \/>\n\u00dcr\u00fcn Grubu: K\u0131z Bebek Tak\u0131m \u2013 Set<\/p>\n","protected":false},"excerpt":{"rendered":"<p>Hafif ve yumu\u015fak kuma\u015f\u0131yla rahat bir kullan\u0131m sa\u011flar. Canl\u0131 meyve desenleriyle ne\u015feli ve sevimli bir g\u00f6r\u00fcn\u00fcm kazand\u0131r\u0131r. \u2014 Technical Details \u2014 Kal\u0131p: Regular F\u0131t Cinsiyet: K\u0131z Bebek Tak\u0131m \u0130\u00e7eri\u011fi: 2&#8217;li Men\u015fei: TR \u00dcr\u00fcn Grubu: K\u0131z Bebek Tak\u0131m \u2013 Set<\/p>\n","protected":false},"featured_media":186081,"comment_status":"open","ping_status":"closed","template":"","meta":[],"product_brand":[],"product_cat":[8703,8721,8715,8694,8730,8697],"product_tag":[12095,12096,12097,12098],"class_list":{"0":"post-186085","1":"product","2":"type-product","3":"status-publish","4":"has-post-thumbnail","6":"product_cat-bebek-setleri","7":"product_cat-kiz-cocuk-takimlari","8":"product_cat-kiz-cocuklari-2-14-yas","9":"product_cat-cocuklar","10":"product_cat-pijama","11":"product_cat-yenidogan-0-12-ay","12":"product_tag-baby-girl-fruit-print-2-piece-set","13":"product_tag-fruit-print-2-piece-set-baby-girl","14":"product_tag-pink-baby-girl-fruit-print-2-piece-set","15":"product_tag-pink-fruit-print-2-piece-set-baby-girl","16":"pa_brand-defacto","17":"pa_color-pembe","18":"pa_size-12-18-ay-86cm","19":"pa_size-18-24-ay-92cm","20":"pa_size-2-3-yas-98cm","21":"pa_size-3-4-yas-104-cm","22":"pa_size-4-5-yas-110cm","23":"pa_size-5-6-yas-116cm","24":"pa_size-9-12-ay-80cm","26":"first","27":"instock","28":"sale","29":"shipping-taxable","30":"purchasable","31":"product-type-variable"},"_links":{"self":[{"href":"https:\/\/mod.wisdar.net\/tr\/wp-json\/wp\/v2\/product\/186085","targetHints":{"allow":["GET"]}}],"collection":[{"href":"https:\/\/mod.wisdar.net\/tr\/wp-json\/wp\/v2\/product"}],"about":[{"href":"https:\/\/mod.wisdar.net\/tr\/wp-json\/wp\/v2\/types\/product"}],"replies":[{"embeddable":true,"href":"https:\/\/mod.wisdar.net\/tr\/wp-json\/wp\/v2\/comments?post=186085"}],"wp:featuredmedia":[{"embeddable":true,"href":"https:\/\/mod.wisdar.net\/tr\/wp-json\/wp\/v2\/media\/186081"}],"wp:attachment":[{"href":"https:\/\/mod.wisdar.net\/tr\/wp-json\/wp\/v2\/media?parent=186085"}],"wp:term":[{"taxonomy":"product_brand","embeddable":true,"href":"https:\/\/mod.wisdar.net\/tr\/wp-json\/wp\/v2\/product_brand?post=186085"},{"taxonomy":"product_cat","embeddable":true,"href":"https:\/\/mod.wisdar.net\/tr\/wp-json\/wp\/v2\/product_cat?post=186085"},{"taxonomy":"product_tag","embeddable":true,"href":"https:\/\/mod.wisdar.net\/tr\/wp-json\/wp\/v2\/product_tag?post=186085"}],"curies":[{"name":"wp","href":"https:\/\/api.w.org\/{rel}","templated":true}]}}