{"id":186099,"date":"2026-03-30T13:09:26","date_gmt":"2026-03-30T13:09:26","guid":{"rendered":"https:\/\/modesthanim.com\/product\/cicekli-fitilli-kaskorse-tayt-kiz-bebek\/"},"modified":"2026-03-30T13:10:02","modified_gmt":"2026-03-30T13:10:02","slug":"cicekli-fitilli-kaskorse-tayt-kiz-bebek","status":"publish","type":"product","link":"https:\/\/mod.wisdar.net\/tr\/urun\/cicekli-fitilli-kaskorse-tayt-kiz-bebek\/","title":{"rendered":"\u00c7i\u00e7ekli Fitilli Ka\u015fkorse Tayt K\u0131z Bebek"},"content":{"rendered":"<p>\u00c7i\u00e7ek desenli fitilli ka\u015fkorse kuma\u015f\u0131yla tasarlanan k\u0131z bebek tayt, esnek yap\u0131s\u0131 sayesinde rahat bir kullan\u0131m sunar. Yumu\u015fak dokusu ve \u015f\u0131k tasar\u0131m\u0131yla g\u00fcnl\u00fck kombinlere sevimli bir dokunu\u015f katar.<\/p>\n<p>\u2014 Technical Details \u2014<br \/>\n\u00dcr\u00fcn Tipi: Tayt<br \/>\nKal\u0131p: Flare F\u0131t<br \/>\nKuma\u015f: Fitilli Ka\u015fkorse<br \/>\nRenk: Mor \/ A\u00e7\u0131k Lila<br \/>\nDesen: Floral<br \/>\nCinsiyet: K\u0131z Bebek<br \/>\nMen\u015fei: TR<br \/>\n\u00dcr\u00fcn Grubu: K\u0131z Bebek Tayt<\/p>\n","protected":false},"excerpt":{"rendered":"<p>\u00c7i\u00e7ek desenli fitilli ka\u015fkorse kuma\u015f\u0131yla tasarlanan k\u0131z bebek tayt, esnek yap\u0131s\u0131 sayesinde rahat bir kullan\u0131m sunar. Yumu\u015fak dokusu ve \u015f\u0131k tasar\u0131m\u0131yla g\u00fcnl\u00fck kombinlere sevimli bir dokunu\u015f katar. \u2014 Technical Details \u2014 \u00dcr\u00fcn Tipi: Tayt Kal\u0131p: Flare F\u0131t Kuma\u015f: Fitilli Ka\u015fkorse Renk: Mor \/ A\u00e7\u0131k Lila Desen: Floral Cinsiyet: K\u0131z Bebek Men\u015fei: TR \u00dcr\u00fcn Grubu: K\u0131z [&hellip;]<\/p>\n","protected":false},"featured_media":186093,"comment_status":"open","ping_status":"closed","template":"","meta":[],"product_brand":[],"product_cat":[8715,8694,8727,8697,8700],"product_tag":[12101,12102,12099,12100],"class_list":{"0":"post-186099","1":"product","2":"type-product","3":"status-publish","4":"has-post-thumbnail","6":"product_cat-kiz-cocuklari-2-14-yas","7":"product_cat-cocuklar","8":"product_cat-pantolon","9":"product_cat-yenidogan-0-12-ay","10":"product_cat-yenidogan-giyim","11":"product_tag-baby-girl-floral-ribbed-knit-leggings","12":"product_tag-floral-ribbed-knit-leggings-baby-girl","13":"product_tag-purple-baby-girl-floral-ribbed-knit-leggings","14":"product_tag-purple-floral-ribbed-knit-leggings-baby-girl","15":"pa_brand-defacto","16":"pa_color-acik-lila","17":"pa_size-12-18-ay-86cm","18":"pa_size-18-24-ay-92cm","19":"pa_size-2-3-yas-98cm","20":"pa_size-3-4-yas-104-cm","21":"pa_size-4-5-yas-110cm","22":"pa_size-5-6-yas-116cm","23":"pa_size-9-12-ay-80cm","25":"first","26":"instock","27":"sale","28":"shipping-taxable","29":"purchasable","30":"product-type-variable"},"_links":{"self":[{"href":"https:\/\/mod.wisdar.net\/tr\/wp-json\/wp\/v2\/product\/186099","targetHints":{"allow":["GET"]}}],"collection":[{"href":"https:\/\/mod.wisdar.net\/tr\/wp-json\/wp\/v2\/product"}],"about":[{"href":"https:\/\/mod.wisdar.net\/tr\/wp-json\/wp\/v2\/types\/product"}],"replies":[{"embeddable":true,"href":"https:\/\/mod.wisdar.net\/tr\/wp-json\/wp\/v2\/comments?post=186099"}],"wp:featuredmedia":[{"embeddable":true,"href":"https:\/\/mod.wisdar.net\/tr\/wp-json\/wp\/v2\/media\/186093"}],"wp:attachment":[{"href":"https:\/\/mod.wisdar.net\/tr\/wp-json\/wp\/v2\/media?parent=186099"}],"wp:term":[{"taxonomy":"product_brand","embeddable":true,"href":"https:\/\/mod.wisdar.net\/tr\/wp-json\/wp\/v2\/product_brand?post=186099"},{"taxonomy":"product_cat","embeddable":true,"href":"https:\/\/mod.wisdar.net\/tr\/wp-json\/wp\/v2\/product_cat?post=186099"},{"taxonomy":"product_tag","embeddable":true,"href":"https:\/\/mod.wisdar.net\/tr\/wp-json\/wp\/v2\/product_tag?post=186099"}],"curies":[{"name":"wp","href":"https:\/\/api.w.org\/{rel}","templated":true}]}}