{"id":186195,"date":"2026-03-30T13:54:02","date_gmt":"2026-03-30T13:54:02","guid":{"rendered":"https:\/\/modesthanim.com\/product\/tulay-etek-takim-bordo\/"},"modified":"2026-04-04T09:34:25","modified_gmt":"2026-04-04T09:34:25","slug":"tulay-etek-takim-bordo","status":"publish","type":"product","link":"https:\/\/mod.wisdar.net\/tr\/urun\/tulay-etek-takim-bordo\/","title":{"rendered":"T\u00fclay Etek Tak\u0131m Bordo"},"content":{"rendered":"<p>Tak\u0131m 1.S\u0131n\u0131f Para\u015f\u00fct Kuma\u015ft\u0131r. Tak\u0131m Tunik Cep G\u00f6r\u00fcn\u00fcm Detayl\u0131d\u0131r. Tak\u0131m Kol Ucu Lastiklidir. Tak\u0131m Bisiklet Yakad\u0131r. Tak\u0131m D\u00fc\u015f\u00fck Omuzludur. Tak\u0131m Yaka Arkas\u0131 Fermuarl\u0131d\u0131r. Tak\u0131m Etek Tam Boy Fermuar Detayl\u0131d\u0131r. Tak\u0131m Etek Cep Detay\u0131 Mevcuttur. Beli D\u00fc\u011fmeli ve Bel Arkas\u0131 Lastiklidir. Tak\u0131m Tunik Boy: 67cm Tak\u0131m Etek Boy: 93cm Tak\u0131m Etek Bel: 34cm<\/p>\n","protected":false},"excerpt":{"rendered":"<p>Tak\u0131m 1.S\u0131n\u0131f Para\u015f\u00fct Kuma\u015ft\u0131r. Tak\u0131m Tunik Cep G\u00f6r\u00fcn\u00fcm Detayl\u0131d\u0131r. Tak\u0131m Kol Ucu Lastiklidir. Tak\u0131m Bisiklet Yakad\u0131r. Tak\u0131m D\u00fc\u015f\u00fck Omuzludur. Tak\u0131m Yaka Arkas\u0131 Fermuarl\u0131d\u0131r. Tak\u0131m Etek Tam Boy Fermuar Detayl\u0131d\u0131r. Tak\u0131m Etek Cep Detay\u0131 Mevcuttur. Beli D\u00fc\u011fmeli ve Bel Arkas\u0131 Lastiklidir. Tak\u0131m Tunik Boy: 67cm Tak\u0131m Etek Boy: 93cm Tak\u0131m Etek Bel: 34cm<\/p>\n","protected":false},"featured_media":186191,"comment_status":"open","ping_status":"closed","template":"","meta":[],"product_brand":[],"product_cat":[1900],"product_tag":[8398,7428,6744,6765],"class_list":{"0":"post-186195","1":"product","2":"type-product","3":"status-publish","4":"has-post-thumbnail","6":"product_cat-koordinatlar-setler","7":"product_tag-etek-takim","8":"product_tag-fermuar-detayi","9":"product_tag-kadin-modasi","10":"product_tag-lastikli-bel","11":"pa_brand-butikkolik","12":"pa_color-bordo","13":"pa_size-1-38-40-42","14":"pa_size-2-42-44-46","16":"first","17":"instock","18":"sale","19":"shipping-taxable","20":"purchasable","21":"product-type-variable"},"_links":{"self":[{"href":"https:\/\/mod.wisdar.net\/tr\/wp-json\/wp\/v2\/product\/186195","targetHints":{"allow":["GET"]}}],"collection":[{"href":"https:\/\/mod.wisdar.net\/tr\/wp-json\/wp\/v2\/product"}],"about":[{"href":"https:\/\/mod.wisdar.net\/tr\/wp-json\/wp\/v2\/types\/product"}],"replies":[{"embeddable":true,"href":"https:\/\/mod.wisdar.net\/tr\/wp-json\/wp\/v2\/comments?post=186195"}],"wp:featuredmedia":[{"embeddable":true,"href":"https:\/\/mod.wisdar.net\/tr\/wp-json\/wp\/v2\/media\/186191"}],"wp:attachment":[{"href":"https:\/\/mod.wisdar.net\/tr\/wp-json\/wp\/v2\/media?parent=186195"}],"wp:term":[{"taxonomy":"product_brand","embeddable":true,"href":"https:\/\/mod.wisdar.net\/tr\/wp-json\/wp\/v2\/product_brand?post=186195"},{"taxonomy":"product_cat","embeddable":true,"href":"https:\/\/mod.wisdar.net\/tr\/wp-json\/wp\/v2\/product_cat?post=186195"},{"taxonomy":"product_tag","embeddable":true,"href":"https:\/\/mod.wisdar.net\/tr\/wp-json\/wp\/v2\/product_tag?post=186195"}],"curies":[{"name":"wp","href":"https:\/\/api.w.org\/{rel}","templated":true}]}}