{"id":186245,"date":"2026-03-30T13:55:13","date_gmt":"2026-03-30T13:55:13","guid":{"rendered":"https:\/\/modesthanim.com\/product\/serap-etekli-takim-gul-kurusu\/"},"modified":"2026-04-05T03:14:59","modified_gmt":"2026-04-05T03:14:59","slug":"serap-etekli-takim-gul-kurusu","status":"publish","type":"product","link":"https:\/\/mod.wisdar.net\/tr\/urun\/serap-etekli-takim-gul-kurusu\/","title":{"rendered":"Serap Etekli Tak\u0131m g\u00fcl kurusu"},"content":{"rendered":"<p>Tak\u0131m 1. S\u0131n\u0131f Double Krep Kuma\u015ft\u0131r. Yelek Tam Boy D\u00fc\u011fme Detayl\u0131d\u0131r. Yelek Cep Detay\u0131 Mevcuttur. Etek Beli Lastiklidir. Etek Plise Detayl\u0131d\u0131r. Yelek Boy: 65 cm Omuz: 51cm G\u00f6\u011f\u00fcs: 47cm Bel: 44cm Etek Boy: 90cm Bel: 33cm<\/p>\n","protected":false},"excerpt":{"rendered":"<p>Tak\u0131m 1. S\u0131n\u0131f Double Krep Kuma\u015ft\u0131r. Yelek Tam Boy D\u00fc\u011fme Detayl\u0131d\u0131r. Yelek Cep Detay\u0131 Mevcuttur. Etek Beli Lastiklidir. Etek Plise Detayl\u0131d\u0131r. Yelek Boy: 65 cm Omuz: 51cm G\u00f6\u011f\u00fcs: 47cm Bel: 44cm Etek Boy: 90cm Bel: 33cm<\/p>\n","protected":false},"featured_media":186236,"comment_status":"open","ping_status":"closed","template":"","meta":[],"product_brand":[],"product_cat":[1900],"product_tag":[8398,6744,7948,7600],"class_list":{"0":"post-186245","1":"product","2":"type-product","3":"status-publish","4":"has-post-thumbnail","6":"product_cat-koordinatlar-setler","7":"product_tag-etek-takim","8":"product_tag-kadin-modasi","9":"product_tag-krep-kumas","10":"product_tag-pileli-etek","11":"pa_brand-butikkolik","12":"pa_color-gul-kurusu","13":"pa_size-4706","14":"pa_size-4711","15":"pa_size-4713","16":"pa_size-4751","18":"first","19":"instock","20":"sale","21":"shipping-taxable","22":"purchasable","23":"product-type-variable"},"_links":{"self":[{"href":"https:\/\/mod.wisdar.net\/tr\/wp-json\/wp\/v2\/product\/186245","targetHints":{"allow":["GET"]}}],"collection":[{"href":"https:\/\/mod.wisdar.net\/tr\/wp-json\/wp\/v2\/product"}],"about":[{"href":"https:\/\/mod.wisdar.net\/tr\/wp-json\/wp\/v2\/types\/product"}],"replies":[{"embeddable":true,"href":"https:\/\/mod.wisdar.net\/tr\/wp-json\/wp\/v2\/comments?post=186245"}],"wp:featuredmedia":[{"embeddable":true,"href":"https:\/\/mod.wisdar.net\/tr\/wp-json\/wp\/v2\/media\/186236"}],"wp:attachment":[{"href":"https:\/\/mod.wisdar.net\/tr\/wp-json\/wp\/v2\/media?parent=186245"}],"wp:term":[{"taxonomy":"product_brand","embeddable":true,"href":"https:\/\/mod.wisdar.net\/tr\/wp-json\/wp\/v2\/product_brand?post=186245"},{"taxonomy":"product_cat","embeddable":true,"href":"https:\/\/mod.wisdar.net\/tr\/wp-json\/wp\/v2\/product_cat?post=186245"},{"taxonomy":"product_tag","embeddable":true,"href":"https:\/\/mod.wisdar.net\/tr\/wp-json\/wp\/v2\/product_tag?post=186245"}],"curies":[{"name":"wp","href":"https:\/\/api.w.org\/{rel}","templated":true}]}}