{"id":186285,"date":"2026-03-30T13:56:10","date_gmt":"2026-03-30T13:56:10","guid":{"rendered":"https:\/\/modesthanim.com\/product\/parla-elbise-bordo\/"},"modified":"2026-04-12T03:30:47","modified_gmt":"2026-04-12T03:30:47","slug":"parla-elbise-bordo","status":"publish","type":"product","link":"https:\/\/mod.wisdar.net\/tr\/urun\/parla-elbise-bordo\/","title":{"rendered":"Parla Elbise Bordo"},"content":{"rendered":"<p>Parla Elbise, kabartma desenli kesme \u015fifon kuma\u015ftan \u00fcretilmi\u015ftir. Kemer detay\u0131 elbiseyle birlikte gelmektedir. Arkas\u0131nda fermuar bulunan bu \u015f\u0131k elbisenin kollar\u0131 lastiklidir. \u00d6n ve arka k\u0131s\u0131mlar\u0131 kat detaylar\u0131yla zenginle\u015ftirilmi\u015ftir. Boyu 135 cm, g\u00f6\u011f\u00fcs \u00f6l\u00e7\u00fcs\u00fc 48 cm, omuz geni\u015fli\u011fi 38 cm ve bel \u00f6l\u00e7\u00fcs\u00fc 49 cm&#8217;dir. Astarl\u0131 olarak tasarlanm\u0131\u015ft\u0131r.<\/p>\n","protected":false},"excerpt":{"rendered":"<p>Parla Elbise, kabartma desenli kesme \u015fifon kuma\u015ftan \u00fcretilmi\u015ftir. Kemer detay\u0131 elbiseyle birlikte gelmektedir. Arkas\u0131nda fermuar bulunan bu \u015f\u0131k elbisenin kollar\u0131 lastiklidir. \u00d6n ve arka k\u0131s\u0131mlar\u0131 kat detaylar\u0131yla zenginle\u015ftirilmi\u015ftir. Boyu 135 cm, g\u00f6\u011f\u00fcs \u00f6l\u00e7\u00fcs\u00fc 48 cm, omuz geni\u015fli\u011fi 38 cm ve bel \u00f6l\u00e7\u00fcs\u00fc 49 cm&#8217;dir. Astarl\u0131 olarak tasarlanm\u0131\u015ft\u0131r.<\/p>\n","protected":false},"featured_media":186282,"comment_status":"open","ping_status":"closed","template":"","meta":[],"product_brand":[],"product_cat":[6249,1933],"product_tag":[],"class_list":{"0":"post-186285","1":"product","2":"type-product","3":"status-publish","4":"has-post-thumbnail","6":"product_cat-elbiseler","7":"product_cat-gunluk-ve-gunduz-elbiseleri","8":"pa_brand-butikkolik","9":"pa_color-bordo","10":"pa_size-4706","11":"pa_size-4711","12":"pa_size-4713","13":"pa_size-4751","15":"first","16":"outofstock","17":"shipping-taxable","18":"product-type-variable"},"_links":{"self":[{"href":"https:\/\/mod.wisdar.net\/tr\/wp-json\/wp\/v2\/product\/186285","targetHints":{"allow":["GET"]}}],"collection":[{"href":"https:\/\/mod.wisdar.net\/tr\/wp-json\/wp\/v2\/product"}],"about":[{"href":"https:\/\/mod.wisdar.net\/tr\/wp-json\/wp\/v2\/types\/product"}],"replies":[{"embeddable":true,"href":"https:\/\/mod.wisdar.net\/tr\/wp-json\/wp\/v2\/comments?post=186285"}],"wp:featuredmedia":[{"embeddable":true,"href":"https:\/\/mod.wisdar.net\/tr\/wp-json\/wp\/v2\/media\/186282"}],"wp:attachment":[{"href":"https:\/\/mod.wisdar.net\/tr\/wp-json\/wp\/v2\/media?parent=186285"}],"wp:term":[{"taxonomy":"product_brand","embeddable":true,"href":"https:\/\/mod.wisdar.net\/tr\/wp-json\/wp\/v2\/product_brand?post=186285"},{"taxonomy":"product_cat","embeddable":true,"href":"https:\/\/mod.wisdar.net\/tr\/wp-json\/wp\/v2\/product_cat?post=186285"},{"taxonomy":"product_tag","embeddable":true,"href":"https:\/\/mod.wisdar.net\/tr\/wp-json\/wp\/v2\/product_tag?post=186285"}],"curies":[{"name":"wp","href":"https:\/\/api.w.org\/{rel}","templated":true}]}}