{"id":186337,"date":"2026-03-30T13:57:12","date_gmt":"2026-03-30T13:57:12","guid":{"rendered":"https:\/\/modesthanim.com\/product\/parla-elbise-siyah\/"},"modified":"2026-04-04T15:44:10","modified_gmt":"2026-04-04T15:44:10","slug":"parla-elbise-siyah","status":"publish","type":"product","link":"https:\/\/mod.wisdar.net\/tr\/urun\/parla-elbise-siyah\/","title":{"rendered":"Parla Elbise Siyah"},"content":{"rendered":"<p>Bu elbise, kabartma desenli kesme \u015fifon kuma\u015ftan \u00fcretilmi\u015ftir. Kendinden kemer detay\u0131na sahiptir ve arkadan fermuar ile kapat\u0131l\u0131r. Kollar\u0131 lastikli olup \u00f6n ve arka k\u0131s\u0131mlar\u0131 kat detayl\u0131 tasar\u0131ma sahiptir. Elbise astarl\u0131d\u0131r ve \u00f6l\u00e7\u00fcleri \u015fu \u015fekildedir: Boy: 135 cm, G\u00f6\u011f\u00fcs: 48 cm, Omuz: 38 cm, Bel: 49 cm.<\/p>\n","protected":false},"excerpt":{"rendered":"<p>Bu elbise, kabartma desenli kesme \u015fifon kuma\u015ftan \u00fcretilmi\u015ftir. Kendinden kemer detay\u0131na sahiptir ve arkadan fermuar ile kapat\u0131l\u0131r. Kollar\u0131 lastikli olup \u00f6n ve arka k\u0131s\u0131mlar\u0131 kat detayl\u0131 tasar\u0131ma sahiptir. Elbise astarl\u0131d\u0131r ve \u00f6l\u00e7\u00fcleri \u015fu \u015fekildedir: Boy: 135 cm, G\u00f6\u011f\u00fcs: 48 cm, Omuz: 38 cm, Bel: 49 cm.<\/p>\n","protected":false},"featured_media":186334,"comment_status":"open","ping_status":"closed","template":"","meta":[],"product_brand":[],"product_cat":[6249,1933],"product_tag":[],"class_list":{"0":"post-186337","1":"product","2":"type-product","3":"status-publish","4":"has-post-thumbnail","6":"product_cat-elbiseler","7":"product_cat-gunluk-ve-gunduz-elbiseleri","8":"pa_brand-butikkolik","9":"pa_color-siyah","10":"pa_size-4706","11":"pa_size-4711","12":"pa_size-4713","13":"pa_size-4751","15":"first","16":"instock","17":"sale","18":"shipping-taxable","19":"purchasable","20":"product-type-variable"},"_links":{"self":[{"href":"https:\/\/mod.wisdar.net\/tr\/wp-json\/wp\/v2\/product\/186337","targetHints":{"allow":["GET"]}}],"collection":[{"href":"https:\/\/mod.wisdar.net\/tr\/wp-json\/wp\/v2\/product"}],"about":[{"href":"https:\/\/mod.wisdar.net\/tr\/wp-json\/wp\/v2\/types\/product"}],"replies":[{"embeddable":true,"href":"https:\/\/mod.wisdar.net\/tr\/wp-json\/wp\/v2\/comments?post=186337"}],"wp:featuredmedia":[{"embeddable":true,"href":"https:\/\/mod.wisdar.net\/tr\/wp-json\/wp\/v2\/media\/186334"}],"wp:attachment":[{"href":"https:\/\/mod.wisdar.net\/tr\/wp-json\/wp\/v2\/media?parent=186337"}],"wp:term":[{"taxonomy":"product_brand","embeddable":true,"href":"https:\/\/mod.wisdar.net\/tr\/wp-json\/wp\/v2\/product_brand?post=186337"},{"taxonomy":"product_cat","embeddable":true,"href":"https:\/\/mod.wisdar.net\/tr\/wp-json\/wp\/v2\/product_cat?post=186337"},{"taxonomy":"product_tag","embeddable":true,"href":"https:\/\/mod.wisdar.net\/tr\/wp-json\/wp\/v2\/product_tag?post=186337"}],"curies":[{"name":"wp","href":"https:\/\/api.w.org\/{rel}","templated":true}]}}