{"id":186373,"date":"2026-03-30T13:58:11","date_gmt":"2026-03-30T13:58:11","guid":{"rendered":"https:\/\/modesthanim.com\/product\/ecrin-yesil-elbise\/"},"modified":"2026-04-04T08:14:20","modified_gmt":"2026-04-04T08:14:20","slug":"ecrin-yesil-elbise","status":"publish","type":"product","link":"https:\/\/mod.wisdar.net\/tr\/urun\/ecrin-yesil-elbise\/","title":{"rendered":"Ecrin Ye\u015fil Elbise"},"content":{"rendered":"<p>Bu elbise, 1. s\u0131n\u0131f desenli ipek \u015fifon kuma\u015ftan \u00fcretilmi\u015ftir. Bel k\u0131sm\u0131 lastikli olup, astarl\u0131 bir yap\u0131ya sahiptir. Elbise \u00f6l\u00e7\u00fcleri: Boy: 158cm, G\u00f6\u011f\u00fcs: 49cm, Bel: 38cm.<\/p>\n","protected":false},"excerpt":{"rendered":"<p>Bu elbise, 1. s\u0131n\u0131f desenli ipek \u015fifon kuma\u015ftan \u00fcretilmi\u015ftir. Bel k\u0131sm\u0131 lastikli olup, astarl\u0131 bir yap\u0131ya sahiptir. Elbise \u00f6l\u00e7\u00fcleri: Boy: 158cm, G\u00f6\u011f\u00fcs: 49cm, Bel: 38cm.<\/p>\n","protected":false},"featured_media":186370,"comment_status":"open","ping_status":"closed","template":"","meta":[],"product_brand":[],"product_cat":[6249,1933],"product_tag":[],"class_list":{"0":"post-186373","1":"product","2":"type-product","3":"status-publish","4":"has-post-thumbnail","6":"product_cat-elbiseler","7":"product_cat-gunluk-ve-gunduz-elbiseleri","8":"pa_brand-butikkolik","9":"pa_color-yesil","10":"pa_size-1-36-38-2","11":"pa_size-2-40-42-2","13":"first","14":"instock","15":"sale","16":"shipping-taxable","17":"purchasable","18":"product-type-variable"},"_links":{"self":[{"href":"https:\/\/mod.wisdar.net\/tr\/wp-json\/wp\/v2\/product\/186373","targetHints":{"allow":["GET"]}}],"collection":[{"href":"https:\/\/mod.wisdar.net\/tr\/wp-json\/wp\/v2\/product"}],"about":[{"href":"https:\/\/mod.wisdar.net\/tr\/wp-json\/wp\/v2\/types\/product"}],"replies":[{"embeddable":true,"href":"https:\/\/mod.wisdar.net\/tr\/wp-json\/wp\/v2\/comments?post=186373"}],"wp:featuredmedia":[{"embeddable":true,"href":"https:\/\/mod.wisdar.net\/tr\/wp-json\/wp\/v2\/media\/186370"}],"wp:attachment":[{"href":"https:\/\/mod.wisdar.net\/tr\/wp-json\/wp\/v2\/media?parent=186373"}],"wp:term":[{"taxonomy":"product_brand","embeddable":true,"href":"https:\/\/mod.wisdar.net\/tr\/wp-json\/wp\/v2\/product_brand?post=186373"},{"taxonomy":"product_cat","embeddable":true,"href":"https:\/\/mod.wisdar.net\/tr\/wp-json\/wp\/v2\/product_cat?post=186373"},{"taxonomy":"product_tag","embeddable":true,"href":"https:\/\/mod.wisdar.net\/tr\/wp-json\/wp\/v2\/product_tag?post=186373"}],"curies":[{"name":"wp","href":"https:\/\/api.w.org\/{rel}","templated":true}]}}