{"id":186381,"date":"2026-03-30T13:58:16","date_gmt":"2026-03-30T13:58:16","guid":{"rendered":"https:\/\/modesthanim.com\/product\/parla-elbise-beyaz\/"},"modified":"2026-04-04T17:04:45","modified_gmt":"2026-04-04T17:04:45","slug":"parla-elbise-beyaz","status":"publish","type":"product","link":"https:\/\/mod.wisdar.net\/tr\/urun\/parla-elbise-beyaz\/","title":{"rendered":"Parla Elbise Beyaz"},"content":{"rendered":"<p>Elbise Kabartma Desenli Kesme \u015e\u0130fon Kuma\u015ft\u0131r<br \/>\nElbise Kendinden Kemerlidir<br \/>\nElbise Arkadan Fermuar Detayl\u0131d\u0131r<br \/>\nElbise Kollar\u0131 Lastikli, \u00d6n\u00fc ve Arkas\u0131 Kat Detayl\u0131d\u0131r<br \/>\nElbise Boy 135 cm G\u00f6\u011f\u00fcs 48cm Omuz 38cm Bel 49cm<br \/>\nElbise Astarl\u0131d\u0131r<\/p>\n","protected":false},"excerpt":{"rendered":"<p>Elbise Kabartma Desenli Kesme \u015e\u0130fon Kuma\u015ft\u0131r Elbise Kendinden Kemerlidir Elbise Arkadan Fermuar Detayl\u0131d\u0131r Elbise Kollar\u0131 Lastikli, \u00d6n\u00fc ve Arkas\u0131 Kat Detayl\u0131d\u0131r Elbise Boy 135 cm G\u00f6\u011f\u00fcs 48cm Omuz 38cm Bel 49cm Elbise Astarl\u0131d\u0131r<\/p>\n","protected":false},"featured_media":186376,"comment_status":"open","ping_status":"closed","template":"","meta":[],"product_brand":[],"product_cat":[6249,1933],"product_tag":[8420,6744,6924],"class_list":{"0":"post-186381","1":"product","2":"type-product","3":"status-publish","4":"has-post-thumbnail","6":"product_cat-elbiseler","7":"product_cat-gunluk-ve-gunduz-elbiseleri","8":"product_tag-gece-kiyafeti","9":"product_tag-kadin-modasi","10":"product_tag-sifon","11":"pa_brand-butikkolik","12":"pa_color-beyaz","13":"pa_size-4706","14":"pa_size-4711","15":"pa_size-4713","16":"pa_size-4751","18":"first","19":"instock","20":"sale","21":"shipping-taxable","22":"purchasable","23":"product-type-variable"},"_links":{"self":[{"href":"https:\/\/mod.wisdar.net\/tr\/wp-json\/wp\/v2\/product\/186381","targetHints":{"allow":["GET"]}}],"collection":[{"href":"https:\/\/mod.wisdar.net\/tr\/wp-json\/wp\/v2\/product"}],"about":[{"href":"https:\/\/mod.wisdar.net\/tr\/wp-json\/wp\/v2\/types\/product"}],"replies":[{"embeddable":true,"href":"https:\/\/mod.wisdar.net\/tr\/wp-json\/wp\/v2\/comments?post=186381"}],"wp:featuredmedia":[{"embeddable":true,"href":"https:\/\/mod.wisdar.net\/tr\/wp-json\/wp\/v2\/media\/186376"}],"wp:attachment":[{"href":"https:\/\/mod.wisdar.net\/tr\/wp-json\/wp\/v2\/media?parent=186381"}],"wp:term":[{"taxonomy":"product_brand","embeddable":true,"href":"https:\/\/mod.wisdar.net\/tr\/wp-json\/wp\/v2\/product_brand?post=186381"},{"taxonomy":"product_cat","embeddable":true,"href":"https:\/\/mod.wisdar.net\/tr\/wp-json\/wp\/v2\/product_cat?post=186381"},{"taxonomy":"product_tag","embeddable":true,"href":"https:\/\/mod.wisdar.net\/tr\/wp-json\/wp\/v2\/product_tag?post=186381"}],"curies":[{"name":"wp","href":"https:\/\/api.w.org\/{rel}","templated":true}]}}