{"id":186421,"date":"2026-03-30T13:59:40","date_gmt":"2026-03-30T13:59:40","guid":{"rendered":"https:\/\/modesthanim.com\/product\/ecrin-elbise-siyah\/"},"modified":"2026-04-04T17:13:01","modified_gmt":"2026-04-04T17:13:01","slug":"ecrin-elbise-siyah","status":"publish","type":"product","link":"https:\/\/mod.wisdar.net\/tr\/urun\/ecrin-elbise-siyah\/","title":{"rendered":"Ecrin Elbise Siyah"},"content":{"rendered":"<p>Elbise 1.S\u0131n\u0131f Desenli \u0130pek \u015eifon Kuma\u015ft\u0131r. Elbise Beli Lastiklidir. Elbise Astarl\u0131d\u0131r. Elbise Boy:158cm Elbise G\u00f6\u011f\u00fcs:49cm Elbise Bel:38cm<\/p>\n","protected":false},"excerpt":{"rendered":"<p>Elbise 1.S\u0131n\u0131f Desenli \u0130pek \u015eifon Kuma\u015ft\u0131r. Elbise Beli Lastiklidir. Elbise Astarl\u0131d\u0131r. Elbise Boy:158cm Elbise G\u00f6\u011f\u00fcs:49cm Elbise Bel:38cm<\/p>\n","protected":false},"featured_media":186418,"comment_status":"open","ping_status":"closed","template":"","meta":[],"product_brand":[],"product_cat":[6249,1933],"product_tag":[8420,6765,6937],"class_list":{"0":"post-186421","1":"product","2":"type-product","3":"status-publish","4":"has-post-thumbnail","6":"product_cat-elbiseler","7":"product_cat-gunluk-ve-gunduz-elbiseleri","8":"product_tag-gece-kiyafeti","9":"product_tag-lastikli-bel","10":"product_tag-siyah-elbise","11":"pa_brand-butikkolik","12":"pa_color-siyah","13":"pa_size-1-36-38-2","14":"pa_size-2-40-42-2","16":"first","17":"instock","18":"sale","19":"shipping-taxable","20":"purchasable","21":"product-type-variable"},"_links":{"self":[{"href":"https:\/\/mod.wisdar.net\/tr\/wp-json\/wp\/v2\/product\/186421","targetHints":{"allow":["GET"]}}],"collection":[{"href":"https:\/\/mod.wisdar.net\/tr\/wp-json\/wp\/v2\/product"}],"about":[{"href":"https:\/\/mod.wisdar.net\/tr\/wp-json\/wp\/v2\/types\/product"}],"replies":[{"embeddable":true,"href":"https:\/\/mod.wisdar.net\/tr\/wp-json\/wp\/v2\/comments?post=186421"}],"wp:featuredmedia":[{"embeddable":true,"href":"https:\/\/mod.wisdar.net\/tr\/wp-json\/wp\/v2\/media\/186418"}],"wp:attachment":[{"href":"https:\/\/mod.wisdar.net\/tr\/wp-json\/wp\/v2\/media?parent=186421"}],"wp:term":[{"taxonomy":"product_brand","embeddable":true,"href":"https:\/\/mod.wisdar.net\/tr\/wp-json\/wp\/v2\/product_brand?post=186421"},{"taxonomy":"product_cat","embeddable":true,"href":"https:\/\/mod.wisdar.net\/tr\/wp-json\/wp\/v2\/product_cat?post=186421"},{"taxonomy":"product_tag","embeddable":true,"href":"https:\/\/mod.wisdar.net\/tr\/wp-json\/wp\/v2\/product_tag?post=186421"}],"curies":[{"name":"wp","href":"https:\/\/api.w.org\/{rel}","templated":true}]}}