{"id":186427,"date":"2026-03-30T13:59:45","date_gmt":"2026-03-30T13:59:45","guid":{"rendered":"https:\/\/modesthanim.com\/product\/ilknur-elbise-siyah\/"},"modified":"2026-03-30T14:00:08","modified_gmt":"2026-03-30T14:00:08","slug":"ilknur-elbise-siyah","status":"publish","type":"product","link":"https:\/\/mod.wisdar.net\/tr\/urun\/ilknur-elbise-siyah\/","title":{"rendered":"\u0130lknur Elbise Siyah"},"content":{"rendered":"<p>Elbise 1.S\u0131n\u0131f Dantel Kuma\u015ft\u0131r<br \/>\nElbise Yaka Arkas\u0131ndan Feremuarl\u0131d\u0131r<br \/>\nElbise Yakas\u0131 F\u0131rf\u0131r Detayl\u0131d\u0131r<br \/>\nElbise Astarl\u0131d\u0131r Elbisenin Kollar\u0131 Man\u015fetlidir<br \/>\nElbise Boy:142cm<br \/>\nElbise Omuz:40cm<br \/>\nElbise G\u00f6\u011f\u00fcs:40cm<br \/>\nElbise Bel 33cm<\/p>\n","protected":false},"excerpt":{"rendered":"<p>Elbise 1.S\u0131n\u0131f Dantel Kuma\u015ft\u0131r Elbise Yaka Arkas\u0131ndan Feremuarl\u0131d\u0131r Elbise Yakas\u0131 F\u0131rf\u0131r Detayl\u0131d\u0131r Elbise Astarl\u0131d\u0131r Elbisenin Kollar\u0131 Man\u015fetlidir Elbise Boy:142cm Elbise Omuz:40cm Elbise G\u00f6\u011f\u00fcs:40cm Elbise Bel 33cm<\/p>\n","protected":false},"featured_media":186424,"comment_status":"open","ping_status":"closed","template":"","meta":[],"product_brand":[],"product_cat":[6249,1933],"product_tag":[8427,6744,7959,6937],"class_list":{"0":"post-186427","1":"product","2":"type-product","3":"status-publish","4":"has-post-thumbnail","6":"product_cat-elbiseler","7":"product_cat-gunluk-ve-gunduz-elbiseleri","8":"product_tag-gece-elbisesi","9":"product_tag-kadin-modasi","10":"product_tag-resmi-giyim","11":"product_tag-siyah-elbise","12":"pa_brand-butikkolik","13":"pa_color-siyah","14":"pa_size-4706","15":"pa_size-4711","16":"pa_size-4713","17":"pa_size-4751","19":"first","20":"instock","21":"sale","22":"shipping-taxable","23":"purchasable","24":"product-type-variable"},"_links":{"self":[{"href":"https:\/\/mod.wisdar.net\/tr\/wp-json\/wp\/v2\/product\/186427","targetHints":{"allow":["GET"]}}],"collection":[{"href":"https:\/\/mod.wisdar.net\/tr\/wp-json\/wp\/v2\/product"}],"about":[{"href":"https:\/\/mod.wisdar.net\/tr\/wp-json\/wp\/v2\/types\/product"}],"replies":[{"embeddable":true,"href":"https:\/\/mod.wisdar.net\/tr\/wp-json\/wp\/v2\/comments?post=186427"}],"wp:featuredmedia":[{"embeddable":true,"href":"https:\/\/mod.wisdar.net\/tr\/wp-json\/wp\/v2\/media\/186424"}],"wp:attachment":[{"href":"https:\/\/mod.wisdar.net\/tr\/wp-json\/wp\/v2\/media?parent=186427"}],"wp:term":[{"taxonomy":"product_brand","embeddable":true,"href":"https:\/\/mod.wisdar.net\/tr\/wp-json\/wp\/v2\/product_brand?post=186427"},{"taxonomy":"product_cat","embeddable":true,"href":"https:\/\/mod.wisdar.net\/tr\/wp-json\/wp\/v2\/product_cat?post=186427"},{"taxonomy":"product_tag","embeddable":true,"href":"https:\/\/mod.wisdar.net\/tr\/wp-json\/wp\/v2\/product_tag?post=186427"}],"curies":[{"name":"wp","href":"https:\/\/api.w.org\/{rel}","templated":true}]}}