{"id":186581,"date":"2026-03-30T14:03:16","date_gmt":"2026-03-30T14:03:16","guid":{"rendered":"https:\/\/modesthanim.com\/product\/ebru-tulum-bordo\/"},"modified":"2026-04-05T03:23:35","modified_gmt":"2026-04-05T03:23:35","slug":"ebru-tulum-bordo","status":"publish","type":"product","link":"https:\/\/mod.wisdar.net\/tr\/urun\/ebru-tulum-bordo\/","title":{"rendered":"Ebru Tulum Bordo"},"content":{"rendered":"<p>Tulum, 1. S\u0131n\u0131f desenli ipek saten kuma\u015ftan \u00fcretilmi\u015ftir.<br \/>\nTulum yandan ve arkadan fermuarl\u0131 tasar\u0131ma sahiptir.<br \/>\nTulum bel k\u0131sm\u0131nda ip detay\u0131 bulunmaktad\u0131r.<br \/>\nTulum vatkal\u0131 yap\u0131dad\u0131r.<br \/>\nBoy: 148cm, Omuz: 37cm,<br \/>\nG\u00f6\u011f\u00fcs: 49cm, Bel: 39cm<\/p>\n","protected":false},"excerpt":{"rendered":"<p>Tulum, 1. S\u0131n\u0131f desenli ipek saten kuma\u015ftan \u00fcretilmi\u015ftir. Tulum yandan ve arkadan fermuarl\u0131 tasar\u0131ma sahiptir. Tulum bel k\u0131sm\u0131nda ip detay\u0131 bulunmaktad\u0131r. Tulum vatkal\u0131 yap\u0131dad\u0131r. Boy: 148cm, Omuz: 37cm, G\u00f6\u011f\u00fcs: 49cm, Bel: 39cm<\/p>\n","protected":false},"featured_media":186570,"comment_status":"open","ping_status":"closed","template":"","meta":[],"product_brand":[],"product_cat":[1900],"product_tag":[],"class_list":{"0":"post-186581","1":"product","2":"type-product","3":"status-publish","4":"has-post-thumbnail","6":"product_cat-koordinatlar-setler","7":"pa_brand-butikkolik","8":"pa_color-bordo","9":"pa_size-4706","10":"pa_size-4711","11":"pa_size-4713","12":"pa_size-4751","14":"first","15":"instock","16":"sale","17":"shipping-taxable","18":"purchasable","19":"product-type-variable"},"_links":{"self":[{"href":"https:\/\/mod.wisdar.net\/tr\/wp-json\/wp\/v2\/product\/186581","targetHints":{"allow":["GET"]}}],"collection":[{"href":"https:\/\/mod.wisdar.net\/tr\/wp-json\/wp\/v2\/product"}],"about":[{"href":"https:\/\/mod.wisdar.net\/tr\/wp-json\/wp\/v2\/types\/product"}],"replies":[{"embeddable":true,"href":"https:\/\/mod.wisdar.net\/tr\/wp-json\/wp\/v2\/comments?post=186581"}],"wp:featuredmedia":[{"embeddable":true,"href":"https:\/\/mod.wisdar.net\/tr\/wp-json\/wp\/v2\/media\/186570"}],"wp:attachment":[{"href":"https:\/\/mod.wisdar.net\/tr\/wp-json\/wp\/v2\/media?parent=186581"}],"wp:term":[{"taxonomy":"product_brand","embeddable":true,"href":"https:\/\/mod.wisdar.net\/tr\/wp-json\/wp\/v2\/product_brand?post=186581"},{"taxonomy":"product_cat","embeddable":true,"href":"https:\/\/mod.wisdar.net\/tr\/wp-json\/wp\/v2\/product_cat?post=186581"},{"taxonomy":"product_tag","embeddable":true,"href":"https:\/\/mod.wisdar.net\/tr\/wp-json\/wp\/v2\/product_tag?post=186581"}],"curies":[{"name":"wp","href":"https:\/\/api.w.org\/{rel}","templated":true}]}}