{"id":186634,"date":"2026-03-30T14:33:07","date_gmt":"2026-03-30T14:33:07","guid":{"rendered":"https:\/\/modesthanim.com\/product\/beli-lastikli-midi-elbise\/"},"modified":"2026-03-30T14:33:39","modified_gmt":"2026-03-30T14:33:39","slug":"beli-lastikli-midi-elbise","status":"publish","type":"product","link":"https:\/\/mod.wisdar.net\/tr\/urun\/beli-lastikli-midi-elbise\/","title":{"rendered":"Beli Lastikli Midi Elbise"},"content":{"rendered":"<p>Beli lastikli tasar\u0131m\u0131yla konfor ve \u015f\u0131kl\u0131\u011f\u0131 bir araya getiren midi elbise, feminen bir siluet olu\u015fturur. Hafif ve ak\u0131c\u0131 kuma\u015f\u0131, g\u00fcn boyu rahat bir kullan\u0131m sa\u011flar.<\/p>\n","protected":false},"excerpt":{"rendered":"<p>Beli lastikli tasar\u0131m\u0131yla konfor ve \u015f\u0131kl\u0131\u011f\u0131 bir araya getiren midi elbise, feminen bir siluet olu\u015fturur. Hafif ve ak\u0131c\u0131 kuma\u015f\u0131, g\u00fcn boyu rahat bir kullan\u0131m sa\u011flar.<\/p>\n","protected":false},"featured_media":186628,"comment_status":"open","ping_status":"closed","template":"","meta":[],"product_brand":[],"product_cat":[6249,1933],"product_tag":[12123,12119,12117,12121],"class_list":{"0":"post-186634","1":"product","2":"type-product","3":"status-publish","4":"has-post-thumbnail","6":"product_cat-elbiseler","7":"product_cat-gunluk-ve-gunduz-elbiseleri","8":"product_tag-beli-lastikli-midi-elbise","9":"product_tag-bordo-beli-lastikli-midi-elbise","10":"product_tag-bordo-kadin-beli-lastikli-midi-elbise","11":"product_tag-kadin-beli-lastikli-midi-elbise","12":"pa_brand-defacto","13":"pa_color-bordo","14":"pa_size-4701","15":"pa_size-4706","16":"pa_size-4711","17":"pa_size-4713","19":"first","20":"instock","21":"shipping-taxable","22":"purchasable","23":"product-type-variable"},"_links":{"self":[{"href":"https:\/\/mod.wisdar.net\/tr\/wp-json\/wp\/v2\/product\/186634","targetHints":{"allow":["GET"]}}],"collection":[{"href":"https:\/\/mod.wisdar.net\/tr\/wp-json\/wp\/v2\/product"}],"about":[{"href":"https:\/\/mod.wisdar.net\/tr\/wp-json\/wp\/v2\/types\/product"}],"replies":[{"embeddable":true,"href":"https:\/\/mod.wisdar.net\/tr\/wp-json\/wp\/v2\/comments?post=186634"}],"wp:featuredmedia":[{"embeddable":true,"href":"https:\/\/mod.wisdar.net\/tr\/wp-json\/wp\/v2\/media\/186628"}],"wp:attachment":[{"href":"https:\/\/mod.wisdar.net\/tr\/wp-json\/wp\/v2\/media?parent=186634"}],"wp:term":[{"taxonomy":"product_brand","embeddable":true,"href":"https:\/\/mod.wisdar.net\/tr\/wp-json\/wp\/v2\/product_brand?post=186634"},{"taxonomy":"product_cat","embeddable":true,"href":"https:\/\/mod.wisdar.net\/tr\/wp-json\/wp\/v2\/product_cat?post=186634"},{"taxonomy":"product_tag","embeddable":true,"href":"https:\/\/mod.wisdar.net\/tr\/wp-json\/wp\/v2\/product_tag?post=186634"}],"curies":[{"name":"wp","href":"https:\/\/api.w.org\/{rel}","templated":true}]}}