{"id":186650,"date":"2026-03-30T14:33:14","date_gmt":"2026-03-30T14:33:14","guid":{"rendered":"https:\/\/modesthanim.com\/product\/volanli-modal-bluz\/"},"modified":"2026-04-11T06:16:38","modified_gmt":"2026-04-11T06:16:38","slug":"volanli-modal-bluz","status":"publish","type":"product","link":"https:\/\/mod.wisdar.net\/tr\/urun\/volanli-modal-bluz\/","title":{"rendered":"Volanl\u0131 Modal Bluz"},"content":{"rendered":"<p>Regular fit kesimi ve modal kuma\u015f\u0131yla bu V yaka volanl\u0131 uzun kollu bluz, \u015f\u0131kl\u0131\u011f\u0131 ve rahatl\u0131\u011f\u0131 m\u00fckemmel bir \u015fekilde birle\u015ftirir. Volan detaylar\u0131, bluze zarif bir hava katarken, V yaka tasar\u0131m\u0131 \u015f\u0131kl\u0131\u011f\u0131 vurgular. Hem ofis hem de g\u00fcnl\u00fck kombinler i\u00e7in ideal bir se\u00e7enek.<\/p>\n<p>\u2014 Technical Details \u2014<br \/>\nKuma\u015f: Modal<br \/>\n\u00dcr\u00fcn Tipi: Uzun Kollu Bluz<br \/>\nCinsiyet: Kad\u0131n<br \/>\nKol Boyu: Uzun Kollu<br \/>\nKol Detay\u0131: Balon Kollu<br \/>\nKal\u0131p: Regular F\u0131t<br \/>\nPa\u00e7a Detay: D\u00fcz Pa\u00e7a<br \/>\nYaka: V Yaka<br \/>\nModelin \u00d6l\u00e7\u00fcleri: S Beden \u2013 1,77cm \u2013 85\/62\/89<br \/>\nNumune Bedeni: S<br \/>\nMarka: Defacto<br \/>\nMen\u015fei: TR<br \/>\n\u00dcr\u00fcn Grubu: Kad\u0131n Bluz<\/p>\n","protected":false},"excerpt":{"rendered":"<p>Regular fit kesimi ve modal kuma\u015f\u0131yla bu V yaka volanl\u0131 uzun kollu bluz, \u015f\u0131kl\u0131\u011f\u0131 ve rahatl\u0131\u011f\u0131 m\u00fckemmel bir \u015fekilde birle\u015ftirir. Volan detaylar\u0131, bluze zarif bir hava katarken, V yaka tasar\u0131m\u0131 \u015f\u0131kl\u0131\u011f\u0131 vurgular. Hem ofis hem de g\u00fcnl\u00fck kombinler i\u00e7in ideal bir se\u00e7enek. \u2014 Technical Details \u2014 Kuma\u015f: Modal \u00dcr\u00fcn Tipi: Uzun Kollu Bluz Cinsiyet: Kad\u0131n [&hellip;]<\/p>\n","protected":false},"featured_media":186639,"comment_status":"open","ping_status":"closed","template":"","meta":[],"product_brand":[],"product_cat":[1909],"product_tag":[12124,12120,12118,12122],"class_list":{"0":"post-186650","1":"product","2":"type-product","3":"status-publish","4":"has-post-thumbnail","6":"product_cat-bluzlar-ve-gomlekler","7":"product_tag-flounced-modal-blouse","8":"product_tag-pink-flounced-modal-blouse","9":"product_tag-pink-women-flounced-modal-blouse","10":"product_tag-women-flounced-modal-blouse","11":"pa_brand-defacto","12":"pa_color-gulkurusu","13":"pa_size-l","14":"pa_size-m","15":"pa_size-s","16":"pa_size-xl","17":"pa_size-xs","19":"first","20":"instock","21":"shipping-taxable","22":"purchasable","23":"product-type-variable"},"_links":{"self":[{"href":"https:\/\/mod.wisdar.net\/tr\/wp-json\/wp\/v2\/product\/186650","targetHints":{"allow":["GET"]}}],"collection":[{"href":"https:\/\/mod.wisdar.net\/tr\/wp-json\/wp\/v2\/product"}],"about":[{"href":"https:\/\/mod.wisdar.net\/tr\/wp-json\/wp\/v2\/types\/product"}],"replies":[{"embeddable":true,"href":"https:\/\/mod.wisdar.net\/tr\/wp-json\/wp\/v2\/comments?post=186650"}],"wp:featuredmedia":[{"embeddable":true,"href":"https:\/\/mod.wisdar.net\/tr\/wp-json\/wp\/v2\/media\/186639"}],"wp:attachment":[{"href":"https:\/\/mod.wisdar.net\/tr\/wp-json\/wp\/v2\/media?parent=186650"}],"wp:term":[{"taxonomy":"product_brand","embeddable":true,"href":"https:\/\/mod.wisdar.net\/tr\/wp-json\/wp\/v2\/product_brand?post=186650"},{"taxonomy":"product_cat","embeddable":true,"href":"https:\/\/mod.wisdar.net\/tr\/wp-json\/wp\/v2\/product_cat?post=186650"},{"taxonomy":"product_tag","embeddable":true,"href":"https:\/\/mod.wisdar.net\/tr\/wp-json\/wp\/v2\/product_tag?post=186650"}],"curies":[{"name":"wp","href":"https:\/\/api.w.org\/{rel}","templated":true}]}}