{"id":186721,"date":"2026-03-30T14:35:14","date_gmt":"2026-03-30T14:35:14","guid":{"rendered":"https:\/\/modesthanim.com\/product\/kareli-gofre-dokulu-bluz\/"},"modified":"2026-04-02T20:23:22","modified_gmt":"2026-04-02T20:23:22","slug":"kareli-gofre-dokulu-bluz","status":"publish","type":"product","link":"https:\/\/mod.wisdar.net\/tr\/urun\/kareli-gofre-dokulu-bluz\/","title":{"rendered":"Kareli Gofre Dokulu Bluz"},"content":{"rendered":"<p>\u015e\u0131k ve modern bir g\u00f6r\u00fcn\u00fcm sunan Kareli Gofre Dokulu Bluz, hafif dokusu ile g\u00fcn boyu rahatl\u0131k sa\u011flar. Kareli desen detaylar\u0131 kombininize hareket katar ve her stile kolayca uyum sa\u011flar. Pantolon veya eteklerle tamamlayarak hem g\u00fcnl\u00fck hem de \u015f\u0131k kombinler olu\u015fturabilirsiniz.<\/p>\n<p>\u2014 Technical Details \u2014<br \/>\n\u00dcr\u00fcn Tipi: Uzun Kollu Bluz<br \/>\nDesen: Kareli<br \/>\nKal\u0131p: Regular F\u0131t<br \/>\nKol Boyu: Uzun Kollu<br \/>\nKol Detay\u0131: Balon Kollu<br \/>\nKuma\u015f: Gofre Dokulu<br \/>\nRenk: Kahverengi<br \/>\nYaka: V Yaka<br \/>\nPa\u00e7a Detay: D\u00fcz Pa\u00e7a<br \/>\nCinsiyet: Kad\u0131n<\/p>\n","protected":false},"excerpt":{"rendered":"<p>\u015e\u0131k ve modern bir g\u00f6r\u00fcn\u00fcm sunan Kareli Gofre Dokulu Bluz, hafif dokusu ile g\u00fcn boyu rahatl\u0131k sa\u011flar. Kareli desen detaylar\u0131 kombininize hareket katar ve her stile kolayca uyum sa\u011flar. Pantolon veya eteklerle tamamlayarak hem g\u00fcnl\u00fck hem de \u015f\u0131k kombinler olu\u015fturabilirsiniz. \u2014 Technical Details \u2014 \u00dcr\u00fcn Tipi: Uzun Kollu Bluz Desen: Kareli Kal\u0131p: Regular F\u0131t Kol [&hellip;]<\/p>\n","protected":false},"featured_media":186711,"comment_status":"open","ping_status":"closed","template":"","meta":[],"product_brand":[],"product_cat":[5632],"product_tag":[12129,12127,12132,12131],"class_list":{"0":"post-186721","1":"product","2":"type-product","3":"status-publish","4":"has-post-thumbnail","6":"product_cat-kadin-modasi","7":"product_tag-brown-check-pleated-blouse","8":"product_tag-brown-women-check-pleated-blouse","9":"product_tag-check-pleated-blouse","10":"product_tag-women-check-pleated-blouse","11":"pa_brand-defacto","12":"pa_color-acik-kahve","13":"pa_size-l","14":"pa_size-m","15":"pa_size-s","16":"pa_size-xl","17":"pa_size-xs","19":"first","20":"outofstock","21":"shipping-taxable","22":"product-type-variable"},"_links":{"self":[{"href":"https:\/\/mod.wisdar.net\/tr\/wp-json\/wp\/v2\/product\/186721","targetHints":{"allow":["GET"]}}],"collection":[{"href":"https:\/\/mod.wisdar.net\/tr\/wp-json\/wp\/v2\/product"}],"about":[{"href":"https:\/\/mod.wisdar.net\/tr\/wp-json\/wp\/v2\/types\/product"}],"replies":[{"embeddable":true,"href":"https:\/\/mod.wisdar.net\/tr\/wp-json\/wp\/v2\/comments?post=186721"}],"wp:featuredmedia":[{"embeddable":true,"href":"https:\/\/mod.wisdar.net\/tr\/wp-json\/wp\/v2\/media\/186711"}],"wp:attachment":[{"href":"https:\/\/mod.wisdar.net\/tr\/wp-json\/wp\/v2\/media?parent=186721"}],"wp:term":[{"taxonomy":"product_brand","embeddable":true,"href":"https:\/\/mod.wisdar.net\/tr\/wp-json\/wp\/v2\/product_brand?post=186721"},{"taxonomy":"product_cat","embeddable":true,"href":"https:\/\/mod.wisdar.net\/tr\/wp-json\/wp\/v2\/product_cat?post=186721"},{"taxonomy":"product_tag","embeddable":true,"href":"https:\/\/mod.wisdar.net\/tr\/wp-json\/wp\/v2\/product_tag?post=186721"}],"curies":[{"name":"wp","href":"https:\/\/api.w.org\/{rel}","templated":true}]}}