{"id":186730,"date":"2026-03-30T14:35:15","date_gmt":"2026-03-30T14:35:15","guid":{"rendered":"https:\/\/modesthanim.com\/product\/overshirt-fit-fular-yaka-simli-capraz-dokuma-bluz\/"},"modified":"2026-04-15T22:23:52","modified_gmt":"2026-04-15T22:23:52","slug":"overshirt-fit-fular-yaka-simli-capraz-dokuma-bluz","status":"publish","type":"product","link":"https:\/\/mod.wisdar.net\/tr\/urun\/overshirt-fit-fular-yaka-simli-capraz-dokuma-bluz\/","title":{"rendered":"Oversh\u0131rt F\u0131t Fular Yaka Simli \u00c7apraz Dokuma Bluz"},"content":{"rendered":"<p>Overshirt fit fular yaka simli twill bluz, modern kesimi ve \u0131\u015f\u0131lt\u0131l\u0131 dokusuyla \u015f\u0131kl\u0131\u011f\u0131 \u00f6n plana \u00e7\u0131kar\u0131r. Twill kuma\u015f\u0131n ak\u0131c\u0131 yap\u0131s\u0131 g\u00fcn boyu konfor sunarken, fular yaka detay\u0131 tasar\u0131ma zarif bir hava katar. Hem ofis hem de \u00f6zel kombinlerde rahatl\u0131kla tercih edilebilir.<\/p>\n<p>\u2014 Technical Details \u2014<br \/>\n\u00dcr\u00fcn Tipi: Uzun Kollu Bluz<br \/>\nRenk: Siyah<br \/>\nKol Boyu: Uzun Kollu<br \/>\nKuma\u015f: Twill<br \/>\nCinsiyet: Kad\u0131n<br \/>\nKol Detay\u0131: Balon Kollu<br \/>\nYaka: Fular Yaka<br \/>\nMarka: Defacto<br \/>\nMen\u015fei: TR<br \/>\n\u00dcr\u00fcn Grubu: Kad\u0131n Bluz<br \/>\nNumune Bedeni: S<\/p>\n","protected":false},"excerpt":{"rendered":"<p>Overshirt fit fular yaka simli twill bluz, modern kesimi ve \u0131\u015f\u0131lt\u0131l\u0131 dokusuyla \u015f\u0131kl\u0131\u011f\u0131 \u00f6n plana \u00e7\u0131kar\u0131r. Twill kuma\u015f\u0131n ak\u0131c\u0131 yap\u0131s\u0131 g\u00fcn boyu konfor sunarken, fular yaka detay\u0131 tasar\u0131ma zarif bir hava katar. Hem ofis hem de \u00f6zel kombinlerde rahatl\u0131kla tercih edilebilir. \u2014 Technical Details \u2014 \u00dcr\u00fcn Tipi: Uzun Kollu Bluz Renk: Siyah Kol Boyu: Uzun [&hellip;]<\/p>\n","protected":false},"featured_media":186712,"comment_status":"open","ping_status":"closed","template":"","meta":[],"product_brand":[],"product_cat":[5632],"product_tag":[12126,12125,12130,12128],"class_list":{"0":"post-186730","1":"product","2":"type-product","3":"status-publish","4":"has-post-thumbnail","6":"product_cat-kadin-modasi","7":"product_tag-black-overshirt-fit-scarf-neckline-embellished-twill-blouse","8":"product_tag-black-women-overshirt-fit-scarf-neckline-embellished-twill-blouse","9":"product_tag-overshirt-fit-scarf-neckline-embellished-twill-blouse","10":"product_tag-women-overshirt-fit-scarf-neckline-embellished-twill-blouse","11":"pa_brand-defacto","12":"pa_color-siyah","13":"pa_size-l","14":"pa_size-m","15":"pa_size-s","16":"pa_size-xl","17":"pa_size-xxl","19":"first","20":"outofstock","21":"shipping-taxable","22":"product-type-variable"},"_links":{"self":[{"href":"https:\/\/mod.wisdar.net\/tr\/wp-json\/wp\/v2\/product\/186730","targetHints":{"allow":["GET"]}}],"collection":[{"href":"https:\/\/mod.wisdar.net\/tr\/wp-json\/wp\/v2\/product"}],"about":[{"href":"https:\/\/mod.wisdar.net\/tr\/wp-json\/wp\/v2\/types\/product"}],"replies":[{"embeddable":true,"href":"https:\/\/mod.wisdar.net\/tr\/wp-json\/wp\/v2\/comments?post=186730"}],"wp:featuredmedia":[{"embeddable":true,"href":"https:\/\/mod.wisdar.net\/tr\/wp-json\/wp\/v2\/media\/186712"}],"wp:attachment":[{"href":"https:\/\/mod.wisdar.net\/tr\/wp-json\/wp\/v2\/media?parent=186730"}],"wp:term":[{"taxonomy":"product_brand","embeddable":true,"href":"https:\/\/mod.wisdar.net\/tr\/wp-json\/wp\/v2\/product_brand?post=186730"},{"taxonomy":"product_cat","embeddable":true,"href":"https:\/\/mod.wisdar.net\/tr\/wp-json\/wp\/v2\/product_cat?post=186730"},{"taxonomy":"product_tag","embeddable":true,"href":"https:\/\/mod.wisdar.net\/tr\/wp-json\/wp\/v2\/product_tag?post=186730"}],"curies":[{"name":"wp","href":"https:\/\/api.w.org\/{rel}","templated":true}]}}