{"id":186800,"date":"2026-03-30T14:37:08","date_gmt":"2026-03-30T14:37:08","guid":{"rendered":"https:\/\/modesthanim.com\/product\/%100-pamuk-straight-wide-yuksek-bel-jean-pantolon\/"},"modified":"2026-04-15T22:15:29","modified_gmt":"2026-04-15T22:15:29","slug":"%100-pamuk-straight-wide-yuksek-bel-jean-pantolon","status":"publish","type":"product","link":"https:\/\/mod.wisdar.net\/tr\/urun\/%100-pamuk-straight-wide-yuksek-bel-jean-pantolon\/","title":{"rendered":"%100 Pamuk Straight Wide Y\u00fcksek Bel Jean Pantolon"},"content":{"rendered":"<p>%100 Pamuk Straight Wide Y\u00fcksek Bel Jean Pantolon, y\u00fcksek bel tasar\u0131m\u0131 ve d\u00fcz geni\u015f pa\u00e7a kesimiyle hem rahat hem \u015f\u0131k bir g\u00f6r\u00fcn\u00fcm sunar. Pamuklu yap\u0131s\u0131 g\u00fcn boyu konfor sa\u011flarken, klasik denim stiliyle her kombine uyum sa\u011flar.<\/p>\n","protected":false},"excerpt":{"rendered":"<p>%100 Pamuk Straight Wide Y\u00fcksek Bel Jean Pantolon, y\u00fcksek bel tasar\u0131m\u0131 ve d\u00fcz geni\u015f pa\u00e7a kesimiyle hem rahat hem \u015f\u0131k bir g\u00f6r\u00fcn\u00fcm sunar. Pamuklu yap\u0131s\u0131 g\u00fcn boyu konfor sa\u011flarken, klasik denim stiliyle her kombine uyum sa\u011flar.<\/p>\n","protected":false},"featured_media":186786,"comment_status":"open","ping_status":"closed","template":"","meta":[],"product_brand":[],"product_cat":[1882],"product_tag":[],"class_list":{"0":"post-186800","1":"product","2":"type-product","3":"status-publish","4":"has-post-thumbnail","6":"product_cat-alt-giyim","7":"pa_brand-defacto","8":"pa_color-gri","9":"pa_size-4698","10":"pa_size-4701","11":"pa_size-4706","12":"pa_size-4711","13":"pa_size-4713","14":"pa_size-4751","16":"first","17":"instock","18":"shipping-taxable","19":"purchasable","20":"product-type-variable"},"_links":{"self":[{"href":"https:\/\/mod.wisdar.net\/tr\/wp-json\/wp\/v2\/product\/186800","targetHints":{"allow":["GET"]}}],"collection":[{"href":"https:\/\/mod.wisdar.net\/tr\/wp-json\/wp\/v2\/product"}],"about":[{"href":"https:\/\/mod.wisdar.net\/tr\/wp-json\/wp\/v2\/types\/product"}],"replies":[{"embeddable":true,"href":"https:\/\/mod.wisdar.net\/tr\/wp-json\/wp\/v2\/comments?post=186800"}],"wp:featuredmedia":[{"embeddable":true,"href":"https:\/\/mod.wisdar.net\/tr\/wp-json\/wp\/v2\/media\/186786"}],"wp:attachment":[{"href":"https:\/\/mod.wisdar.net\/tr\/wp-json\/wp\/v2\/media?parent=186800"}],"wp:term":[{"taxonomy":"product_brand","embeddable":true,"href":"https:\/\/mod.wisdar.net\/tr\/wp-json\/wp\/v2\/product_brand?post=186800"},{"taxonomy":"product_cat","embeddable":true,"href":"https:\/\/mod.wisdar.net\/tr\/wp-json\/wp\/v2\/product_cat?post=186800"},{"taxonomy":"product_tag","embeddable":true,"href":"https:\/\/mod.wisdar.net\/tr\/wp-json\/wp\/v2\/product_tag?post=186800"}],"curies":[{"name":"wp","href":"https:\/\/api.w.org\/{rel}","templated":true}]}}