{"id":186848,"date":"2026-03-30T14:37:54","date_gmt":"2026-03-30T14:37:54","guid":{"rendered":"https:\/\/modesthanim.com\/product\/%100-pamuk-dusuk-bel-uzun-jean-pantolon\/"},"modified":"2026-04-11T06:01:42","modified_gmt":"2026-04-11T06:01:42","slug":"%100-pamuk-dusuk-bel-uzun-jean-pantolon","status":"publish","type":"product","link":"https:\/\/mod.wisdar.net\/tr\/urun\/%100-pamuk-dusuk-bel-uzun-jean-pantolon\/","title":{"rendered":"%100 Pamuk D\u00fc\u015f\u00fck Bel Uzun Jean Pantolon"},"content":{"rendered":"<p>D\u00fc\u015f\u00fck bel uzun jean y\u0131kamal\u0131 pantolon, modern kesimi ve y\u0131kamal\u0131 g\u00f6r\u00fcn\u00fcm\u00fcyle dikkat \u00e7eker. Uzun pa\u00e7a formu bacak boyunu daha uzun g\u00f6sterirken rahat bir kullan\u0131m sunar. G\u00fcnl\u00fck ve \u015fehir stiline kolayca uyum sa\u011flar.<\/p>\n<p>\u2014 Technical Details \u2014<br \/>\nmodel_measurements: Modelin \u00d6l\u00e7\u00fcleri 36 Beden \u2013 1,77cm \u2013 78\/63\/90<br \/>\nsample_size: 36<br \/>\ngender: Kad\u0131n<br \/>\nwash_detail: Y\u0131kamal\u0131<br \/>\norigin: TR<br \/>\nproduct_group: Kad\u0131n Jean Pantolon<\/p>\n","protected":false},"excerpt":{"rendered":"<p>D\u00fc\u015f\u00fck bel uzun jean y\u0131kamal\u0131 pantolon, modern kesimi ve y\u0131kamal\u0131 g\u00f6r\u00fcn\u00fcm\u00fcyle dikkat \u00e7eker. Uzun pa\u00e7a formu bacak boyunu daha uzun g\u00f6sterirken rahat bir kullan\u0131m sunar. G\u00fcnl\u00fck ve \u015fehir stiline kolayca uyum sa\u011flar. \u2014 Technical Details \u2014 model_measurements: Modelin \u00d6l\u00e7\u00fcleri 36 Beden \u2013 1,77cm \u2013 78\/63\/90 sample_size: 36 gender: Kad\u0131n wash_detail: Y\u0131kamal\u0131 origin: TR product_group: Kad\u0131n [&hellip;]<\/p>\n","protected":false},"featured_media":186839,"comment_status":"open","ping_status":"closed","template":"","meta":[],"product_brand":[],"product_cat":[1882],"product_tag":[12136,12134,12133,12135],"class_list":{"0":"post-186848","1":"product","2":"type-product","3":"status-publish","4":"has-post-thumbnail","6":"product_cat-alt-giyim","7":"product_tag-100-cotton-low-rise-long-jean-pants","8":"product_tag-blue-100-cotton-low-rise-long-jean-pants","9":"product_tag-blue-womens-100-cotton-low-rise-long-jean-pants","10":"product_tag-womens-100-cotton-low-rise-long-jean-pants","11":"pa_brand-defacto","12":"pa_color-mavi","13":"pa_size-4698","14":"pa_size-4701","15":"pa_size-4706","16":"pa_size-4711","17":"pa_size-4713","18":"pa_size-4751","19":"pa_size-4749","21":"first","22":"outofstock","23":"shipping-taxable","24":"product-type-variable"},"_links":{"self":[{"href":"https:\/\/mod.wisdar.net\/tr\/wp-json\/wp\/v2\/product\/186848","targetHints":{"allow":["GET"]}}],"collection":[{"href":"https:\/\/mod.wisdar.net\/tr\/wp-json\/wp\/v2\/product"}],"about":[{"href":"https:\/\/mod.wisdar.net\/tr\/wp-json\/wp\/v2\/types\/product"}],"replies":[{"embeddable":true,"href":"https:\/\/mod.wisdar.net\/tr\/wp-json\/wp\/v2\/comments?post=186848"}],"wp:featuredmedia":[{"embeddable":true,"href":"https:\/\/mod.wisdar.net\/tr\/wp-json\/wp\/v2\/media\/186839"}],"wp:attachment":[{"href":"https:\/\/mod.wisdar.net\/tr\/wp-json\/wp\/v2\/media?parent=186848"}],"wp:term":[{"taxonomy":"product_brand","embeddable":true,"href":"https:\/\/mod.wisdar.net\/tr\/wp-json\/wp\/v2\/product_brand?post=186848"},{"taxonomy":"product_cat","embeddable":true,"href":"https:\/\/mod.wisdar.net\/tr\/wp-json\/wp\/v2\/product_cat?post=186848"},{"taxonomy":"product_tag","embeddable":true,"href":"https:\/\/mod.wisdar.net\/tr\/wp-json\/wp\/v2\/product_tag?post=186848"}],"curies":[{"name":"wp","href":"https:\/\/api.w.org\/{rel}","templated":true}]}}