{"id":186902,"date":"2026-03-30T14:39:46","date_gmt":"2026-03-30T14:39:46","guid":{"rendered":"https:\/\/modesthanim.com\/product\/straight-fit-yuksek-bel-uzun-jean-yikamali-pantolon\/"},"modified":"2026-04-04T05:32:33","modified_gmt":"2026-04-04T05:32:33","slug":"straight-fit-yuksek-bel-uzun-jean-yikamali-pantolon","status":"publish","type":"product","link":"https:\/\/mod.wisdar.net\/tr\/urun\/straight-fit-yuksek-bel-uzun-jean-yikamali-pantolon\/","title":{"rendered":"Stra\u0131ght F\u0131t Y\u00fcksek Bel Uzun Jean Y\u0131kamal\u0131 Pantolon"},"content":{"rendered":"<p>Arad\u0131\u011f\u0131n Kad\u0131n Stra\u0131ght F\u0131t Y\u00fcksek Bel Uzun Jean Y\u0131kamal\u0131 Pantolon uygun fiyatla ve b\u00fcy\u00fck beden se\u00e7ene\u011fi ile DeFacto&#8217;da. Stra\u0131ght F\u0131t Y\u00fcksek Bel Uzun Jean Y\u0131kamal\u0131 Pantolon i\u00e7in hemen t\u0131kla!<\/p>\n<p>\u2014 Technical Details \u2014<br \/>\nmodel_measurements: Modelin \u00d6l\u00e7\u00fcleri 36 Beden \u2013 1,74cm \u2013 84\/61\/91<br \/>\nsample_size: 36<br \/>\norigin: TR<br \/>\nproduct_group: Kad\u0131n Jean Pantolon<br \/>\nfit: Stra\u0131ght F\u0131t<br \/>\nwash_detail: Y\u0131kamal\u0131<br \/>\ngender: Kad\u0131n<br \/>\nwaist_detail: Y\u00fcksek Bel<br \/>\ncolor: Mavi<\/p>\n","protected":false},"excerpt":{"rendered":"<p>Arad\u0131\u011f\u0131n Kad\u0131n Stra\u0131ght F\u0131t Y\u00fcksek Bel Uzun Jean Y\u0131kamal\u0131 Pantolon uygun fiyatla ve b\u00fcy\u00fck beden se\u00e7ene\u011fi ile DeFacto&#8217;da. Stra\u0131ght F\u0131t Y\u00fcksek Bel Uzun Jean Y\u0131kamal\u0131 Pantolon i\u00e7in hemen t\u0131kla! \u2014 Technical Details \u2014 model_measurements: Modelin \u00d6l\u00e7\u00fcleri 36 Beden \u2013 1,74cm \u2013 84\/61\/91 sample_size: 36 origin: TR product_group: Kad\u0131n Jean Pantolon fit: Stra\u0131ght F\u0131t wash_detail: Y\u0131kamal\u0131 [&hellip;]<\/p>\n","protected":false},"featured_media":186894,"comment_status":"open","ping_status":"closed","template":"","meta":[],"product_brand":[],"product_cat":[1882],"product_tag":[12138,12137,12140,12139],"class_list":{"0":"post-186902","1":"product","2":"type-product","3":"status-publish","4":"has-post-thumbnail","6":"product_cat-alt-giyim","7":"product_tag-blue-straight-fit-high-waist-long-washed-denim-pants","8":"product_tag-blue-women-straight-fit-high-waist-long-washed-denim-pants","9":"product_tag-straight-fit-high-waist-long-washed-denim-pants","10":"product_tag-women-straight-fit-high-waist-long-washed-denim-pants","11":"pa_brand-defacto","12":"pa_color-mavi","13":"pa_size-7846","14":"pa_size-4698","15":"pa_size-4701","16":"pa_size-4706","17":"pa_size-4711","18":"pa_size-4713","20":"first","21":"instock","22":"shipping-taxable","23":"purchasable","24":"product-type-variable"},"_links":{"self":[{"href":"https:\/\/mod.wisdar.net\/tr\/wp-json\/wp\/v2\/product\/186902","targetHints":{"allow":["GET"]}}],"collection":[{"href":"https:\/\/mod.wisdar.net\/tr\/wp-json\/wp\/v2\/product"}],"about":[{"href":"https:\/\/mod.wisdar.net\/tr\/wp-json\/wp\/v2\/types\/product"}],"replies":[{"embeddable":true,"href":"https:\/\/mod.wisdar.net\/tr\/wp-json\/wp\/v2\/comments?post=186902"}],"wp:featuredmedia":[{"embeddable":true,"href":"https:\/\/mod.wisdar.net\/tr\/wp-json\/wp\/v2\/media\/186894"}],"wp:attachment":[{"href":"https:\/\/mod.wisdar.net\/tr\/wp-json\/wp\/v2\/media?parent=186902"}],"wp:term":[{"taxonomy":"product_brand","embeddable":true,"href":"https:\/\/mod.wisdar.net\/tr\/wp-json\/wp\/v2\/product_brand?post=186902"},{"taxonomy":"product_cat","embeddable":true,"href":"https:\/\/mod.wisdar.net\/tr\/wp-json\/wp\/v2\/product_cat?post=186902"},{"taxonomy":"product_tag","embeddable":true,"href":"https:\/\/mod.wisdar.net\/tr\/wp-json\/wp\/v2\/product_tag?post=186902"}],"curies":[{"name":"wp","href":"https:\/\/api.w.org\/{rel}","templated":true}]}}