{"id":186946,"date":"2026-03-30T14:40:26","date_gmt":"2026-03-30T14:40:26","guid":{"rendered":"https:\/\/modesthanim.com\/product\/%100-pamuk-barrel-fit-yuksek-bel-jean-pantolon\/"},"modified":"2026-03-30T15:01:39","modified_gmt":"2026-03-30T15:01:39","slug":"%100-pamuk-barrel-fit-yuksek-bel-jean-pantolon","status":"publish","type":"product","link":"https:\/\/mod.wisdar.net\/tr\/urun\/%100-pamuk-barrel-fit-yuksek-bel-jean-pantolon\/","title":{"rendered":"%100 Pamuk Barrel F\u0131t Y\u00fcksek Bel Jean Pantolon"},"content":{"rendered":"<p>Arad\u0131\u011f\u0131n\u0131z Kad\u0131n %100 Pamuk Barrel F\u0131t Y\u00fcksek Bel Jean Pantolon, uygun fiyat ve geni\u015f beden se\u00e7enekleriyle DeFacto&#8217;da. %100 Pamuk Barrel F\u0131t Y\u00fcksek Bel Jean Pantolon i\u00e7in hemen al\u0131\u015fveri\u015fe ba\u015flay\u0131n!<\/p>\n","protected":false},"excerpt":{"rendered":"<p>Arad\u0131\u011f\u0131n\u0131z Kad\u0131n %100 Pamuk Barrel F\u0131t Y\u00fcksek Bel Jean Pantolon, uygun fiyat ve geni\u015f beden se\u00e7enekleriyle DeFacto&#8217;da. %100 Pamuk Barrel F\u0131t Y\u00fcksek Bel Jean Pantolon i\u00e7in hemen al\u0131\u015fveri\u015fe ba\u015flay\u0131n!<\/p>\n","protected":false},"featured_media":186937,"comment_status":"open","ping_status":"closed","template":"","meta":[],"product_brand":[],"product_cat":[1882],"product_tag":[12144,12143,12142,12141],"class_list":{"0":"post-186946","1":"product","2":"type-product","3":"status-publish","4":"has-post-thumbnail","6":"product_cat-alt-giyim","7":"product_tag-0-pamuk-barrel-fit-yuksek-bel-jean-pantolon","8":"product_tag-kadin-0-pamuk-barrel-fit-yuksek-bel-jean-pantolon","9":"product_tag-mavi-0-pamuk-barrel-fit-yuksek-bel-jean-pantolon","10":"product_tag-mavi-kadin-0-pamuk-barrel-fit-yuksek-bel-jean-pantolon","11":"pa_brand-defacto","12":"pa_color-mavi-siyah","13":"pa_size-4698","14":"pa_size-4701","15":"pa_size-4706","16":"pa_size-4711","17":"pa_size-4713","18":"pa_size-4751","20":"first","21":"instock","22":"shipping-taxable","23":"purchasable","24":"product-type-variable"},"_links":{"self":[{"href":"https:\/\/mod.wisdar.net\/tr\/wp-json\/wp\/v2\/product\/186946","targetHints":{"allow":["GET"]}}],"collection":[{"href":"https:\/\/mod.wisdar.net\/tr\/wp-json\/wp\/v2\/product"}],"about":[{"href":"https:\/\/mod.wisdar.net\/tr\/wp-json\/wp\/v2\/types\/product"}],"replies":[{"embeddable":true,"href":"https:\/\/mod.wisdar.net\/tr\/wp-json\/wp\/v2\/comments?post=186946"}],"wp:featuredmedia":[{"embeddable":true,"href":"https:\/\/mod.wisdar.net\/tr\/wp-json\/wp\/v2\/media\/186937"}],"wp:attachment":[{"href":"https:\/\/mod.wisdar.net\/tr\/wp-json\/wp\/v2\/media?parent=186946"}],"wp:term":[{"taxonomy":"product_brand","embeddable":true,"href":"https:\/\/mod.wisdar.net\/tr\/wp-json\/wp\/v2\/product_brand?post=186946"},{"taxonomy":"product_cat","embeddable":true,"href":"https:\/\/mod.wisdar.net\/tr\/wp-json\/wp\/v2\/product_cat?post=186946"},{"taxonomy":"product_tag","embeddable":true,"href":"https:\/\/mod.wisdar.net\/tr\/wp-json\/wp\/v2\/product_tag?post=186946"}],"curies":[{"name":"wp","href":"https:\/\/api.w.org\/{rel}","templated":true}]}}