{"id":187019,"date":"2026-03-30T14:42:56","date_gmt":"2026-03-30T14:42:56","guid":{"rendered":"https:\/\/modesthanim.com\/product\/barrel-fit-yuksek-bel-bilek-boy-jean-yikamali-pantolon\/"},"modified":"2026-04-15T22:16:19","modified_gmt":"2026-04-15T22:16:19","slug":"barrel-fit-yuksek-bel-bilek-boy-jean-yikamali-pantolon","status":"publish","type":"product","link":"https:\/\/mod.wisdar.net\/tr\/urun\/barrel-fit-yuksek-bel-bilek-boy-jean-yikamali-pantolon\/","title":{"rendered":"Barrel F\u0131t Y\u00fcksek Bel Bilek Boy Jean Y\u0131kamal\u0131 Pantolon"},"content":{"rendered":"<p>Barrel Fit Y\u00fcksek Bel Bilek Boy Jean Y\u0131kamal\u0131 Pantolon, modern y\u00fcksek bel tasar\u0131m\u0131 ve bilek boy kesimiyle tarz\u0131n\u0131z\u0131 \u00f6n plana \u00e7\u0131kar\u0131r. Y\u0131kamal\u0131 detaylar\u0131, jean\u2019e \u00f6zg\u00fcn bir karakter kazand\u0131r\u0131rken, rahat kesimi g\u00fcn boyu konfor sunar. Hem g\u00fcndelik hem de \u015f\u0131k kombinler i\u00e7in ideal bir se\u00e7im.<\/p>\n<p>\u2014 Technical Details \u2014<br \/>\nBel Detay\u0131: Y\u00fcksek Bel<br \/>\nRenk: Mavi<br \/>\nCinsiyet: Kad\u0131n<br \/>\nY\u0131kama Detay\u0131: Y\u0131kamal\u0131<br \/>\n\u00dcr\u00fcn Boyu: Bilek Boy<br \/>\nMarka: Defacto<br \/>\nMen\u015fei: TR<br \/>\n\u00dcr\u00fcn Grubu: Kad\u0131n Jean Pantolon<\/p>\n","protected":false},"excerpt":{"rendered":"<p>Barrel Fit Y\u00fcksek Bel Bilek Boy Jean Y\u0131kamal\u0131 Pantolon, modern y\u00fcksek bel tasar\u0131m\u0131 ve bilek boy kesimiyle tarz\u0131n\u0131z\u0131 \u00f6n plana \u00e7\u0131kar\u0131r. Y\u0131kamal\u0131 detaylar\u0131, jean\u2019e \u00f6zg\u00fcn bir karakter kazand\u0131r\u0131rken, rahat kesimi g\u00fcn boyu konfor sunar. Hem g\u00fcndelik hem de \u015f\u0131k kombinler i\u00e7in ideal bir se\u00e7im. \u2014 Technical Details \u2014 Bel Detay\u0131: Y\u00fcksek Bel Renk: Mavi Cinsiyet: [&hellip;]<\/p>\n","protected":false},"featured_media":187009,"comment_status":"open","ping_status":"closed","template":"","meta":[],"product_brand":[],"product_cat":[1882],"product_tag":[12149,12147,12146,12148],"class_list":{"0":"post-187019","1":"product","2":"type-product","3":"status-publish","4":"has-post-thumbnail","6":"product_cat-alt-giyim","7":"product_tag-barrel-fit-high-waist-ankle-length-washed-jeans","8":"product_tag-blue-barrel-fit-high-waist-ankle-length-washed-jeans","9":"product_tag-blue-women-barrel-fit-high-waist-ankle-length-washed-jeans","10":"product_tag-women-barrel-fit-high-waist-ankle-length-washed-jeans","11":"pa_brand-defacto","12":"pa_color-mavi","13":"pa_size-7846","14":"pa_size-4698","15":"pa_size-4701","16":"pa_size-4706","17":"pa_size-4711","18":"pa_size-4713","19":"pa_size-4751","20":"pa_size-4749","22":"first","23":"instock","24":"sale","25":"shipping-taxable","26":"purchasable","27":"product-type-variable"},"_links":{"self":[{"href":"https:\/\/mod.wisdar.net\/tr\/wp-json\/wp\/v2\/product\/187019","targetHints":{"allow":["GET"]}}],"collection":[{"href":"https:\/\/mod.wisdar.net\/tr\/wp-json\/wp\/v2\/product"}],"about":[{"href":"https:\/\/mod.wisdar.net\/tr\/wp-json\/wp\/v2\/types\/product"}],"replies":[{"embeddable":true,"href":"https:\/\/mod.wisdar.net\/tr\/wp-json\/wp\/v2\/comments?post=187019"}],"wp:featuredmedia":[{"embeddable":true,"href":"https:\/\/mod.wisdar.net\/tr\/wp-json\/wp\/v2\/media\/187009"}],"wp:attachment":[{"href":"https:\/\/mod.wisdar.net\/tr\/wp-json\/wp\/v2\/media?parent=187019"}],"wp:term":[{"taxonomy":"product_brand","embeddable":true,"href":"https:\/\/mod.wisdar.net\/tr\/wp-json\/wp\/v2\/product_brand?post=187019"},{"taxonomy":"product_cat","embeddable":true,"href":"https:\/\/mod.wisdar.net\/tr\/wp-json\/wp\/v2\/product_cat?post=187019"},{"taxonomy":"product_tag","embeddable":true,"href":"https:\/\/mod.wisdar.net\/tr\/wp-json\/wp\/v2\/product_tag?post=187019"}],"curies":[{"name":"wp","href":"https:\/\/api.w.org\/{rel}","templated":true}]}}