{"id":187040,"date":"2026-03-30T14:43:14","date_gmt":"2026-03-30T14:43:14","guid":{"rendered":"https:\/\/modesthanim.com\/product\/barrel-fit-yuksek-bel-bilek-boy-jean-yikamali-pantolon-2\/"},"modified":"2026-03-30T15:07:07","modified_gmt":"2026-03-30T15:07:07","slug":"barrel-fit-yuksek-bel-bilek-boy-jean-yikamali-pantolon-2","status":"publish","type":"product","link":"https:\/\/mod.wisdar.net\/tr\/urun\/barrel-fit-yuksek-bel-bilek-boy-jean-yikamali-pantolon-2\/","title":{"rendered":"Barrel Fit Y\u00fcksek Bel Bilek Boy Jean Y\u0131kamal\u0131 Pantolon"},"content":{"rendered":"<p>Arad\u0131\u011f\u0131n\u0131z Kad\u0131n Barrel Fit Y\u00fcksek Bel Bilek Boy Jean Y\u0131kamal\u0131 Pantolon, uygun fiyat ve geni\u015f beden se\u00e7enekleriyle DeFacto&#8217;da. Bu \u015f\u0131k ve rahat pantolon i\u00e7in hemen al\u0131\u015fveri\u015fe ba\u015flay\u0131n!<\/p>\n","protected":false},"excerpt":{"rendered":"<p>Arad\u0131\u011f\u0131n\u0131z Kad\u0131n Barrel Fit Y\u00fcksek Bel Bilek Boy Jean Y\u0131kamal\u0131 Pantolon, uygun fiyat ve geni\u015f beden se\u00e7enekleriyle DeFacto&#8217;da. Bu \u015f\u0131k ve rahat pantolon i\u00e7in hemen al\u0131\u015fveri\u015fe ba\u015flay\u0131n!<\/p>\n","protected":false},"featured_media":187029,"comment_status":"open","ping_status":"closed","template":"","meta":[],"product_brand":[],"product_cat":[1882],"product_tag":[12153,12152,12151,12150],"class_list":{"0":"post-187040","1":"product","2":"type-product","3":"status-publish","4":"has-post-thumbnail","6":"product_cat-alt-giyim","7":"product_tag-barrel-fit-yuksek-bel-bilek-boy-jean-yikamali-pantolon","8":"product_tag-kadin-barrel-fit-yuksek-bel-bilek-boy-jean-yikamali-pantolon","9":"product_tag-mavi-barrel-fit-yuksek-bel-bilek-boy-jean-yikamali-pantolon","10":"product_tag-mavi-kadin-barrel-fit-yuksek-bel-bilek-boy-jean-yikamali-pantolon","11":"pa_brand-defacto","12":"pa_color-koyu-mavi","13":"pa_size-4698","14":"pa_size-4701","15":"pa_size-4706","16":"pa_size-4711","17":"pa_size-4713","18":"pa_size-4751","20":"first","21":"instock","22":"sale","23":"shipping-taxable","24":"purchasable","25":"product-type-variable"},"_links":{"self":[{"href":"https:\/\/mod.wisdar.net\/tr\/wp-json\/wp\/v2\/product\/187040","targetHints":{"allow":["GET"]}}],"collection":[{"href":"https:\/\/mod.wisdar.net\/tr\/wp-json\/wp\/v2\/product"}],"about":[{"href":"https:\/\/mod.wisdar.net\/tr\/wp-json\/wp\/v2\/types\/product"}],"replies":[{"embeddable":true,"href":"https:\/\/mod.wisdar.net\/tr\/wp-json\/wp\/v2\/comments?post=187040"}],"wp:featuredmedia":[{"embeddable":true,"href":"https:\/\/mod.wisdar.net\/tr\/wp-json\/wp\/v2\/media\/187029"}],"wp:attachment":[{"href":"https:\/\/mod.wisdar.net\/tr\/wp-json\/wp\/v2\/media?parent=187040"}],"wp:term":[{"taxonomy":"product_brand","embeddable":true,"href":"https:\/\/mod.wisdar.net\/tr\/wp-json\/wp\/v2\/product_brand?post=187040"},{"taxonomy":"product_cat","embeddable":true,"href":"https:\/\/mod.wisdar.net\/tr\/wp-json\/wp\/v2\/product_cat?post=187040"},{"taxonomy":"product_tag","embeddable":true,"href":"https:\/\/mod.wisdar.net\/tr\/wp-json\/wp\/v2\/product_tag?post=187040"}],"curies":[{"name":"wp","href":"https:\/\/api.w.org\/{rel}","templated":true}]}}