{"id":187130,"date":"2026-03-30T14:45:24","date_gmt":"2026-03-30T14:45:24","guid":{"rendered":"https:\/\/modesthanim.com\/product\/baggy-fit-yuksek-bel-katlamali-paca-jean-yikamali-pantolon\/"},"modified":"2026-03-30T15:06:33","modified_gmt":"2026-03-30T15:06:33","slug":"baggy-fit-yuksek-bel-katlamali-paca-jean-yikamali-pantolon","status":"publish","type":"product","link":"https:\/\/mod.wisdar.net\/tr\/urun\/baggy-fit-yuksek-bel-katlamali-paca-jean-yikamali-pantolon\/","title":{"rendered":"Baggy F\u0131t Y\u00fcksek Bel Katlamal\u0131 Pa\u00e7a Jean Y\u0131kamal\u0131 Pantolon"},"content":{"rendered":"<p>Baggy Fit Y\u00fcksek Bel Katlamal\u0131 Pa\u00e7a Jean Y\u0131kamal\u0131 Pantolon, rahat baggy kesimi ve y\u00fcksek bel tasar\u0131m\u0131yla modern ve sala\u015f bir stil sunar. Katlamal\u0131 pa\u00e7a detay\u0131 ve y\u0131kamal\u0131 dokusu, g\u00fcnl\u00fck kombinlere dinamik bir hava katar. Hem konforlu hem trend bir g\u00f6r\u00fcn\u00fcm arayanlar i\u00e7in ideal bir par\u00e7ad\u0131r.<\/p>\n","protected":false},"excerpt":{"rendered":"<p>Baggy Fit Y\u00fcksek Bel Katlamal\u0131 Pa\u00e7a Jean Y\u0131kamal\u0131 Pantolon, rahat baggy kesimi ve y\u00fcksek bel tasar\u0131m\u0131yla modern ve sala\u015f bir stil sunar. Katlamal\u0131 pa\u00e7a detay\u0131 ve y\u0131kamal\u0131 dokusu, g\u00fcnl\u00fck kombinlere dinamik bir hava katar. Hem konforlu hem trend bir g\u00f6r\u00fcn\u00fcm arayanlar i\u00e7in ideal bir par\u00e7ad\u0131r.<\/p>\n","protected":false},"featured_media":187117,"comment_status":"open","ping_status":"closed","template":"","meta":[],"product_brand":[],"product_cat":[1882],"product_tag":[7848,4905,7650],"class_list":{"0":"post-187130","1":"product","2":"type-product","3":"status-publish","4":"has-post-thumbnail","6":"product_cat-alt-giyim","7":"product_tag-baggy-fit","8":"product_tag-blue","9":"product_tag-yuksek-bel-3","10":"pa_brand-defacto","11":"pa_color-mavi","12":"pa_size-4698","13":"pa_size-4701","14":"pa_size-4706","15":"pa_size-4711","16":"pa_size-4713","17":"pa_size-4751","18":"pa_size-4749","20":"first","21":"instock","22":"sale","23":"shipping-taxable","24":"purchasable","25":"product-type-variable"},"_links":{"self":[{"href":"https:\/\/mod.wisdar.net\/tr\/wp-json\/wp\/v2\/product\/187130","targetHints":{"allow":["GET"]}}],"collection":[{"href":"https:\/\/mod.wisdar.net\/tr\/wp-json\/wp\/v2\/product"}],"about":[{"href":"https:\/\/mod.wisdar.net\/tr\/wp-json\/wp\/v2\/types\/product"}],"replies":[{"embeddable":true,"href":"https:\/\/mod.wisdar.net\/tr\/wp-json\/wp\/v2\/comments?post=187130"}],"wp:featuredmedia":[{"embeddable":true,"href":"https:\/\/mod.wisdar.net\/tr\/wp-json\/wp\/v2\/media\/187117"}],"wp:attachment":[{"href":"https:\/\/mod.wisdar.net\/tr\/wp-json\/wp\/v2\/media?parent=187130"}],"wp:term":[{"taxonomy":"product_brand","embeddable":true,"href":"https:\/\/mod.wisdar.net\/tr\/wp-json\/wp\/v2\/product_brand?post=187130"},{"taxonomy":"product_cat","embeddable":true,"href":"https:\/\/mod.wisdar.net\/tr\/wp-json\/wp\/v2\/product_cat?post=187130"},{"taxonomy":"product_tag","embeddable":true,"href":"https:\/\/mod.wisdar.net\/tr\/wp-json\/wp\/v2\/product_tag?post=187130"}],"curies":[{"name":"wp","href":"https:\/\/api.w.org\/{rel}","templated":true}]}}