{"id":187140,"date":"2026-03-30T14:45:25","date_gmt":"2026-03-30T14:45:25","guid":{"rendered":"https:\/\/modesthanim.com\/product\/baggy-fit-yuksek-bel-uzun-jean-pantolon\/"},"modified":"2026-04-11T09:21:08","modified_gmt":"2026-04-11T09:21:08","slug":"baggy-fit-yuksek-bel-uzun-jean-pantolon","status":"publish","type":"product","link":"https:\/\/mod.wisdar.net\/tr\/urun\/baggy-fit-yuksek-bel-uzun-jean-pantolon\/","title":{"rendered":"Baggy F\u0131t Y\u00fcksek Bel Uzun Jean Pantolon"},"content":{"rendered":"<p>Arad\u0131\u011f\u0131n Kad\u0131n Baggy F\u0131t Y\u00fcksek Bel Uzun Jean Pantolon uygun fiyatla ve b\u00fcy\u00fck beden se\u00e7ene\u011fi ile DeFacto&#8217;da. Baggy F\u0131t Y\u00fcksek Bel Uzun Jean Pantolon i\u00e7in hemen t\u0131kla!<\/p>\n<p>\u2014 Technical Details \u2014<br \/>\nKal\u0131p: Baggy F\u0131t<br \/>\nRenk: Siyah<br \/>\nBel Detay\u0131: Y\u00fcksek Bel<br \/>\nCinsiyet: Kad\u0131n<br \/>\nMarka: Defacto<br \/>\nMen\u015fei: TR<br \/>\n\u00dcr\u00fcn Grubu: Kad\u0131n Jean Pantolon<\/p>\n","protected":false},"excerpt":{"rendered":"<p>Arad\u0131\u011f\u0131n Kad\u0131n Baggy F\u0131t Y\u00fcksek Bel Uzun Jean Pantolon uygun fiyatla ve b\u00fcy\u00fck beden se\u00e7ene\u011fi ile DeFacto&#8217;da. Baggy F\u0131t Y\u00fcksek Bel Uzun Jean Pantolon i\u00e7in hemen t\u0131kla! \u2014 Technical Details \u2014 Kal\u0131p: Baggy F\u0131t Renk: Siyah Bel Detay\u0131: Y\u00fcksek Bel Cinsiyet: Kad\u0131n Marka: Defacto Men\u015fei: TR \u00dcr\u00fcn Grubu: Kad\u0131n Jean Pantolon<\/p>\n","protected":false},"featured_media":187119,"comment_status":"open","ping_status":"closed","template":"","meta":[],"product_brand":[],"product_cat":[1882],"product_tag":[12157,12155,12154,12156],"class_list":{"0":"post-187140","1":"product","2":"type-product","3":"status-publish","4":"has-post-thumbnail","6":"product_cat-alt-giyim","7":"product_tag-baggy-fit-high-waist-long-jeans","8":"product_tag-black-baggy-fit-high-waist-long-jeans","9":"product_tag-black-women-baggy-fit-high-waist-long-jeans","10":"product_tag-women-baggy-fit-high-waist-long-jeans","11":"pa_brand-defacto","12":"pa_color-siyah","13":"pa_size-7846","14":"pa_size-4698","15":"pa_size-4701","16":"pa_size-4706","17":"pa_size-4711","18":"pa_size-4713","19":"pa_size-4751","20":"pa_size-4749","22":"first","23":"instock","24":"sale","25":"shipping-taxable","26":"purchasable","27":"product-type-variable"},"_links":{"self":[{"href":"https:\/\/mod.wisdar.net\/tr\/wp-json\/wp\/v2\/product\/187140","targetHints":{"allow":["GET"]}}],"collection":[{"href":"https:\/\/mod.wisdar.net\/tr\/wp-json\/wp\/v2\/product"}],"about":[{"href":"https:\/\/mod.wisdar.net\/tr\/wp-json\/wp\/v2\/types\/product"}],"replies":[{"embeddable":true,"href":"https:\/\/mod.wisdar.net\/tr\/wp-json\/wp\/v2\/comments?post=187140"}],"wp:featuredmedia":[{"embeddable":true,"href":"https:\/\/mod.wisdar.net\/tr\/wp-json\/wp\/v2\/media\/187119"}],"wp:attachment":[{"href":"https:\/\/mod.wisdar.net\/tr\/wp-json\/wp\/v2\/media?parent=187140"}],"wp:term":[{"taxonomy":"product_brand","embeddable":true,"href":"https:\/\/mod.wisdar.net\/tr\/wp-json\/wp\/v2\/product_brand?post=187140"},{"taxonomy":"product_cat","embeddable":true,"href":"https:\/\/mod.wisdar.net\/tr\/wp-json\/wp\/v2\/product_cat?post=187140"},{"taxonomy":"product_tag","embeddable":true,"href":"https:\/\/mod.wisdar.net\/tr\/wp-json\/wp\/v2\/product_tag?post=187140"}],"curies":[{"name":"wp","href":"https:\/\/api.w.org\/{rel}","templated":true}]}}