{"id":187231,"date":"2026-03-30T14:47:58","date_gmt":"2026-03-30T14:47:58","guid":{"rendered":"https:\/\/modesthanim.com\/product\/regular-fit-kusakli-blazer-ceket\/"},"modified":"2026-03-30T15:07:41","modified_gmt":"2026-03-30T15:07:41","slug":"regular-fit-kusakli-blazer-ceket","status":"publish","type":"product","link":"https:\/\/mod.wisdar.net\/tr\/urun\/regular-fit-kusakli-blazer-ceket\/","title":{"rendered":"Regular F\u0131t Ku\u015fakl\u0131 Blazer Ceket"},"content":{"rendered":"<p>Regular Fit Ku\u015fakl\u0131 Blazer Ceket, \u015f\u0131k ve modern tasar\u0131m\u0131yla profesyonel ve g\u00fcnl\u00fck kombinlere sofistike bir dokunu\u015f katar. Ku\u015fak detay\u0131 ve rahat kesimi sayesinde hem \u015f\u0131k hem de konforlu bir kullan\u0131m sunar.<\/p>\n<p>\u2014 Technical Details \u2014<br \/>\nKal\u0131p: Regular F\u0131t<br \/>\nKapama Detay\u0131: Kemerli<br \/>\nCinsiyet: Kad\u0131n<br \/>\nYaka: Ceket Yaka<br \/>\nKol Boyu: Uzun Kollu<br \/>\nPa\u00e7a Detay: D\u00fcz Pa\u00e7a<br \/>\nModel \u00d6l\u00e7\u00fcleri: 36 Beden \u2013 1,78cm \u2013 89\/63\/92<br \/>\nNumune Bedeni: 36<br \/>\nMarka: Defacto<br \/>\nMen\u015fei: TR<br \/>\n\u00dcr\u00fcn Grubu: Kad\u0131n Ceket<\/p>\n","protected":false},"excerpt":{"rendered":"<p>Regular Fit Ku\u015fakl\u0131 Blazer Ceket, \u015f\u0131k ve modern tasar\u0131m\u0131yla profesyonel ve g\u00fcnl\u00fck kombinlere sofistike bir dokunu\u015f katar. Ku\u015fak detay\u0131 ve rahat kesimi sayesinde hem \u015f\u0131k hem de konforlu bir kullan\u0131m sunar. \u2014 Technical Details \u2014 Kal\u0131p: Regular F\u0131t Kapama Detay\u0131: Kemerli Cinsiyet: Kad\u0131n Yaka: Ceket Yaka Kol Boyu: Uzun Kollu Pa\u00e7a Detay: D\u00fcz Pa\u00e7a Model [&hellip;]<\/p>\n","protected":false},"featured_media":187218,"comment_status":"open","ping_status":"closed","template":"","meta":[],"product_brand":[],"product_cat":[2050],"product_tag":[12161,12159,12165,12163],"class_list":{"0":"post-187231","1":"product","2":"type-product","3":"status-publish","4":"has-post-thumbnail","6":"product_cat-blazer-ceketler","7":"product_tag-pink-regular-fit-belted-blazer-jacket","8":"product_tag-pink-womens-regular-fit-belted-blazer-jacket","9":"product_tag-regular-fit-belted-blazer-jacket","10":"product_tag-womens-regular-fit-belted-blazer-jacket","11":"pa_brand-defacto","12":"pa_color-pembe","13":"pa_size-4698","14":"pa_size-4701","15":"pa_size-4706","16":"pa_size-4711","17":"pa_size-4713","19":"first","20":"instock","21":"sale","22":"shipping-taxable","23":"purchasable","24":"product-type-variable"},"_links":{"self":[{"href":"https:\/\/mod.wisdar.net\/tr\/wp-json\/wp\/v2\/product\/187231","targetHints":{"allow":["GET"]}}],"collection":[{"href":"https:\/\/mod.wisdar.net\/tr\/wp-json\/wp\/v2\/product"}],"about":[{"href":"https:\/\/mod.wisdar.net\/tr\/wp-json\/wp\/v2\/types\/product"}],"replies":[{"embeddable":true,"href":"https:\/\/mod.wisdar.net\/tr\/wp-json\/wp\/v2\/comments?post=187231"}],"wp:featuredmedia":[{"embeddable":true,"href":"https:\/\/mod.wisdar.net\/tr\/wp-json\/wp\/v2\/media\/187218"}],"wp:attachment":[{"href":"https:\/\/mod.wisdar.net\/tr\/wp-json\/wp\/v2\/media?parent=187231"}],"wp:term":[{"taxonomy":"product_brand","embeddable":true,"href":"https:\/\/mod.wisdar.net\/tr\/wp-json\/wp\/v2\/product_brand?post=187231"},{"taxonomy":"product_cat","embeddable":true,"href":"https:\/\/mod.wisdar.net\/tr\/wp-json\/wp\/v2\/product_cat?post=187231"},{"taxonomy":"product_tag","embeddable":true,"href":"https:\/\/mod.wisdar.net\/tr\/wp-json\/wp\/v2\/product_tag?post=187231"}],"curies":[{"name":"wp","href":"https:\/\/api.w.org\/{rel}","templated":true}]}}