{"id":187239,"date":"2026-03-30T14:48:00","date_gmt":"2026-03-30T14:48:00","guid":{"rendered":"https:\/\/modesthanim.com\/product\/balloon-fit-dik-yaka-poplin-ceket\/"},"modified":"2026-04-11T05:51:06","modified_gmt":"2026-04-11T05:51:06","slug":"balloon-fit-dik-yaka-poplin-ceket","status":"publish","type":"product","link":"https:\/\/mod.wisdar.net\/tr\/urun\/balloon-fit-dik-yaka-poplin-ceket\/","title":{"rendered":"Balloon F\u0131t Dik Yaka Poplin Ceket"},"content":{"rendered":"<p>Balloon Fit Dik Yaka Poplin Ceket, modern ve rahat kesimiyle stilinize g\u00fc\u00e7l\u00fc bir dokunu\u015f katar. Hafif poplin kuma\u015f\u0131 sayesinde g\u00fcn boyu konfor sunarken, dik yaka detay\u0131yla \u015f\u0131k ve zamans\u0131z bir g\u00f6r\u00fcn\u00fcm sa\u011flar. G\u00fcnl\u00fck kombinlerden ofis stiline kadar her an\u0131n\u0131za uyum sa\u011flar.<\/p>\n<p>\u2014 Technical Details \u2014<br \/>\nCep ve Fermuar Detay\u0131: Fermuarl\u0131<br \/>\nRenk: Ekru<br \/>\nKol Boyu: Uzun Kollu<br \/>\nKal\u0131p: Balloon F\u0131t<br \/>\nKuma\u015f: Poplin<br \/>\nKol Detay\u0131: Balon Kollu<br \/>\nYaka: Dik Yaka<br \/>\nKapama Detay\u0131: Fermuarl\u0131<br \/>\nCinsiyet: Kad\u0131n<br \/>\nPa\u00e7a Detay: D\u00fcz Pa\u00e7a<\/p>\n","protected":false},"excerpt":{"rendered":"<p>Balloon Fit Dik Yaka Poplin Ceket, modern ve rahat kesimiyle stilinize g\u00fc\u00e7l\u00fc bir dokunu\u015f katar. Hafif poplin kuma\u015f\u0131 sayesinde g\u00fcn boyu konfor sunarken, dik yaka detay\u0131yla \u015f\u0131k ve zamans\u0131z bir g\u00f6r\u00fcn\u00fcm sa\u011flar. G\u00fcnl\u00fck kombinlerden ofis stiline kadar her an\u0131n\u0131za uyum sa\u011flar. \u2014 Technical Details \u2014 Cep ve Fermuar Detay\u0131: Fermuarl\u0131 Renk: Ekru Kol Boyu: Uzun [&hellip;]<\/p>\n","protected":false},"featured_media":187220,"comment_status":"open","ping_status":"closed","template":"","meta":[],"product_brand":[],"product_cat":[2044],"product_tag":[12164,12160,12158,12162],"class_list":{"0":"post-187239","1":"product","2":"type-product","3":"status-publish","4":"has-post-thumbnail","6":"product_cat-ceketler","7":"product_tag-balloon-fit-stand-collar-poplin-jacket","8":"product_tag-ecru-balloon-fit-stand-collar-poplin-jacket","9":"product_tag-ecru-women-balloon-fit-stand-collar-poplin-jacket","10":"product_tag-women-balloon-fit-stand-collar-poplin-jacket","11":"pa_brand-defacto","12":"pa_color-ekru","13":"pa_size-4698","14":"pa_size-4701","15":"pa_size-4706","16":"pa_size-4711","17":"pa_size-4713","19":"first","20":"instock","21":"sale","22":"shipping-taxable","23":"purchasable","24":"product-type-variable"},"_links":{"self":[{"href":"https:\/\/mod.wisdar.net\/tr\/wp-json\/wp\/v2\/product\/187239","targetHints":{"allow":["GET"]}}],"collection":[{"href":"https:\/\/mod.wisdar.net\/tr\/wp-json\/wp\/v2\/product"}],"about":[{"href":"https:\/\/mod.wisdar.net\/tr\/wp-json\/wp\/v2\/types\/product"}],"replies":[{"embeddable":true,"href":"https:\/\/mod.wisdar.net\/tr\/wp-json\/wp\/v2\/comments?post=187239"}],"wp:featuredmedia":[{"embeddable":true,"href":"https:\/\/mod.wisdar.net\/tr\/wp-json\/wp\/v2\/media\/187220"}],"wp:attachment":[{"href":"https:\/\/mod.wisdar.net\/tr\/wp-json\/wp\/v2\/media?parent=187239"}],"wp:term":[{"taxonomy":"product_brand","embeddable":true,"href":"https:\/\/mod.wisdar.net\/tr\/wp-json\/wp\/v2\/product_brand?post=187239"},{"taxonomy":"product_cat","embeddable":true,"href":"https:\/\/mod.wisdar.net\/tr\/wp-json\/wp\/v2\/product_cat?post=187239"},{"taxonomy":"product_tag","embeddable":true,"href":"https:\/\/mod.wisdar.net\/tr\/wp-json\/wp\/v2\/product_tag?post=187239"}],"curies":[{"name":"wp","href":"https:\/\/api.w.org\/{rel}","templated":true}]}}